{"id":4683,"date":"2022-11-14T14:42:46","date_gmt":"2022-11-14T13:42:46","guid":{"rendered":"https:\/\/antcube.shop\/produkt\/antcube-rote-folie-40x20-filter\/"},"modified":"2026-04-09T09:31:53","modified_gmt":"2026-04-09T07:31:53","slug":"antcube-rote-folie-40x20-filtr","status":"publish","type":"product","link":"https:\/\/antcube.shop\/cs\/produkt\/antcube-rote-folie-40x20-filtr\/","title":{"rendered":"ANTCUBE - \u010cerven\u00e1 f\u00f3lie 40\u00d720 - Filtr"},"content":{"rendered":"<p><strong>Rozm\u011bry:<\/strong> 39x16 cm<\/p>\n<p><strong>Materi\u00e1l:<\/strong> PVC<\/p>\n<p><strong>Popis:<\/strong> \u010cerven\u00e1 pr\u016fhledn\u00e1 f\u00f3lie slou\u017e\u00ed k tomu, aby mravenci m\u011bli pocit, \u017ee jsou v podzem\u00ed. Proto doporu\u010dujeme pou\u017e\u00edt tento p\u0159\u00edpravek alespo\u0148 \u010d\u00e1ste\u010dn\u011b v oblasti hn\u00edzda. P\u0159esto m\u016f\u017eete mravence v hn\u00edzd\u011b dob\u0159e pozorovat. P\u0159esn\u011b st\u0159i\u017een\u00e1 pro ANTCUBE \"Mraven\u010d\u00ed farma 40x20cm S\/M\/L - stoj\u00edc\u00ed\".<\/p>\n<p>Tato filtra\u010dn\u00ed f\u00f3lie m\u00e1 lep\u0161\u00ed sv\u011bteln\u00fd filtra\u010dn\u00ed \u00fa\u010dinek ne\u017e b\u011b\u017en\u00e1 kryc\u00ed f\u00f3lie. Teplotn\u00ed odolnost do 180 \u00b0C<\/p>\n<p>Filtra\u010dn\u00ed f\u00f3lie dr\u017e\u00ed p\u0159i lehk\u00e9m stla\u010den\u00ed i sama na farm\u011b nebo v oblasti hn\u00edzda. Alternativn\u011b je k upevn\u011bn\u00ed vhodn\u00e1 pr\u016fhledn\u00e1 lepic\u00ed p\u00e1ska. Sta\u010d\u00ed ji upevnit dv\u011bma mal\u00fdmi prou\u017eky v horn\u00edch roz\u00edch, aby bylo mo\u017en\u00e9 f\u00f3lii pozd\u011bji zvednout a z\u00edskat tak lep\u0161\u00ed v\u00fdhled do prostoru hn\u00edzda.<\/p>","protected":false},"excerpt":{"rendered":"<p>Rozm\u011bry: Materi\u00e1l: 39x19cm Popis: Materi\u00e1l: PVC: \u010cerven\u00e1 pr\u016fhledn\u00e1 f\u00f3lie slou\u017e\u00ed k tomu, aby mravenci m\u011bli pocit, \u017ee jsou v podzem\u00ed. Proto doporu\u010dujeme pou\u017e\u00edt tento v\u00fdrobek alespo\u0148 \u010d\u00e1ste\u010dn\u011b v prostoru hn\u00edzda. P\u0159esto m\u016f\u017eete mravence v hn\u00edzd\u011b dob\u0159e pozorovat. P\u0159esn\u011b st\u0159i\u017een\u00e1 pro ANTCUBE \"Mraven\u010d\u00ed farma 40x20cm S\/M\/L - stoj\u00edc\u00ed\". Tato filtra\u010dn\u00ed f\u00f3lie","protected":false},"featured_media":5105,"comment_status":"open","ping_status":"closed","template":"","meta":{"_acf_changed":false,"content-type":"","_monsterinsights_skip_tracking":false,"_monsterinsights_sitenote_active":false,"_monsterinsights_sitenote_note":"","_monsterinsights_sitenote_category":0},"product_brand":[],"product_cat":[239],"product_tag":[],"class_list":{"0":"post-4683","1":"product","2":"type-product","3":"status-publish","4":"has-post-thumbnail","6":"product_cat-useful-additions","8":"first","9":"instock","10":"taxable","11":"shipping-taxable","12":"purchasable","13":"product-type-simple"},"acf":[],"aioseo_notices":[],"jetpack_sharing_enabled":true,"_links":{"self":[{"href":"https:\/\/antcube.shop\/cs\/wp-json\/wp\/v2\/product\/4683","targetHints":{"allow":["GET"]}}],"collection":[{"href":"https:\/\/antcube.shop\/cs\/wp-json\/wp\/v2\/product"}],"about":[{"href":"https:\/\/antcube.shop\/cs\/wp-json\/wp\/v2\/types\/product"}],"replies":[{"embeddable":true,"href":"https:\/\/antcube.shop\/cs\/wp-json\/wp\/v2\/comments?post=4683"}],"wp:featuredmedia":[{"embeddable":true,"href":"https:\/\/antcube.shop\/cs\/wp-json\/wp\/v2\/media\/5105"}],"wp:attachment":[{"href":"https:\/\/antcube.shop\/cs\/wp-json\/wp\/v2\/media?parent=4683"}],"wp:term":[{"taxonomy":"product_brand","embeddable":true,"href":"https:\/\/antcube.shop\/cs\/wp-json\/wp\/v2\/product_brand?post=4683"},{"taxonomy":"product_cat","embeddable":true,"href":"https:\/\/antcube.shop\/cs\/wp-json\/wp\/v2\/product_cat?post=4683"},{"taxonomy":"product_tag","embeddable":true,"href":"https:\/\/antcube.shop\/cs\/wp-json\/wp\/v2\/product_tag?post=4683"}],"curies":[{"name":"wp","href":"https:\/\/api.w.org\/{rel}","templated":true}]}}