{"id":4679,"date":"2022-11-14T14:41:41","date_gmt":"2022-11-14T13:41:41","guid":{"rendered":"https:\/\/antcube.shop\/produkt\/lehmfarbe-beige-100ml\/"},"modified":"2026-04-11T13:18:12","modified_gmt":"2026-04-11T11:18:12","slug":"lehmfarbe-beige-100ml","status":"publish","type":"product","link":"https:\/\/antcube.shop\/cs\/produkt\/lehmfarbe-beige-100ml\/","title":{"rendered":"Hlin\u011bn\u00e1 barva - b\u00e9\u017eov\u00e1 - 100ml"},"content":{"rendered":"<p><strong>Mno\u017estv\u00ed:<\/strong> 100 ml<\/p>\n<p><strong>Popis:<\/strong> Tato sm\u011bs je netoxick\u00e1 a relativn\u011b vod\u011bodoln\u00e1 na om\u00edtku a beton, ale jinak je rozpustn\u00e1 ve vod\u011b.<\/p>\n<p><strong>N\u00e1vod k pou\u017eit\u00ed:\u00a0<\/strong><br \/>\nTato sm\u011bs je p\u0159ipravena k pou\u017eit\u00ed a lze ji ihned nan\u00e1\u0161et \u0161t\u011btcem na om\u00edtku nebo p\u00f3robeton.<br \/>\n100 ml sta\u010d\u00ed na cca 1\/4 m\u00b2 p\u00f3robetonu nebo 1\/2 m\u00b2 om\u00edtky.<br \/>\nZa mokra lze povrch posypat nap\u0159\u00edklad p\u00edskem, a dos\u00e1hnout tak je\u0161t\u011b p\u0159irozen\u011bj\u0161\u00edho vzhledu.<\/p>\n<p>&nbsp;<\/p>\n<p>&nbsp;<\/p>","protected":false},"excerpt":{"rendered":"<p>Mno\u017estv\u00ed: Popis: 100ml Tato sm\u011bs je netoxick\u00e1 a relativn\u011b vod\u011bodoln\u00e1 na om\u00edtku a beton, ale jinak je rozpustn\u00e1 ve vod\u011b. N\u00e1vod k pou\u017eit\u00ed: Tato sm\u011bs je p\u0159ipravena k pou\u017eit\u00ed a m\u016f\u017ee b\u00fdt okam\u017eit\u011b aplikov\u00e1na \u0161t\u011btcem na om\u00edtku nebo p\u00f3robeton. 100 ml sta\u010d\u00ed na cca 1\/4 m\u00b2 p\u00f3robetonu nebo 1\/2 m\u00b2 om\u00edtky. Kdy\u017e","protected":false},"featured_media":5004,"comment_status":"open","ping_status":"closed","template":"","meta":{"_acf_changed":false,"content-type":"","_monsterinsights_skip_tracking":false,"_monsterinsights_sitenote_active":false,"_monsterinsights_sitenote_note":"","_monsterinsights_sitenote_category":0},"product_brand":[],"product_cat":[237],"product_tag":[],"class_list":{"0":"post-4679","1":"product","2":"type-product","3":"status-publish","4":"has-post-thumbnail","6":"product_cat-tools","8":"first","9":"instock","10":"taxable","11":"shipping-taxable","12":"purchasable","13":"product-type-simple"},"acf":[],"aioseo_notices":[],"jetpack_sharing_enabled":true,"_links":{"self":[{"href":"https:\/\/antcube.shop\/cs\/wp-json\/wp\/v2\/product\/4679","targetHints":{"allow":["GET"]}}],"collection":[{"href":"https:\/\/antcube.shop\/cs\/wp-json\/wp\/v2\/product"}],"about":[{"href":"https:\/\/antcube.shop\/cs\/wp-json\/wp\/v2\/types\/product"}],"replies":[{"embeddable":true,"href":"https:\/\/antcube.shop\/cs\/wp-json\/wp\/v2\/comments?post=4679"}],"wp:featuredmedia":[{"embeddable":true,"href":"https:\/\/antcube.shop\/cs\/wp-json\/wp\/v2\/media\/5004"}],"wp:attachment":[{"href":"https:\/\/antcube.shop\/cs\/wp-json\/wp\/v2\/media?parent=4679"}],"wp:term":[{"taxonomy":"product_brand","embeddable":true,"href":"https:\/\/antcube.shop\/cs\/wp-json\/wp\/v2\/product_brand?post=4679"},{"taxonomy":"product_cat","embeddable":true,"href":"https:\/\/antcube.shop\/cs\/wp-json\/wp\/v2\/product_cat?post=4679"},{"taxonomy":"product_tag","embeddable":true,"href":"https:\/\/antcube.shop\/cs\/wp-json\/wp\/v2\/product_tag?post=4679"}],"curies":[{"name":"wp","href":"https:\/\/api.w.org\/{rel}","templated":true}]}}