{"id":4678,"date":"2022-11-14T14:41:24","date_gmt":"2022-11-14T13:41:24","guid":{"rendered":"https:\/\/antcube.shop\/produkt\/klebefilm-glasklar\/"},"modified":"2026-04-13T09:29:49","modified_gmt":"2026-04-13T07:29:49","slug":"klebefilm-glasklar","status":"publish","type":"product","link":"https:\/\/antcube.shop\/cs\/produkt\/klebefilm-glasklar\/","title":{"rendered":"K\u0159i\u0161\u0165\u00e1lov\u011b \u010dir\u00e1 lepic\u00ed f\u00f3lie"},"content":{"rendered":"<p><strong>Rozm\u011bry (Dx\u0160xV):<\/strong> 10m x19 mm<\/p>\n<p><strong>Materi\u00e1l:<\/strong> polypropylen<\/p>\n<p><strong>Barva:<\/strong> k\u0159i\u0161\u0165\u00e1lov\u011b \u010dist\u00fd \/ pr\u016fhledn\u00fd<\/p>\n<p><strong>Obsah:<\/strong><br \/>\n1x role lepic\u00ed f\u00f3lie<\/p>\n<p><strong>Popis:<\/strong><br \/>\nIde\u00e1ln\u00ed pro p\u0159ipevn\u011bn\u00ed \u010derven\u00e9 kryc\u00ed f\u00f3lie nebo zadn\u00ed st\u011bny pro fotografie k formik\u00e1riu.<br \/>\nM\u00e1 vysokou odolnost proti st\u00e1rnut\u00ed, je velmi odoln\u00fd proti roztr\u017een\u00ed a m\u00e1 silnou p\u0159ilnavost.<br \/>\nVhodn\u00e9 tak\u00e9 k lepen\u00ed sklen\u011bn\u00fdch tabul\u00ed.<\/p>\n<p><strong>Pou\u017eit\u00ed:<\/strong><br \/>\nLepic\u00ed p\u00e1sku lze st\u0159\u00edhat n\u016f\u017ekami nebo \u0159ezac\u00edm no\u017eem.<br \/>\nP\u0159ipevn\u011bte kryc\u00ed f\u00f3lii nebo fotografii zp\u011bt na sklo formik\u00e1ria a pot\u00e9 ji p\u0159ipevn\u011bte pomoc\u00ed lepic\u00ed p\u00e1sky.<\/p>","protected":false},"excerpt":{"rendered":"<p>Rozm\u011bry (Dx\u0160xV): 10m x19 mm Materi\u00e1l: polypropylen Barva: k\u0159i\u0161\u0165\u00e1lov\u011b \u010dir\u00e1 \/ pr\u016fhledn\u00e1 Obsah: Obsah: 1x role samolepic\u00ed f\u00f3lie Popis: Ide\u00e1ln\u00ed pro p\u0159ipevn\u011bn\u00ed \u010derven\u00e9 kryc\u00ed f\u00f3lie nebo zadn\u00ed st\u011bny s fotografi\u00ed na formik\u00e1rium. M\u00e1 vysokou odolnost proti st\u00e1rnut\u00ed, je velmi odoln\u00e1 proti roztr\u017een\u00ed a m\u00e1 silnou lepic\u00ed s\u00edlu. Vhodn\u00e1 tak\u00e9 k lepen\u00ed sklen\u011bn\u00fdch tabul\u00ed. Pou\u017eit\u00ed: Vhodn\u00fd k v\u00fdrob\u011b a mont\u00e1\u017ei sklen\u011bn\u00fdch f\u00f3li\u00ed:","protected":false},"featured_media":5007,"comment_status":"open","ping_status":"closed","template":"","meta":{"_acf_changed":false,"content-type":"","_monsterinsights_skip_tracking":false,"_monsterinsights_sitenote_active":false,"_monsterinsights_sitenote_note":"","_monsterinsights_sitenote_category":0},"product_brand":[],"product_cat":[237],"product_tag":[],"class_list":{"0":"post-4678","1":"product","2":"type-product","3":"status-publish","4":"has-post-thumbnail","6":"product_cat-tools","8":"first","9":"instock","10":"taxable","11":"shipping-taxable","12":"purchasable","13":"product-type-simple"},"acf":[],"aioseo_notices":[],"jetpack_sharing_enabled":true,"_links":{"self":[{"href":"https:\/\/antcube.shop\/cs\/wp-json\/wp\/v2\/product\/4678","targetHints":{"allow":["GET"]}}],"collection":[{"href":"https:\/\/antcube.shop\/cs\/wp-json\/wp\/v2\/product"}],"about":[{"href":"https:\/\/antcube.shop\/cs\/wp-json\/wp\/v2\/types\/product"}],"replies":[{"embeddable":true,"href":"https:\/\/antcube.shop\/cs\/wp-json\/wp\/v2\/comments?post=4678"}],"wp:featuredmedia":[{"embeddable":true,"href":"https:\/\/antcube.shop\/cs\/wp-json\/wp\/v2\/media\/5007"}],"wp:attachment":[{"href":"https:\/\/antcube.shop\/cs\/wp-json\/wp\/v2\/media?parent=4678"}],"wp:term":[{"taxonomy":"product_brand","embeddable":true,"href":"https:\/\/antcube.shop\/cs\/wp-json\/wp\/v2\/product_brand?post=4678"},{"taxonomy":"product_cat","embeddable":true,"href":"https:\/\/antcube.shop\/cs\/wp-json\/wp\/v2\/product_cat?post=4678"},{"taxonomy":"product_tag","embeddable":true,"href":"https:\/\/antcube.shop\/cs\/wp-json\/wp\/v2\/product_tag?post=4678"}],"curies":[{"name":"wp","href":"https:\/\/api.w.org\/{rel}","templated":true}]}}