{"id":4675,"date":"2022-11-14T14:40:37","date_gmt":"2022-11-14T13:40:37","guid":{"rendered":"https:\/\/antcube.shop\/produkt\/zapfen-klein-20-stuck\/"},"modified":"2026-03-23T10:47:47","modified_gmt":"2026-03-23T09:47:47","slug":"kuzely-male-20-kusu","status":"publish","type":"product","link":"https:\/\/antcube.shop\/cs\/produkt\/kuzely-male-20-kusu\/","title":{"rendered":"ku\u017eely - mal\u00e9 - 20 kus\u016f"},"content":{"rendered":"<p><strong>Rozm\u011bry (Dx\u0160xV):<\/strong> cca 20 x 10 x 10 mm<\/p>\n<p><strong>Materi\u00e1l:<\/strong> Ol\u0161ov\u00e1 \u0161i\u0161ka - p\u0159\u00edrodn\u00ed produkt<\/p>\n<p><strong>Barva:<\/strong> Tmav\u011b hn\u011bd\u00e1 a\u017e \u010dern\u00e1<\/p>\n<p><strong>Popis:<\/strong> Su\u0161en\u00e9 \u0161i\u0161ky pro dekorativn\u00ed \u00fa\u010dely<\/p>\n<p><strong>Pozn\u00e1mka:<\/strong> Jeliko\u017e se jedn\u00e1 o p\u0159\u00edrodn\u00ed produkt, velikost, tvar a barva se mohou od obr\u00e1zku m\u00edrn\u011b li\u0161it.<\/p>","protected":false},"excerpt":{"rendered":"<p><strong>Velikost:<\/strong>\u00a020 x 10 x 10 mm<\/p>","protected":false},"featured_media":5016,"comment_status":"open","ping_status":"closed","template":"","meta":{"_acf_changed":false,"content-type":"","_monsterinsights_skip_tracking":false,"_monsterinsights_sitenote_active":false,"_monsterinsights_sitenote_note":"","_monsterinsights_sitenote_category":0},"product_brand":[],"product_cat":[98,101],"product_tag":[],"class_list":{"0":"post-4675","1":"product","2":"type-product","3":"status-publish","4":"has-post-thumbnail","6":"product_cat-decoration","7":"product_cat-forest","9":"first","10":"instock","11":"taxable","12":"shipping-taxable","13":"purchasable","14":"product-type-simple"},"acf":[],"aioseo_notices":[],"jetpack_sharing_enabled":true,"_links":{"self":[{"href":"https:\/\/antcube.shop\/cs\/wp-json\/wp\/v2\/product\/4675","targetHints":{"allow":["GET"]}}],"collection":[{"href":"https:\/\/antcube.shop\/cs\/wp-json\/wp\/v2\/product"}],"about":[{"href":"https:\/\/antcube.shop\/cs\/wp-json\/wp\/v2\/types\/product"}],"replies":[{"embeddable":true,"href":"https:\/\/antcube.shop\/cs\/wp-json\/wp\/v2\/comments?post=4675"}],"wp:featuredmedia":[{"embeddable":true,"href":"https:\/\/antcube.shop\/cs\/wp-json\/wp\/v2\/media\/5016"}],"wp:attachment":[{"href":"https:\/\/antcube.shop\/cs\/wp-json\/wp\/v2\/media?parent=4675"}],"wp:term":[{"taxonomy":"product_brand","embeddable":true,"href":"https:\/\/antcube.shop\/cs\/wp-json\/wp\/v2\/product_brand?post=4675"},{"taxonomy":"product_cat","embeddable":true,"href":"https:\/\/antcube.shop\/cs\/wp-json\/wp\/v2\/product_cat?post=4675"},{"taxonomy":"product_tag","embeddable":true,"href":"https:\/\/antcube.shop\/cs\/wp-json\/wp\/v2\/product_tag?post=4675"}],"curies":[{"name":"wp","href":"https:\/\/api.w.org\/{rel}","templated":true}]}}