{"id":4669,"date":"2022-11-14T14:38:57","date_gmt":"2022-11-14T13:38:57","guid":{"rendered":"https:\/\/antcube.shop\/produkt\/fotoruckwand-wald-40x20-quer\/"},"modified":"2026-01-12T12:35:28","modified_gmt":"2026-01-12T11:35:28","slug":"foto-zadni-stena-les-40x20-krajina","status":"publish","type":"product","link":"https:\/\/antcube.shop\/cs\/produkt\/foto-zadni-stena-les-40x20-krajina\/","title":{"rendered":"Fotost\u011bna - Forest - 20\u00d710 - krajina"},"content":{"rendered":"<p><strong>Rozm\u011bry:<\/strong> 40x20 cm<\/p>\n<p><strong>Materi\u00e1l:<\/strong> Leskl\u00fd f\u00f3liov\u00fd pap\u00edr<\/p>\n<p><strong>Obsah:<\/strong> 1x zadn\u00ed st\u011bna pro fotografie<\/p>\n<p><strong>Popis:<\/strong> Tato zadn\u00ed st\u011bna s fotografi\u00ed je nalepena na zadn\u00ed stranu formik\u00e1ria zven\u010d\u00ed, aby vytv\u00e1\u0159ela dojem prost\u0159ed\u00ed, kter\u00e9 odpov\u00edd\u00e1 p\u0159irozen\u00e9mu prost\u0159ed\u00ed mravenc\u016f.<\/p>","protected":false},"excerpt":{"rendered":"<p>Materi\u00e1l: Leskl\u00fd f\u00f3liov\u00fd pap\u00edr<\/p>","protected":false},"featured_media":5025,"comment_status":"open","ping_status":"closed","template":"","meta":{"_acf_changed":false,"content-type":"","_monsterinsights_skip_tracking":false,"_monsterinsights_sitenote_active":false,"_monsterinsights_sitenote_note":"","_monsterinsights_sitenote_category":0},"product_brand":[],"product_cat":[97,105],"product_tag":[],"class_list":{"0":"post-4669","1":"product","2":"type-product","3":"status-publish","4":"has-post-thumbnail","6":"product_cat-photo-backwalls","7":"product_cat-forest-photo-backwall","9":"first","10":"instock","11":"taxable","12":"shipping-taxable","13":"purchasable","14":"product-type-simple"},"acf":[],"aioseo_notices":[],"jetpack_sharing_enabled":true,"_links":{"self":[{"href":"https:\/\/antcube.shop\/cs\/wp-json\/wp\/v2\/product\/4669","targetHints":{"allow":["GET"]}}],"collection":[{"href":"https:\/\/antcube.shop\/cs\/wp-json\/wp\/v2\/product"}],"about":[{"href":"https:\/\/antcube.shop\/cs\/wp-json\/wp\/v2\/types\/product"}],"replies":[{"embeddable":true,"href":"https:\/\/antcube.shop\/cs\/wp-json\/wp\/v2\/comments?post=4669"}],"wp:featuredmedia":[{"embeddable":true,"href":"https:\/\/antcube.shop\/cs\/wp-json\/wp\/v2\/media\/5025"}],"wp:attachment":[{"href":"https:\/\/antcube.shop\/cs\/wp-json\/wp\/v2\/media?parent=4669"}],"wp:term":[{"taxonomy":"product_brand","embeddable":true,"href":"https:\/\/antcube.shop\/cs\/wp-json\/wp\/v2\/product_brand?post=4669"},{"taxonomy":"product_cat","embeddable":true,"href":"https:\/\/antcube.shop\/cs\/wp-json\/wp\/v2\/product_cat?post=4669"},{"taxonomy":"product_tag","embeddable":true,"href":"https:\/\/antcube.shop\/cs\/wp-json\/wp\/v2\/product_tag?post=4669"}],"curies":[{"name":"wp","href":"https:\/\/api.w.org\/{rel}","templated":true}]}}