{"id":4668,"date":"2022-11-14T14:38:40","date_gmt":"2022-11-14T13:38:40","guid":{"rendered":"https:\/\/antcube.shop\/produkt\/fotoruckwand-wald-30x30-cube\/"},"modified":"2026-03-18T13:10:28","modified_gmt":"2026-03-18T12:10:28","slug":"foto-zadni-stena-les-30x30-kostka","status":"publish","type":"product","link":"https:\/\/antcube.shop\/cs\/produkt\/foto-zadni-stena-les-30x30-kostka\/","title":{"rendered":"Fotost\u011bna - Forest - 30\u00d730 - Cube"},"content":{"rendered":"<p><strong>Rozm\u011bry:<\/strong> 30x30cm<\/p>\n<p><strong>Materi\u00e1l:<\/strong> Leskl\u00fd f\u00f3liov\u00fd pap\u00edr<\/p>\n<p><strong>Obsah:<\/strong> 1x zadn\u00ed st\u011bna pro fotografie<\/p>\n<p><strong>Popis:<\/strong> Tato zadn\u00ed st\u011bna s fotografi\u00ed je nalepena na zadn\u00ed stranu formik\u00e1ria zven\u010d\u00ed, aby vytv\u00e1\u0159ela dojem prost\u0159ed\u00ed, kter\u00e9 odpov\u00edd\u00e1 p\u0159irozen\u00e9mu prost\u0159ed\u00ed mravenc\u016f.<\/p>","protected":false},"excerpt":{"rendered":"<p>Materi\u00e1l: Leskl\u00fd f\u00f3liov\u00fd pap\u00edr<\/p>","protected":false},"featured_media":3135,"comment_status":"open","ping_status":"closed","template":"","meta":{"_acf_changed":false,"content-type":"","_monsterinsights_skip_tracking":false,"_monsterinsights_sitenote_active":false,"_monsterinsights_sitenote_note":"","_monsterinsights_sitenote_category":0},"product_brand":[],"product_cat":[97,105],"product_tag":[],"class_list":{"0":"post-4668","1":"product","2":"type-product","3":"status-publish","4":"has-post-thumbnail","6":"product_cat-photo-backwalls","7":"product_cat-forest-photo-backwall","9":"first","10":"instock","11":"taxable","12":"shipping-taxable","13":"purchasable","14":"product-type-simple"},"acf":[],"aioseo_notices":[],"jetpack_sharing_enabled":true,"_links":{"self":[{"href":"https:\/\/antcube.shop\/cs\/wp-json\/wp\/v2\/product\/4668","targetHints":{"allow":["GET"]}}],"collection":[{"href":"https:\/\/antcube.shop\/cs\/wp-json\/wp\/v2\/product"}],"about":[{"href":"https:\/\/antcube.shop\/cs\/wp-json\/wp\/v2\/types\/product"}],"replies":[{"embeddable":true,"href":"https:\/\/antcube.shop\/cs\/wp-json\/wp\/v2\/comments?post=4668"}],"wp:featuredmedia":[{"embeddable":true,"href":"https:\/\/antcube.shop\/cs\/wp-json\/wp\/v2\/media\/3135"}],"wp:attachment":[{"href":"https:\/\/antcube.shop\/cs\/wp-json\/wp\/v2\/media?parent=4668"}],"wp:term":[{"taxonomy":"product_brand","embeddable":true,"href":"https:\/\/antcube.shop\/cs\/wp-json\/wp\/v2\/product_brand?post=4668"},{"taxonomy":"product_cat","embeddable":true,"href":"https:\/\/antcube.shop\/cs\/wp-json\/wp\/v2\/product_cat?post=4668"},{"taxonomy":"product_tag","embeddable":true,"href":"https:\/\/antcube.shop\/cs\/wp-json\/wp\/v2\/product_tag?post=4668"}],"curies":[{"name":"wp","href":"https:\/\/api.w.org\/{rel}","templated":true}]}}