{"id":4661,"date":"2022-11-14T14:36:42","date_gmt":"2022-11-14T13:36:42","guid":{"rendered":"https:\/\/antcube.shop\/produkt\/spruhflasche-sprayer-05-liter-messingduse\/"},"modified":"2026-03-19T13:38:58","modified_gmt":"2026-03-19T12:38:58","slug":"postrikovaci-lahev-rozprasovac-mosazna-tryska","status":"publish","type":"product","link":"https:\/\/antcube.shop\/cs\/produkt\/postrikovaci-lahev-rozprasovac-mosazna-tryska\/","title":{"rendered":"Rozpra\u0161ova\u010d 0,5 litru - mosazn\u00e1 tryska"},"content":{"rendered":"<p><strong>Rozm\u011bry:<\/strong> v\u00fd\u0161ka: 22 cm, objem: 0,50 litru<\/p>\n<p><strong>Barva:<\/strong> B\u00edl\u00e1<\/p>\n<p><strong>Popis:<\/strong> PVC rozpra\u0161ova\u010d s mosaznou tryskou - ide\u00e1ln\u00ed pro ru\u010dn\u00ed zvlh\u010dov\u00e1n\u00ed formik\u00e1ria.<\/p>","protected":false},"excerpt":{"rendered":"<p>Rozm\u011bry: v\u00fd\u0161ka: 22 cm, objem: 0,50 litru Barva: b\u00edl\u00e1 Popis: Rozpra\u0161ovac\u00ed l\u00e1hev z PVC s mosaznou tryskou - ide\u00e1ln\u00ed pro ru\u010dn\u00ed zvlh\u010dov\u00e1n\u00ed formik\u00e1ria.<\/p>","protected":false},"featured_media":4827,"comment_status":"open","ping_status":"closed","template":"","meta":{"_acf_changed":false,"content-type":"","_monsterinsights_skip_tracking":false,"_monsterinsights_sitenote_active":false,"_monsterinsights_sitenote_note":"","_monsterinsights_sitenote_category":0},"product_brand":[],"product_cat":[237],"product_tag":[],"class_list":{"0":"post-4661","1":"product","2":"type-product","3":"status-publish","4":"has-post-thumbnail","6":"product_cat-tools","8":"first","9":"instock","10":"taxable","11":"shipping-taxable","12":"purchasable","13":"product-type-simple"},"acf":[],"aioseo_notices":[],"jetpack_sharing_enabled":true,"_links":{"self":[{"href":"https:\/\/antcube.shop\/cs\/wp-json\/wp\/v2\/product\/4661","targetHints":{"allow":["GET"]}}],"collection":[{"href":"https:\/\/antcube.shop\/cs\/wp-json\/wp\/v2\/product"}],"about":[{"href":"https:\/\/antcube.shop\/cs\/wp-json\/wp\/v2\/types\/product"}],"replies":[{"embeddable":true,"href":"https:\/\/antcube.shop\/cs\/wp-json\/wp\/v2\/comments?post=4661"}],"wp:featuredmedia":[{"embeddable":true,"href":"https:\/\/antcube.shop\/cs\/wp-json\/wp\/v2\/media\/4827"}],"wp:attachment":[{"href":"https:\/\/antcube.shop\/cs\/wp-json\/wp\/v2\/media?parent=4661"}],"wp:term":[{"taxonomy":"product_brand","embeddable":true,"href":"https:\/\/antcube.shop\/cs\/wp-json\/wp\/v2\/product_brand?post=4661"},{"taxonomy":"product_cat","embeddable":true,"href":"https:\/\/antcube.shop\/cs\/wp-json\/wp\/v2\/product_cat?post=4661"},{"taxonomy":"product_tag","embeddable":true,"href":"https:\/\/antcube.shop\/cs\/wp-json\/wp\/v2\/product_tag?post=4661"}],"curies":[{"name":"wp","href":"https:\/\/api.w.org\/{rel}","templated":true}]}}