{"id":4660,"date":"2022-11-14T14:36:25","date_gmt":"2022-11-14T13:36:25","guid":{"rendered":"https:\/\/antcube.shop\/produkt\/wassergel-500ml-gebrauchsfertig\/"},"modified":"2026-04-13T09:31:59","modified_gmt":"2026-04-13T07:31:59","slug":"wassergel-500ml-gebrauchsfertig","status":"publish","type":"product","link":"https:\/\/antcube.shop\/cs\/produkt\/wassergel-500ml-gebrauchsfertig\/","title":{"rendered":"Vodn\u00ed gel 500 ml - p\u0159ipraven\u00fd k pou\u017eit\u00ed"},"content":{"rendered":"<p><strong>Obsah:<\/strong> 500 ml<\/p>\n<p><strong>Popis:<\/strong> Vodn\u00ed gel je voda ve form\u011b gelu, a proto se velmi snadno a flexibiln\u011b pou\u017e\u00edv\u00e1. Nepot\u0159ebujete misku na vodu, kterou by zv\u00ed\u0159ata mohla u\u0161pinit a utopit se v n\u00ed, ale p\u0159esto jim m\u016f\u017eete t\u00edmto gelem zajistit dostate\u010dnou vlhkost. Vodn\u00ed gel lze pou\u017e\u00edt i ke krmen\u00ed zv\u00ed\u0159at, kter\u00e9 je udr\u017e\u00ed d\u00e9le na\u017eivu.<\/p>","protected":false},"excerpt":{"rendered":"<p>Obsah: Obsahuje 500 ml Popis: Vodn\u00ed gel je voda ve form\u011b gelu, a proto se velmi snadno a flexibiln\u011b pou\u017e\u00edv\u00e1. Nepot\u0159ebujete misku na vodu, kterou by zv\u00ed\u0159ata mohla u\u0161pinit a utopit se v n\u00ed, ale p\u0159esto jim m\u016f\u017eete t\u00edmto gelem zajistit dostate\u010dnou vlhkost. Vodn\u00ed gel lze pou\u017e\u00edt tak\u00e9 ke krmen\u00ed zv\u00ed\u0159at,","protected":false},"featured_media":5038,"comment_status":"open","ping_status":"closed","template":"","meta":{"_acf_changed":false,"content-type":"","_monsterinsights_skip_tracking":false,"_monsterinsights_sitenote_active":false,"_monsterinsights_sitenote_note":"","_monsterinsights_sitenote_category":0},"product_brand":[],"product_cat":[115,116],"product_tag":[],"class_list":{"0":"post-4660","1":"product","2":"type-product","3":"status-publish","4":"has-post-thumbnail","6":"product_cat-food-and-feeding","7":"product_cat-food","9":"first","10":"instock","11":"taxable","12":"shipping-taxable","13":"purchasable","14":"product-type-simple"},"acf":[],"aioseo_notices":[],"jetpack_sharing_enabled":true,"_links":{"self":[{"href":"https:\/\/antcube.shop\/cs\/wp-json\/wp\/v2\/product\/4660","targetHints":{"allow":["GET"]}}],"collection":[{"href":"https:\/\/antcube.shop\/cs\/wp-json\/wp\/v2\/product"}],"about":[{"href":"https:\/\/antcube.shop\/cs\/wp-json\/wp\/v2\/types\/product"}],"replies":[{"embeddable":true,"href":"https:\/\/antcube.shop\/cs\/wp-json\/wp\/v2\/comments?post=4660"}],"wp:featuredmedia":[{"embeddable":true,"href":"https:\/\/antcube.shop\/cs\/wp-json\/wp\/v2\/media\/5038"}],"wp:attachment":[{"href":"https:\/\/antcube.shop\/cs\/wp-json\/wp\/v2\/media?parent=4660"}],"wp:term":[{"taxonomy":"product_brand","embeddable":true,"href":"https:\/\/antcube.shop\/cs\/wp-json\/wp\/v2\/product_brand?post=4660"},{"taxonomy":"product_cat","embeddable":true,"href":"https:\/\/antcube.shop\/cs\/wp-json\/wp\/v2\/product_cat?post=4660"},{"taxonomy":"product_tag","embeddable":true,"href":"https:\/\/antcube.shop\/cs\/wp-json\/wp\/v2\/product_tag?post=4660"}],"curies":[{"name":"wp","href":"https:\/\/api.w.org\/{rel}","templated":true}]}}