{"id":4656,"date":"2022-11-14T14:35:20","date_gmt":"2022-11-14T13:35:20","guid":{"rendered":"https:\/\/antcube.shop\/produkt\/regenwaldhonig-re-nachfullpack-10ml\/"},"modified":"2026-04-05T11:59:16","modified_gmt":"2026-04-05T09:59:16","slug":"rainforest-honey-refill-pack-10ml","status":"publish","type":"product","link":"https:\/\/antcube.shop\/cs\/produkt\/rainforest-honey-refill-pack-10ml\/","title":{"rendered":"Rainforest Honey (Re) - n\u00e1pl\u0148 10ml"},"content":{"rendered":"<p><strong>Obsah:<\/strong> 10 ml<\/p>\n<p><strong>Popis:<\/strong> Jedn\u00e1 se o \u010dist\u011b p\u0159\u00edrodn\u00ed produkt. Med poch\u00e1z\u00ed z de\u0161tn\u00fdch prales\u016f, a proto je ide\u00e1ln\u00ed pro mravence poch\u00e1zej\u00edc\u00ed z de\u0161tn\u00fdch prales\u016f.<\/p>\n<p><strong>Pou\u017eit\u00ed:<\/strong> Trubi\u010dku s potravou lze do formik\u00e1ria um\u00edstit celou, p\u0159\u00edpadn\u011b lze p\u0159id\u00e1vat men\u0161\u00ed mno\u017estv\u00ed do misky s potravou podle pot\u0159eby\/podle velikosti kolonie. Mno\u017estv\u00ed potravy by m\u011blo b\u00fdt spot\u0159ebov\u00e1no p\u0159ibli\u017en\u011b do 3 dn\u016f, jinak hroz\u00ed riziko vzniku pl\u00edsn\u00ed, a ze stejn\u00e9ho d\u016fvodu misku s potravou p\u0159ed dopln\u011bn\u00edm vy\u010dist\u011bte.<\/p>\n<p><strong>Pou\u017eit\u00ed:<\/strong><br \/>\nPou\u0161tn\u00ed med = pro medojedy (Meliphagidae).<br \/>\nJedn\u00e1 se o dopl\u0148kov\u00e9 krmivo (jednor\u00e1zov\u00e9 krmivo).<br \/>\nZv\u00ed\u0159at\u016fm ji lze nab\u00eddnout v dodan\u00e9m stavu. Vzhledem k tomu, \u017ee vlhkost sni\u017euje koncentraci cukru a za\u010d\u00edn\u00e1 proces kva\u0161en\u00ed, je t\u0159eba krmivo ka\u017ed\u00e9 3 dny vym\u011bnit. P\u0159ed op\u011btovn\u00fdm pou\u017eit\u00edm d\u016fkladn\u011b vy\u010dist\u011bte misku\/tu\u017eku s krmivem.<br \/>\nOtev\u0159en\u00e9 balen\u00ed by se m\u011blo pou\u017e\u00edvat t\u011bsn\u011b uzav\u0159en\u00e9 a\u017e do uveden\u00e9ho data pou\u017eitelnosti.<\/p>\n<p><strong>Obsahuje:<\/strong> Slo\u017een\u00ed medu obecn\u011b, pom\u011bry se li\u0161\u00ed v z\u00e1vislosti na druhu medu.<br \/>\n- p\u0159ibli\u017en\u011b 38 % ovocn\u00e9ho cukru (frukt\u00f3zy)<br \/>\n- p\u0159ibli\u017en\u011b 32 % dextr\u00f3zy (gluk\u00f3zy)<br \/>\n- cca 20 % vody<br \/>\n- cca 5 % v\u00edce cukr\u016f<br \/>\n- cca 5 vitam\u00edn\u016f % (B1, B2, B6, C, H)<br \/>\nMiner\u00e1ln\u00ed l\u00e1tky (drasl\u00edk, v\u00e1pn\u00edk, m\u011b\u010f, \u017eelezo, sod\u00edk, ho\u0159\u010d\u00edk, fosfor, zinek a dal\u0161\u00ed stopov\u00e9 prvky). Aminokyseliny (prolin, leucin, fenylalanin, alanin, histidin, isoleucin, kyselina glutamov\u00e1, arginin, kyselina asparagov\u00e1 atd.) Organick\u00e9 kyseliny Enzymy (fermenty)P\u0159\u00edchut\u011b Inhibiny (antibakteri\u00e1ln\u00ed l\u00e1tky) Kv\u011bty Pyl<\/p>\n<p><strong>Skladov\u00e1n\u00ed:<\/strong> aby byla zaji\u0161t\u011bna kvalita krmiva, m\u011blo by b\u00fdt skladov\u00e1no na tmav\u00e9m a such\u00e9m m\u00edst\u011b.<\/p>\n<p><strong>Upozorn\u011bn\u00ed:<\/strong><br \/>\nInformace o pou\u017eit\u00ed pod\u00e1vac\u00edch trubic naleznete zde: Odkaz<br \/>\nDopl\u0148kov\u00e9 krmivo pro mravence medojedy.<br \/>\nSlo\u017een\u00ed, analytick\u00e9 slo\u017eky, datum pou\u017eitelnosti a \u010d\u00edslo \u0161ar\u017ee naleznete v p\u0159\u00edbalov\u00e9m let\u00e1ku.<\/p>\n<p>Informa\u010dn\u00ed linka +49 30 439703870<\/p>\n<p>Odpov\u011bdn\u00fd org\u00e1n veterin\u00e1rn\u00edho a potravin\u00e1\u0159sk\u00e9ho dozoru:<br \/>\nVeterin\u00e1rn\u00ed kancel\u00e1\u0159 Steglitz<br \/>\nK\u00f6nigin-Luise-Str. 92<br \/>\n14195 Berl\u00edn<\/p>","protected":false},"excerpt":{"rendered":"<p>Dopl\u0148kov\u00e9 potraviny<\/p>","protected":false},"featured_media":5055,"comment_status":"open","ping_status":"closed","template":"","meta":{"_acf_changed":false,"content-type":"","_monsterinsights_skip_tracking":false,"_monsterinsights_sitenote_active":false,"_monsterinsights_sitenote_note":"","_monsterinsights_sitenote_category":0},"product_brand":[],"product_cat":[115,116],"product_tag":[],"class_list":{"0":"post-4656","1":"product","2":"type-product","3":"status-publish","4":"has-post-thumbnail","6":"product_cat-food-and-feeding","7":"product_cat-food","9":"first","10":"instock","11":"taxable","12":"shipping-taxable","13":"purchasable","14":"product-type-simple"},"acf":[],"aioseo_notices":[],"jetpack_sharing_enabled":true,"_links":{"self":[{"href":"https:\/\/antcube.shop\/cs\/wp-json\/wp\/v2\/product\/4656","targetHints":{"allow":["GET"]}}],"collection":[{"href":"https:\/\/antcube.shop\/cs\/wp-json\/wp\/v2\/product"}],"about":[{"href":"https:\/\/antcube.shop\/cs\/wp-json\/wp\/v2\/types\/product"}],"replies":[{"embeddable":true,"href":"https:\/\/antcube.shop\/cs\/wp-json\/wp\/v2\/comments?post=4656"}],"wp:featuredmedia":[{"embeddable":true,"href":"https:\/\/antcube.shop\/cs\/wp-json\/wp\/v2\/media\/5055"}],"wp:attachment":[{"href":"https:\/\/antcube.shop\/cs\/wp-json\/wp\/v2\/media?parent=4656"}],"wp:term":[{"taxonomy":"product_brand","embeddable":true,"href":"https:\/\/antcube.shop\/cs\/wp-json\/wp\/v2\/product_brand?post=4656"},{"taxonomy":"product_cat","embeddable":true,"href":"https:\/\/antcube.shop\/cs\/wp-json\/wp\/v2\/product_cat?post=4656"},{"taxonomy":"product_tag","embeddable":true,"href":"https:\/\/antcube.shop\/cs\/wp-json\/wp\/v2\/product_tag?post=4656"}],"curies":[{"name":"wp","href":"https:\/\/api.w.org\/{rel}","templated":true}]}}