{"id":4655,"date":"2022-11-14T14:35:04","date_gmt":"2022-11-14T13:35:04","guid":{"rendered":"https:\/\/antcube.shop\/produkt\/zucker-honiglosung-zh-nachfullpack-10ml\/"},"modified":"2026-04-05T19:45:34","modified_gmt":"2026-04-05T17:45:34","slug":"cukr-medovy-roztok-napln-baleni-10ml","status":"publish","type":"product","link":"https:\/\/antcube.shop\/cs\/produkt\/cukr-medovy-roztok-napln-baleni-10ml\/","title":{"rendered":"Roztok cukrov\u00e9ho medu (ZH) - n\u00e1pl\u0148 10 ml"},"content":{"rendered":"<p><strong>Obsah:<\/strong> 10 ml<\/p>\n<p><strong>Popis:<\/strong> Jedn\u00e1 se o v\u00fdrobek slo\u017een\u00fd z r\u016fzn\u00fdch sacharid\u016f (nap\u0159. medu a cukru).<\/p>\n<p><strong>Pou\u017eit\u00ed:<\/strong> Trubi\u010dku s potravou lze do formik\u00e1ria um\u00edstit celou, p\u0159\u00edpadn\u011b lze p\u0159id\u00e1vat men\u0161\u00ed mno\u017estv\u00ed do misky s potravou podle pot\u0159eby\/podle velikosti kolonie. Mno\u017estv\u00ed potravy by m\u011blo b\u00fdt spot\u0159ebov\u00e1no p\u0159ibli\u017en\u011b do 3 dn\u016f, jinak hroz\u00ed riziko vzniku pl\u00edsn\u00ed, a ze stejn\u00e9ho d\u016fvodu misku s potravou p\u0159ed dopln\u011bn\u00edm vy\u010dist\u011bte.<\/p>\n<p><strong>Pou\u017eit\u00ed:<\/strong><br \/>\nSacharidov\u00e1 potrava = pro druhy mravenc\u016f \u017eiv\u00edc\u00ed se cukrem\/medem<br \/>\nJedn\u00e1 se o dopl\u0148kov\u00e9 krmivo (krmnou sm\u011bs).<br \/>\nLze jej sm\u00edchat s kapkou vody a ve vlhk\u00e9m stavu vydr\u017e\u00ed 3 dny. P\u0159ed op\u011btovn\u00fdm pou\u017eit\u00edm d\u016fkladn\u011b vy\u010dist\u011bte krmnou misku\/tubu.<br \/>\nOtev\u0159en\u00e9 balen\u00ed by se m\u011blo pou\u017e\u00edvat t\u011bsn\u011b uzav\u0159en\u00e9 (pokud je skladov\u00e1no v suchu) a\u017e do uveden\u00e9ho data pou\u017eitelnosti.<\/p>\n<p><strong>Obsahuje:<\/strong><br \/>\nFrukt\u00f3za 27 a\u017e 44%,<br \/>\nGluk\u00f3za 22 a\u017e 41%,<br \/>\nSachar\u00f3za a\u017e 5%,<br \/>\nmalt\u00f3za 4 a\u017e 14%,<br \/>\ndal\u0161\u00ed v\u00edcen\u00e1sobn\u00e9 cukry 1 a\u017e 14%.<br \/>\n<strong>Tuk:<\/strong> 0g<br \/>\n<strong>Sacharidy:<\/strong> 92g<br \/>\n<strong>B\u00edlkoviny:<\/strong> 0g<br \/>\n<strong>S\u016fl:<\/strong> 0g<\/p>\n<p>Skladov\u00e1n\u00ed: pro zaji\u0161t\u011bn\u00ed kvality krmiva by m\u011blo b\u00fdt skladov\u00e1no na tmav\u00e9m a such\u00e9m m\u00edst\u011b.<\/p>\n<p><strong>Upozorn\u011bn\u00ed:<\/strong><br \/>\nInformace o pou\u017eit\u00ed pod\u00e1vac\u00edch trubic naleznete zde: Odkaz<br \/>\nSlo\u017een\u00ed, analytick\u00e9 slo\u017eky, datum pou\u017eitelnosti a \u010d\u00edslo \u0161ar\u017ee najdete v p\u0159\u00edbalov\u00e9m let\u00e1ku.<\/p>\n<p>Informa\u010dn\u00ed linka +49 30 439703870<\/p>\n<p>Odpov\u011bdn\u00fd org\u00e1n veterin\u00e1rn\u00edho a potravin\u00e1\u0159sk\u00e9ho dozoru:<br \/>\nVeterin\u00e1rn\u00ed kancel\u00e1\u0159 Steglitz<br \/>\nK\u00f6nigin-Luise-Str. 92<br \/>\n14195 Berl\u00edn<\/p>","protected":false},"excerpt":{"rendered":"<p>Dopl\u0148kov\u00e9 potraviny<\/p>","protected":false},"featured_media":5058,"comment_status":"open","ping_status":"closed","template":"","meta":{"_acf_changed":false,"content-type":"","_monsterinsights_skip_tracking":false,"_monsterinsights_sitenote_active":false,"_monsterinsights_sitenote_note":"","_monsterinsights_sitenote_category":0},"product_brand":[],"product_cat":[115,116],"product_tag":[],"class_list":{"0":"post-4655","1":"product","2":"type-product","3":"status-publish","4":"has-post-thumbnail","6":"product_cat-food-and-feeding","7":"product_cat-food","9":"first","10":"instock","11":"taxable","12":"shipping-taxable","13":"purchasable","14":"product-type-simple"},"acf":[],"aioseo_notices":[],"jetpack_sharing_enabled":true,"_links":{"self":[{"href":"https:\/\/antcube.shop\/cs\/wp-json\/wp\/v2\/product\/4655","targetHints":{"allow":["GET"]}}],"collection":[{"href":"https:\/\/antcube.shop\/cs\/wp-json\/wp\/v2\/product"}],"about":[{"href":"https:\/\/antcube.shop\/cs\/wp-json\/wp\/v2\/types\/product"}],"replies":[{"embeddable":true,"href":"https:\/\/antcube.shop\/cs\/wp-json\/wp\/v2\/comments?post=4655"}],"wp:featuredmedia":[{"embeddable":true,"href":"https:\/\/antcube.shop\/cs\/wp-json\/wp\/v2\/media\/5058"}],"wp:attachment":[{"href":"https:\/\/antcube.shop\/cs\/wp-json\/wp\/v2\/media?parent=4655"}],"wp:term":[{"taxonomy":"product_brand","embeddable":true,"href":"https:\/\/antcube.shop\/cs\/wp-json\/wp\/v2\/product_brand?post=4655"},{"taxonomy":"product_cat","embeddable":true,"href":"https:\/\/antcube.shop\/cs\/wp-json\/wp\/v2\/product_cat?post=4655"},{"taxonomy":"product_tag","embeddable":true,"href":"https:\/\/antcube.shop\/cs\/wp-json\/wp\/v2\/product_tag?post=4655"}],"curies":[{"name":"wp","href":"https:\/\/api.w.org\/{rel}","templated":true}]}}