{"id":4648,"date":"2022-11-14T14:33:14","date_gmt":"2022-11-14T13:33:14","guid":{"rendered":"https:\/\/antcube.shop\/produkt\/himbeerblatter-100g-getrocknet\/"},"modified":"2026-04-08T08:47:44","modified_gmt":"2026-04-08T06:47:44","slug":"malinove-listy-100-g-susene","status":"publish","type":"product","link":"https:\/\/antcube.shop\/cs\/produkt\/malinove-listy-100-g-susene\/","title":{"rendered":"Malinov\u00e9 listy 100 g - su\u0161en\u00e9"},"content":{"rendered":"<p><strong>Obsah:<\/strong><br \/>\n100 g su\u0161en\u00fdch malinov\u00fdch list\u016f<\/p>\n<p><strong>Popis:<\/strong><br \/>\nListy malin\u00edku jako \u017eivn\u00e1 p\u016fda pro houby p\u011bstuj\u00edc\u00ed druhy mravenc\u016f. Jedn\u00e1 se o \u010dist\u011b p\u0159\u00edrodn\u00ed produkt.<\/p>\n<p><strong>Pou\u017eit\u00ed:<\/strong><br \/>\nListy malin\u00edku = pro druhy mravenc\u016f, kte\u0159\u00ed se mno\u017e\u00ed houbami.<br \/>\nSuch\u00e9 listy slou\u017e\u00ed pouze jako \u017eivn\u00e1 p\u016fda pro houby listonoh\u016f (je vhodn\u00e9 sou\u010dasn\u011b nab\u00eddnout sladk\u00e9 tekutiny, kter\u00e9 nahrad\u00ed chyb\u011bj\u00edc\u00ed rostlinn\u00e9 \u0161\u0165\u00e1vy). Listy ur\u010den\u00e9 ke krmen\u00ed jednodu\u0161e um\u00edst\u011bte do komory se suchou potravou. Zv\u00ed\u0159ata v\u0161ak d\u00e1vaj\u00ed p\u0159ednost \u010derstv\u00fdm list\u016fm. Su\u0161en\u00e9 listy jsou proto nejvhodn\u011bj\u0161\u00ed pro p\u0159eklenut\u00ed obdob\u00ed, kdy nelze \u017e\u00e1dn\u00e9 nab\u00eddnout.<\/p>\n<p><strong>Skladov\u00e1n\u00ed:<\/strong><br \/>\nV such\u00e9m prost\u0159ed\u00ed<\/p>\n<p><strong>Obsahuje:<\/strong><br \/>\n100% su\u0161en\u00e9 malinov\u00e9 listy<\/p>","protected":false},"excerpt":{"rendered":"<p>Dopl\u0148kov\u00e9 potraviny<\/p>","protected":false},"featured_media":5115,"comment_status":"open","ping_status":"closed","template":"","meta":{"_acf_changed":false,"content-type":"","_monsterinsights_skip_tracking":false,"_monsterinsights_sitenote_active":false,"_monsterinsights_sitenote_note":"","_monsterinsights_sitenote_category":0},"product_brand":[],"product_cat":[115,116],"product_tag":[],"class_list":{"0":"post-4648","1":"product","2":"type-product","3":"status-publish","4":"has-post-thumbnail","6":"product_cat-food-and-feeding","7":"product_cat-food","9":"first","10":"instock","11":"taxable","12":"shipping-taxable","13":"purchasable","14":"product-type-simple"},"acf":[],"aioseo_notices":[],"jetpack_sharing_enabled":true,"_links":{"self":[{"href":"https:\/\/antcube.shop\/cs\/wp-json\/wp\/v2\/product\/4648","targetHints":{"allow":["GET"]}}],"collection":[{"href":"https:\/\/antcube.shop\/cs\/wp-json\/wp\/v2\/product"}],"about":[{"href":"https:\/\/antcube.shop\/cs\/wp-json\/wp\/v2\/types\/product"}],"replies":[{"embeddable":true,"href":"https:\/\/antcube.shop\/cs\/wp-json\/wp\/v2\/comments?post=4648"}],"wp:featuredmedia":[{"embeddable":true,"href":"https:\/\/antcube.shop\/cs\/wp-json\/wp\/v2\/media\/5115"}],"wp:attachment":[{"href":"https:\/\/antcube.shop\/cs\/wp-json\/wp\/v2\/media?parent=4648"}],"wp:term":[{"taxonomy":"product_brand","embeddable":true,"href":"https:\/\/antcube.shop\/cs\/wp-json\/wp\/v2\/product_brand?post=4648"},{"taxonomy":"product_cat","embeddable":true,"href":"https:\/\/antcube.shop\/cs\/wp-json\/wp\/v2\/product_cat?post=4648"},{"taxonomy":"product_tag","embeddable":true,"href":"https:\/\/antcube.shop\/cs\/wp-json\/wp\/v2\/product_tag?post=4648"}],"curies":[{"name":"wp","href":"https:\/\/api.w.org\/{rel}","templated":true}]}}