{"id":4642,"date":"2022-11-14T14:31:41","date_gmt":"2022-11-14T13:31:41","guid":{"rendered":"https:\/\/antcube.shop\/produkt\/jelly-food-brauner-zucker-16g\/"},"modified":"2026-03-31T18:19:06","modified_gmt":"2026-03-31T16:19:06","slug":"zele-food-hnedy-cukr-16g","status":"publish","type":"product","link":"https:\/\/antcube.shop\/cs\/produkt\/zele-food-hnedy-cukr-16g\/","title":{"rendered":"\u017del\u00e9 Potravin\u00e1\u0159sk\u00fd hn\u011bd\u00fd cukr 16g"},"content":{"rendered":"<p><strong>Mno\u017estv\u00ed:<\/strong> 16g<\/p>\n<p><strong>Popis:<\/strong><br \/>\nVitam\u00edny a b\u00edlkoviny jsou z\u00e1kladn\u00edmi stavebn\u00edmi kameny ka\u017ed\u00e9ho t\u011bla. N\u011bkter\u00e9 si t\u011blo dok\u00e1\u017ee vyrobit samo, jin\u00e9 mus\u00ed p\u0159ij\u00edmat potravou.<br \/>\nMilovn\u00edci hmyzu na cel\u00e9m sv\u011bt\u011b oce\u0148uj\u00ed tento p\u0159\u00edpravek pro podporu rozmno\u017eov\u00e1n\u00ed a prodlou\u017een\u00ed \u017eivota prost\u0159ednictv\u00edm vyv\u00e1\u017een\u00e9 v\u00fd\u017eivy sv\u00fdch \"mil\u00e1\u010dk\u016f\".<\/p>\n<p><strong>Slo\u017een\u00ed:<\/strong><br \/>\nSlo\u017een\u00ed: voda, frukt\u00f3zov\u00fd sirup, cukr<br \/>\nAnalytick\u00e9 slo\u017eky: Vlhkost 65%<\/p>\n<p><strong>Pou\u017eit\u00ed:<\/strong><br \/>\nPro druhy mravenc\u016f \u017eiv\u00edc\u00edch se ovocem.<br \/>\nKrmn\u00e9 sm\u011bsi jako dopl\u0148kov\u00e1 krmiva<br \/>\nM\u011bl by b\u00fdt nab\u00edzen 2-3kr\u00e1t t\u00fddn\u011b druh\u016fm mravenc\u016f, kte\u0159\u00ed se \u017eiv\u00ed ovocem.<br \/>\nZv\u00ed\u0159at\u016fm ji lze nab\u00eddnout v dodan\u00e9m stavu. P\u0159i pokojov\u00e9 teplot\u011b m\u016f\u017ee \u017eel\u00e9 rychle zplesniv\u011bt. Proto by se m\u011blo krmivo vym\u011b\u0148ovat nejm\u00e9n\u011b ka\u017ed\u00e9 3 dny. P\u0159ed op\u011btovn\u00fdm pou\u017eit\u00edm misku s krmivem d\u016fkladn\u011b vy\u010dist\u011bte.<\/p>\n<p><strong>Doba pou\u017eitelnosti:<\/strong><br \/>\nUzav\u0159en\u00e9 \u017eel\u00e9 m\u00e1 trvanlivost nejm\u00e9n\u011b 1 rok (viz datum minim\u00e1ln\u00ed trvanlivosti na obalu); po otev\u0159en\u00ed by se m\u011blo skladovat v chladni\u010dce a spot\u0159ebovat do 5-7 dn\u016f. M\u016f\u017eete ji tak\u00e9 zmrazit v mrazni\u010dce a podle pot\u0159eby rozmrazit mal\u00e9 mno\u017estv\u00ed.<\/p>\n<p><strong>Upozorn\u011bn\u00ed:<\/strong><br \/>\nSlo\u017een\u00ed, analytick\u00e9 slo\u017eky, identifika\u010dn\u00ed \u010d\u00edslo \u0161ar\u017ee a datum pou\u017eitelnosti (BBD) naleznete v p\u0159\u00edbalov\u00e9 informaci.<\/p>\n<p>Informa\u010dn\u00ed linka (fax): +49 2065-67290<\/p>\n<p>Odpov\u011bdn\u00fd veterin\u00e1rn\u00ed a potravin\u00e1\u0159sk\u00fd inspektor\u00e1t:<br \/>\n\u00da\u0159edn\u00ed veterin\u00e1rn\u00ed l\u00e9ka\u0159 \/ veterin\u00e1rn\u00ed odborn\u00edk.<br \/>\nV hotelu Schnabelhuck 6<br \/>\n47049 Duisburg<\/p>","protected":false},"excerpt":{"rendered":"<p>Dopl\u0148kov\u00e9 potraviny<\/p>","protected":false},"featured_media":5094,"comment_status":"open","ping_status":"closed","template":"","meta":{"_acf_changed":false,"content-type":"","_monsterinsights_skip_tracking":false,"_monsterinsights_sitenote_active":false,"_monsterinsights_sitenote_note":"","_monsterinsights_sitenote_category":0},"product_brand":[],"product_cat":[115,116],"product_tag":[],"class_list":{"0":"post-4642","1":"product","2":"type-product","3":"status-publish","4":"has-post-thumbnail","6":"product_cat-food-and-feeding","7":"product_cat-food","9":"first","10":"instock","11":"taxable","12":"shipping-taxable","13":"purchasable","14":"product-type-simple"},"acf":[],"aioseo_notices":[],"jetpack_sharing_enabled":true,"_links":{"self":[{"href":"https:\/\/antcube.shop\/cs\/wp-json\/wp\/v2\/product\/4642","targetHints":{"allow":["GET"]}}],"collection":[{"href":"https:\/\/antcube.shop\/cs\/wp-json\/wp\/v2\/product"}],"about":[{"href":"https:\/\/antcube.shop\/cs\/wp-json\/wp\/v2\/types\/product"}],"replies":[{"embeddable":true,"href":"https:\/\/antcube.shop\/cs\/wp-json\/wp\/v2\/comments?post=4642"}],"wp:featuredmedia":[{"embeddable":true,"href":"https:\/\/antcube.shop\/cs\/wp-json\/wp\/v2\/media\/5094"}],"wp:attachment":[{"href":"https:\/\/antcube.shop\/cs\/wp-json\/wp\/v2\/media?parent=4642"}],"wp:term":[{"taxonomy":"product_brand","embeddable":true,"href":"https:\/\/antcube.shop\/cs\/wp-json\/wp\/v2\/product_brand?post=4642"},{"taxonomy":"product_cat","embeddable":true,"href":"https:\/\/antcube.shop\/cs\/wp-json\/wp\/v2\/product_cat?post=4642"},{"taxonomy":"product_tag","embeddable":true,"href":"https:\/\/antcube.shop\/cs\/wp-json\/wp\/v2\/product_tag?post=4642"}],"curies":[{"name":"wp","href":"https:\/\/api.w.org\/{rel}","templated":true}]}}