{"id":4639,"date":"2022-11-14T14:30:55","date_gmt":"2022-11-14T13:30:55","guid":{"rendered":"https:\/\/antcube.shop\/produkt\/durchgangsschieber-s\/"},"modified":"2026-03-02T12:58:53","modified_gmt":"2026-03-02T11:58:53","slug":"pruchozi-ventil-s","status":"publish","type":"product","link":"https:\/\/antcube.shop\/cs\/produkt\/pruchozi-ventil-s\/","title":{"rendered":"Pr\u016fchoz\u00ed \u0161oup\u00e1tko - S"},"content":{"rendered":"<p><strong>Rozm\u011bry:<\/strong> 78 x 12 x 52 mm pro trubky 10\/6 mm nebo velikost mraveni\u0161t\u011b S<\/p>\n<p><strong>Materi\u00e1l:<\/strong> PMMA<\/p>\n<p><strong>Barvy:<\/strong> transparentn\u00ed, \u0161ed\u00e1<\/p>\n<p><strong>Obsah:<\/strong> 1x posuvn\u00edk pr\u016fchodu<\/p>\n<p><strong>Popis:<\/strong> Pr\u016fchodov\u00fd jezdec uzav\u00edr\u00e1 nebo otev\u00edr\u00e1 pr\u016fchod mravenc\u016f v trubce nebo mezi dv\u011bma formikariemi.<br \/>\nJe pr\u016fhledn\u00fd, tak\u017ee p\u0159i \"zav\u00edr\u00e1n\u00ed\" m\u016f\u017eete zkontrolovat, zda se mezi nimi nenach\u00e1z\u00ed mravenci. \u0160oup\u00e1tko se pou\u017e\u00edv\u00e1 tak\u00e9 ke kontrole a regulaci mraven\u010d\u00edch cest v hadic\u00edch.<\/p>\n<p><strong>Pozn\u00e1mka k \u017e\u00e1dosti<\/strong><br \/>\nVzhledem k filigr\u00e1nsk\u00e9 konstrukci je t\u0159eba p\u0159i p\u0159ipojov\u00e1n\u00ed a odpojov\u00e1n\u00ed hadic dodr\u017eovat n\u00e1sleduj\u00edc\u00ed pokyny:<br \/>\nPokud je velmi obt\u00ed\u017en\u00e9 nasadit trubku na pouzdro konektoru, je t\u0159eba pouzdro lehce pot\u0159\u00edt kapkou na\u0161eho oleje nebo pr\u00e1\u0161ku na ochranu proti vylomen\u00ed. Pot\u00e9 by se m\u011bla hadice na pouzdro nasunout ot\u00e1\u010div\u00fdmi nebo \u0161roubovac\u00edmi pohyby, ani\u017e by se pouzdro nam\u00e1halo pohyby nahoru a dol\u016f. Tot\u00e9\u017e plat\u00ed i p\u0159i demont\u00e1\u017ei hadic z pr\u016fchoz\u00edho \u0161oup\u00e1tka. Neodstra\u0148ujte je jednodu\u0161e!<\/p>","protected":false},"excerpt":{"rendered":"<p>Rozm\u011bry: Materi\u00e1l: 78 x 17 x 53 mm pro trubky 14\/10 mm nebo mraveni\u0161t\u011b velikosti M: Materi\u00e1l: PMMA Barvy: pr\u016fhledn\u00e1, \u0161ed\u00e1 Obsah: Popis: 1x pr\u016fchoz\u00ed jezdec: Pr\u016fchodov\u00fd jezdec uzav\u00edr\u00e1 nebo otev\u00edr\u00e1 pr\u016fchod mravenc\u016f v trubce nebo mezi dv\u011bma formik\u00e1rii. Je pr\u016fhledn\u00fd, tak\u017ee m\u016f\u017eete zkontrolovat, zda jsou mezi nimi mravenci.","protected":false},"featured_media":5170,"comment_status":"open","ping_status":"closed","template":"","meta":{"_acf_changed":false,"content-type":"","_monsterinsights_skip_tracking":false,"_monsterinsights_sitenote_active":false,"_monsterinsights_sitenote_note":"","_monsterinsights_sitenote_category":0},"product_brand":[],"product_cat":[121],"product_tag":[],"class_list":{"0":"post-4639","1":"product","2":"type-product","3":"status-publish","4":"has-post-thumbnail","6":"product_cat-connectors","8":"first","9":"instock","10":"taxable","11":"shipping-taxable","12":"purchasable","13":"product-type-simple"},"acf":[],"aioseo_notices":[],"jetpack_sharing_enabled":true,"_links":{"self":[{"href":"https:\/\/antcube.shop\/cs\/wp-json\/wp\/v2\/product\/4639","targetHints":{"allow":["GET"]}}],"collection":[{"href":"https:\/\/antcube.shop\/cs\/wp-json\/wp\/v2\/product"}],"about":[{"href":"https:\/\/antcube.shop\/cs\/wp-json\/wp\/v2\/types\/product"}],"replies":[{"embeddable":true,"href":"https:\/\/antcube.shop\/cs\/wp-json\/wp\/v2\/comments?post=4639"}],"wp:featuredmedia":[{"embeddable":true,"href":"https:\/\/antcube.shop\/cs\/wp-json\/wp\/v2\/media\/5170"}],"wp:attachment":[{"href":"https:\/\/antcube.shop\/cs\/wp-json\/wp\/v2\/media?parent=4639"}],"wp:term":[{"taxonomy":"product_brand","embeddable":true,"href":"https:\/\/antcube.shop\/cs\/wp-json\/wp\/v2\/product_brand?post=4639"},{"taxonomy":"product_cat","embeddable":true,"href":"https:\/\/antcube.shop\/cs\/wp-json\/wp\/v2\/product_cat?post=4639"},{"taxonomy":"product_tag","embeddable":true,"href":"https:\/\/antcube.shop\/cs\/wp-json\/wp\/v2\/product_tag?post=4639"}],"curies":[{"name":"wp","href":"https:\/\/api.w.org\/{rel}","templated":true}]}}