{"id":4638,"date":"2022-11-14T14:30:39","date_gmt":"2022-11-14T13:30:39","guid":{"rendered":"https:\/\/antcube.shop\/produkt\/durchgangsschieber-m\/"},"modified":"2026-04-13T09:32:07","modified_gmt":"2026-04-13T07:32:07","slug":"durchgangsschieber-m","status":"publish","type":"product","link":"https:\/\/antcube.shop\/cs\/produkt\/durchgangsschieber-m\/","title":{"rendered":"Pr\u016fchoz\u00ed \u0161oup\u00e1tko - M"},"content":{"rendered":"<p><strong>Rozm\u011bry:<\/strong> 78 x 17 x 53 mm pro trubky 14\/10 mm nebo velikost mraveni\u0161t\u011b M<\/p>\n<p><strong>Materi\u00e1l:<\/strong> PMMA<\/p>\n<p><strong>Barvy:<\/strong> pr\u016fhledn\u00fd, \u0161ed\u00fd<\/p>\n<p><strong>Obsah:<\/strong> 1x posuvn\u00edk pr\u016fchodu<\/p>\n<p><strong>Popis:<\/strong> Pr\u016fchodov\u00fd jezdec uzav\u00edr\u00e1 nebo otev\u00edr\u00e1 pr\u016fchod mravenc\u016f v trubce nebo mezi dv\u011bma formikariemi.<br \/>\nJe pr\u016fhledn\u00fd, tak\u017ee p\u0159i \"zav\u00edr\u00e1n\u00ed\" m\u016f\u017eete zkontrolovat, zda se mezi nimi nenach\u00e1z\u00ed mravenci. \u0160oup\u00e1tko se tak\u00e9 pou\u017e\u00edv\u00e1 ke kontrole a regulaci toku mravenc\u016f v trubk\u00e1ch.<\/p>\n<p><strong>Pozn\u00e1mka k \u017e\u00e1dosti<\/strong><br \/>\nVzhledem k filigr\u00e1nsk\u00e9 konstrukci je t\u0159eba p\u0159i p\u0159ipojov\u00e1n\u00ed a odpojov\u00e1n\u00ed hadic dodr\u017eovat n\u00e1sleduj\u00edc\u00ed pokyny:<br \/>\nPokud je velmi obt\u00ed\u017en\u00e9 nasadit trubku na pouzdro konektoru, je t\u0159eba pouzdro lehce pot\u0159\u00edt kapkou na\u0161eho oleje nebo pr\u00e1\u0161ku na ochranu proti vylomen\u00ed. Pot\u00e9 by se m\u011bla hadice nasunout na pouzdro krou\u017eiv\u00fdmi nebo \u0161roubovac\u00edmi pohyby, ani\u017e by se pouzdro nam\u00e1halo pohyby nahoru a dol\u016f. Tot\u00e9\u017e plat\u00ed i p\u0159i demont\u00e1\u017ei hadic z pr\u016fchoz\u00edho \u0161oup\u00e1tka. Neodstra\u0148ujte je jednodu\u0161e!<\/p>\n<p><strong>Informace o aktualizaci:<\/strong><br \/>\n15.12.2020 Zlep\u0161en\u00ed produktu: Ty\u010de byly zes\u00edleny o 3 mm.<\/p>","protected":false},"excerpt":{"rendered":"<p>Rozm\u011bry: Materi\u00e1l: 78 x 17 x 53 mm pro trubky 14\/10 mm nebo mraveni\u0161t\u011b velikosti M: Materi\u00e1l: PMMA Barvy: pr\u016fhledn\u00e1, \u0161ed\u00e1 Obsah: Popis: 1x pr\u016fchoz\u00ed jezdec: Pr\u016fchodov\u00fd jezdec uzav\u00edr\u00e1 nebo otev\u00edr\u00e1 pr\u016fchod mravenc\u016f v trubce nebo mezi dv\u011bma formik\u00e1rii. Je pr\u016fhledn\u00fd, tak\u017ee m\u016f\u017eete zkontrolovat, zda jsou mezi nimi mravenci.","protected":false},"featured_media":5172,"comment_status":"open","ping_status":"closed","template":"","meta":{"_acf_changed":false,"content-type":"","_monsterinsights_skip_tracking":false,"_monsterinsights_sitenote_active":false,"_monsterinsights_sitenote_note":"","_monsterinsights_sitenote_category":0},"product_brand":[],"product_cat":[121],"product_tag":[],"class_list":{"0":"post-4638","1":"product","2":"type-product","3":"status-publish","4":"has-post-thumbnail","6":"product_cat-connectors","8":"first","9":"instock","10":"taxable","11":"shipping-taxable","12":"purchasable","13":"product-type-simple"},"acf":[],"aioseo_notices":[],"jetpack_sharing_enabled":true,"_links":{"self":[{"href":"https:\/\/antcube.shop\/cs\/wp-json\/wp\/v2\/product\/4638","targetHints":{"allow":["GET"]}}],"collection":[{"href":"https:\/\/antcube.shop\/cs\/wp-json\/wp\/v2\/product"}],"about":[{"href":"https:\/\/antcube.shop\/cs\/wp-json\/wp\/v2\/types\/product"}],"replies":[{"embeddable":true,"href":"https:\/\/antcube.shop\/cs\/wp-json\/wp\/v2\/comments?post=4638"}],"wp:featuredmedia":[{"embeddable":true,"href":"https:\/\/antcube.shop\/cs\/wp-json\/wp\/v2\/media\/5172"}],"wp:attachment":[{"href":"https:\/\/antcube.shop\/cs\/wp-json\/wp\/v2\/media?parent=4638"}],"wp:term":[{"taxonomy":"product_brand","embeddable":true,"href":"https:\/\/antcube.shop\/cs\/wp-json\/wp\/v2\/product_brand?post=4638"},{"taxonomy":"product_cat","embeddable":true,"href":"https:\/\/antcube.shop\/cs\/wp-json\/wp\/v2\/product_cat?post=4638"},{"taxonomy":"product_tag","embeddable":true,"href":"https:\/\/antcube.shop\/cs\/wp-json\/wp\/v2\/product_tag?post=4638"}],"curies":[{"name":"wp","href":"https:\/\/api.w.org\/{rel}","templated":true}]}}