{"id":4637,"date":"2022-11-14T14:30:23","date_gmt":"2022-11-14T13:30:23","guid":{"rendered":"https:\/\/antcube.shop\/produkt\/durchgangsschieber-l\/"},"modified":"2026-04-20T09:56:45","modified_gmt":"2026-04-20T07:56:45","slug":"durchgangsschieber-l","status":"publish","type":"product","link":"https:\/\/antcube.shop\/cs\/produkt\/durchgangsschieber-l\/","title":{"rendered":"Pr\u016fchoz\u00ed \u0161oup\u00e1tko - L"},"content":{"rendered":"<p><strong>Rozm\u011bry:<\/strong> 78 x 27 x 53 mm pro trubky 14\/16\/18\/20 mm nebo mraveni\u0161t\u011b velikosti L<\/p>\n<p>Trubka 14\/10 je pevn\u011b zasunuta do 14mm z\u00e1suvky.<br \/>\nTrubka 20\/16 je upevn\u011bna na prvn\u00edm 16mm kroku.<br \/>\nTrubka 22\/18 je upevn\u011bna na druh\u00e9m 20mm stupni.<br \/>\nTrubka 24\/20 je voln\u011b nasazena na druh\u00e9m 20mm stupni.<\/p>\n<p><strong>Materi\u00e1l:<\/strong> PMMA<\/p>\n<p><strong>Barvy:<\/strong> k\u0159i\u0161\u0165\u00e1lov\u011b \u010dist\u00fd, \u0161ed\u00fd<\/p>\n<p><strong>Obsah:<\/strong> 1x pr\u016fchoz\u00ed jezdec<\/p>\n<p><strong>Popis:<\/strong> Pr\u016fchodov\u00fd jezdec blokuje nebo otev\u00edr\u00e1 pr\u016fchod mravenc\u016f v trubce nebo mezi dv\u011bma formik\u00e1rii.<br \/>\nJe pr\u016fhledn\u00fd, tak\u017ee p\u0159i \"zav\u00edr\u00e1n\u00ed\" m\u016f\u017eete zkontrolovat, zda se mezi nimi nenach\u00e1z\u00ed mravenci. \u0160oup\u00e1tko se tak\u00e9 pou\u017e\u00edv\u00e1 ke kontrole a regulaci pr\u016ftoku mravenc\u016f v hadic\u00edch.<\/p>\n<p>Pozn\u00e1mka k \u017e\u00e1dosti<br \/>\nVzhledem k filigr\u00e1nsk\u00e9 konstrukci je t\u0159eba p\u0159i p\u0159ipojov\u00e1n\u00ed a odpojov\u00e1n\u00ed hadic dodr\u017eovat n\u00e1sleduj\u00edc\u00ed pokyny:<br \/>\nPokud je velmi obt\u00ed\u017en\u00e9 nasadit trubku na pouzdro konektoru, je t\u0159eba pouzdro lehce pot\u0159\u00edt kapkou na\u0161eho oleje nebo pr\u00e1\u0161ku na ochranu proti vylomen\u00ed. Pot\u00e9 by se m\u011bla hadice na pouzdro nasunout ot\u00e1\u010div\u00fdmi nebo \u0161roubovac\u00edmi pohyby, ani\u017e by se pouzdro nam\u00e1halo pohyby nahoru a dol\u016f. Tot\u00e9\u017e plat\u00ed i p\u0159i demont\u00e1\u017ei hadic z pr\u016fchoz\u00edho \u0161oup\u00e1tka. Neodstra\u0148ujte je jednodu\u0161e!<\/p>\n<p><strong>Aktualizace:<\/strong><br \/>\n15.12.2020 Zlep\u0161en\u00ed produktu: Ty\u010de byly zes\u00edleny o 3 mm.<\/p>","protected":false},"excerpt":{"rendered":"<p>Rozm\u011bry: 14\/10 je pevn\u011b zasunuta do 14mm obj\u00edmky 20\/16 je upevn\u011bna na prvn\u00edm 16mm stupni 22\/18 je upevn\u011bna na druh\u00e9m 20mm stupni 24\/20 je voln\u011b nasazena na druh\u00e9m 20mm stupni Materi\u00e1l: 78 x 27 x 53 mm pro trubky 14\/16\/18\/20 mm nebo ant farm velikost L: PMMA Barvy: k\u0159i\u0161\u0165\u00e1l","protected":false},"featured_media":5606,"comment_status":"open","ping_status":"closed","template":"","meta":{"_acf_changed":false,"content-type":"","_monsterinsights_skip_tracking":false,"_monsterinsights_sitenote_active":false,"_monsterinsights_sitenote_note":"","_monsterinsights_sitenote_category":0},"product_brand":[],"product_cat":[121],"product_tag":[],"class_list":{"0":"post-4637","1":"product","2":"type-product","3":"status-publish","4":"has-post-thumbnail","6":"product_cat-connectors","8":"first","9":"instock","10":"taxable","11":"shipping-taxable","12":"purchasable","13":"product-type-simple"},"acf":[],"aioseo_notices":[],"jetpack_sharing_enabled":true,"_links":{"self":[{"href":"https:\/\/antcube.shop\/cs\/wp-json\/wp\/v2\/product\/4637","targetHints":{"allow":["GET"]}}],"collection":[{"href":"https:\/\/antcube.shop\/cs\/wp-json\/wp\/v2\/product"}],"about":[{"href":"https:\/\/antcube.shop\/cs\/wp-json\/wp\/v2\/types\/product"}],"replies":[{"embeddable":true,"href":"https:\/\/antcube.shop\/cs\/wp-json\/wp\/v2\/comments?post=4637"}],"wp:featuredmedia":[{"embeddable":true,"href":"https:\/\/antcube.shop\/cs\/wp-json\/wp\/v2\/media\/5606"}],"wp:attachment":[{"href":"https:\/\/antcube.shop\/cs\/wp-json\/wp\/v2\/media?parent=4637"}],"wp:term":[{"taxonomy":"product_brand","embeddable":true,"href":"https:\/\/antcube.shop\/cs\/wp-json\/wp\/v2\/product_brand?post=4637"},{"taxonomy":"product_cat","embeddable":true,"href":"https:\/\/antcube.shop\/cs\/wp-json\/wp\/v2\/product_cat?post=4637"},{"taxonomy":"product_tag","embeddable":true,"href":"https:\/\/antcube.shop\/cs\/wp-json\/wp\/v2\/product_tag?post=4637"}],"curies":[{"name":"wp","href":"https:\/\/api.w.org\/{rel}","templated":true}]}}