{"id":4633,"date":"2022-11-14T14:29:20","date_gmt":"2022-11-14T13:29:20","guid":{"rendered":"https:\/\/antcube.shop\/produkt\/antcube-ameisenfarm-m-40x20-stehend\/"},"modified":"2026-04-05T17:10:18","modified_gmt":"2026-04-05T15:10:18","slug":"antcube-ameisenfarm-m-40x20-stehend","status":"publish","type":"product","link":"https:\/\/antcube.shop\/cs\/produkt\/antcube-ameisenfarm-m-40x20-stehend\/","title":{"rendered":"ANTCUBE - mraveni\u0161t\u011b - M - 40\u00d720 - stoj\u00edc\u00ed"},"content":{"rendered":"<p><strong>Rozm\u011bry (Dx\u0160xV):\u00a0<\/strong><br \/>\n<u>venku:<\/u> 432x58x199 mm<br \/>\n<u>uvnit\u0159:<\/u> 384x10x190 mm<\/p>\n<p><strong>Materi\u00e1l:<\/strong><br \/>\nPlovouc\u00ed sklo, plast<\/p>\n<p><strong>Barva:<\/strong><br \/>\nk\u0159i\u0161\u0165\u00e1lov\u011b \u010dist\u00fd<\/p>\n<p><strong>Obsah:<\/strong><br \/>\n1x mraveni\u0161t\u011b ANTCUBE - rozte\u010d desek 10 mm.<br \/>\n1x kryt na mraveni\u0161t\u011b M 40\u00d72<br \/>\n2x z\u00e1str\u010dka 4 mm<\/p>\n<p><strong>p\u0159ipojen\u00ed:<\/strong><br \/>\n2x n\u00e1str\u010dn\u00fd kl\u00ed\u010d 8\/10 x 10 mm<br \/>\n2x 4mm otvory se 4mm z\u00e1tkami<\/p>\n<p><strong>Popis:<\/strong><br \/>\nToto pln\u011b pr\u016fhledn\u00e9 mraveni\u0161t\u011b je vhodn\u00e9 pro druhy mravenc\u016f velikosti M.<\/p>\n<p><strong>Pozn\u00e1mky k v\u00fdrob\u011b<\/strong><br \/>\nSklo je brou\u0161eno podle normy DIN 1249 s toleranc\u00ed +\/- 1 mm. U extr\u00e9mn\u011b mal\u00fdch druh\u016f mravenc\u016f je nezbytn\u00e1 dodate\u010dn\u00e1 ochrana proti vylomen\u00ed.<\/p>\n<p><strong>Pozn\u00e1mka k farm\u011b<\/strong><br \/>\nP\u0159i p\u0159ipojov\u00e1n\u00ed nebo odpojov\u00e1n\u00ed hadic dbejte na n\u00e1sleduj\u00edc\u00ed pokyny:<br \/>\nPokud je velmi obt\u00ed\u017en\u00e9 nasadit trubku na pouzdro konektoru, je t\u0159eba pouzdro lehce pot\u0159\u00edt kapkou na\u0161eho oleje nebo pr\u00e1\u0161ku na ochranu proti vylomen\u00ed. Pot\u00e9 by se m\u011bla hadice na pouzdro nasunout krou\u017eiv\u00fdmi nebo \u0161roubovac\u00edmi pohyby, ani\u017e by se pouzdro nam\u00e1halo pohyby nahoru a dol\u016f. Tot\u00e9\u017e plat\u00ed p\u0159i vyj\u00edm\u00e1n\u00ed hadic z p\u0159ipojovac\u00edho pouzdra farmy. Nevytahujte ji jednodu\u0161e!<\/p>","protected":false},"excerpt":{"rendered":"<p><strong>P\u0159ipojen\u00ed:<\/strong> Z\u00e1suvka 2x 8\/10 mm + kryt <strong>Vzd\u00e1lenost mezi deskami:<\/strong> Vnit\u0159n\u00ed strana 10 mm \/ vn\u011bj\u0161\u00ed strana 18 mm<br \/>\n<strong>Velikost:<\/strong> <strong><span style=\"color: #339966;\">M<\/span><\/strong><\/p>","protected":false},"featured_media":5180,"comment_status":"open","ping_status":"closed","template":"","meta":{"_acf_changed":false,"content-type":"","_monsterinsights_skip_tracking":false,"_monsterinsights_sitenote_active":false,"_monsterinsights_sitenote_note":"","_monsterinsights_sitenote_category":0},"product_brand":[],"product_cat":[80,82],"product_tag":[],"class_list":{"0":"post-4633","1":"product","2":"type-product","3":"status-publish","4":"has-post-thumbnail","6":"product_cat-antfarms","7":"product_cat-antfarms-m","9":"first","10":"instock","11":"taxable","12":"shipping-taxable","13":"purchasable","14":"product-type-simple"},"acf":[],"aioseo_notices":[],"jetpack_sharing_enabled":true,"_links":{"self":[{"href":"https:\/\/antcube.shop\/cs\/wp-json\/wp\/v2\/product\/4633","targetHints":{"allow":["GET"]}}],"collection":[{"href":"https:\/\/antcube.shop\/cs\/wp-json\/wp\/v2\/product"}],"about":[{"href":"https:\/\/antcube.shop\/cs\/wp-json\/wp\/v2\/types\/product"}],"replies":[{"embeddable":true,"href":"https:\/\/antcube.shop\/cs\/wp-json\/wp\/v2\/comments?post=4633"}],"wp:featuredmedia":[{"embeddable":true,"href":"https:\/\/antcube.shop\/cs\/wp-json\/wp\/v2\/media\/5180"}],"wp:attachment":[{"href":"https:\/\/antcube.shop\/cs\/wp-json\/wp\/v2\/media?parent=4633"}],"wp:term":[{"taxonomy":"product_brand","embeddable":true,"href":"https:\/\/antcube.shop\/cs\/wp-json\/wp\/v2\/product_brand?post=4633"},{"taxonomy":"product_cat","embeddable":true,"href":"https:\/\/antcube.shop\/cs\/wp-json\/wp\/v2\/product_cat?post=4633"},{"taxonomy":"product_tag","embeddable":true,"href":"https:\/\/antcube.shop\/cs\/wp-json\/wp\/v2\/product_tag?post=4633"}],"curies":[{"name":"wp","href":"https:\/\/api.w.org\/{rel}","templated":true}]}}