{"id":4628,"date":"2022-11-14T14:28:01","date_gmt":"2022-11-14T13:28:01","guid":{"rendered":"https:\/\/antcube.shop\/produkt\/antcube-ameisenfarm-m-30x30-wand\/"},"modified":"2026-03-26T09:28:48","modified_gmt":"2026-03-26T08:28:48","slug":"antcube-ameisenfarm-m-30x30-wand","status":"publish","type":"product","link":"https:\/\/antcube.shop\/cs\/produkt\/antcube-ameisenfarm-m-30x30-wand\/","title":{"rendered":"ANTCUBE - Mraveni\u0161t\u011b - M - 30\u00d730 - st\u011bna"},"content":{"rendered":"<p><strong>Rozm\u011bry (DxV):\u00a0<\/strong><br \/>\n<strong>Venku:<\/strong> 32,5 x 32,5 cm \/ uvnit\u0159: 29,2 x 29,2 cm<\/p>\n<p><strong>Materi\u00e1l:<\/strong><br \/>\nPlovouc\u00ed sklo, d\u0159evo, PMMA<\/p>\n<p><strong>Barva:<\/strong><br \/>\nk\u0159i\u0161\u0165\u00e1lov\u011b \u010dist\u00fd, b\u00edl\u00fd<\/p>\n<p><strong>Obsah:<\/strong><br \/>\n1x mraven\u010d\u00ed farma s rozte\u010d\u00ed desek 10 mm a mont\u00e1\u017e\u00ed na st\u011bnu.<br \/>\n1x kryt<br \/>\n1x d\u0159ev\u011bn\u00fd r\u00e1m lakovan\u00fd b\u00edlou barvou se z\u00e1mkem na magnet<br \/>\n2x distan\u010dn\u00ed li\u0161ty pro hn\u00edzdn\u00ed vlo\u017eky<br \/>\n6x \u0161rouby a hmo\u017edinky (do d\u0159eva \/ kamenn\u00e9 zdi)<\/p>\n<p><strong>p\u0159ipojen\u00ed:<\/strong><br \/>\n2x n\u00e1str\u010dn\u00fd kl\u00ed\u010d 8\/10 x 10 mm<\/p>\n<p><strong>Popis:<\/strong><br \/>\nTato mraveni\u0161t\u011b jsou ur\u010dena k mont\u00e1\u017ei na st\u011bnu a lze je snadno namontovat na d\u0159ev\u011bn\u00e9 a kamenn\u00e9 st\u011bny.<br \/>\nR\u00e1m je vyroben z prav\u00e9ho p\u0159\u00edrodn\u00edho d\u0159eva s b\u00edl\u00fdm n\u00e1t\u011brem v modern\u00edm nad\u010dasov\u00e9m designu.<br \/>\nTento r\u00e1m lze odejmout, aby se farma otev\u0159ela, a pomoc\u00ed magnetick\u00e9ho dr\u017e\u00e1ku jej lze k farm\u011b op\u011bt p\u0159ipevnit.<\/p>\n<p><strong>Pokyny k mont\u00e1\u017ei:<\/strong><br \/>\nK upevn\u011bn\u00ed 6 hmo\u017edinek \"S6\" do zdi pot\u0159ebujete vrt\u00e1k s 6mm vrt\u00e1kem (do d\u0159eva nebo kamene v z\u00e1vislosti na materi\u00e1lu).<br \/>\nPro zapu\u0161t\u011bn\u00ed hmo\u017edinek se \u0161rouby 4x30 mm je t\u0159eba do st\u011bny vyvrtat otvory hlubok\u00e9 40 mm.<\/p>\n<p><strong>Pozn\u00e1mky k v\u00fdrob\u011b<\/strong><br \/>\nSklo je brou\u0161eno podle normy DIN 1249 s toleranc\u00ed +\/- 1 mm. U extr\u00e9mn\u011b mal\u00fdch druh\u016f mravenc\u016f je nezbytn\u00e1 dodate\u010dn\u00e1 ochrana proti vylomen\u00ed.<\/p>\n<p><strong>Pozn\u00e1mka k farm\u011b<\/strong><br \/>\nP\u0159i p\u0159ipojov\u00e1n\u00ed nebo odpojov\u00e1n\u00ed hadic dbejte na n\u00e1sleduj\u00edc\u00ed pokyny:<br \/>\nPokud je velmi obt\u00ed\u017en\u00e9 nasadit trubku na pouzdro konektoru, je t\u0159eba pouzdro lehce pot\u0159\u00edt kapkou na\u0161eho oleje nebo pr\u00e1\u0161ku na ochranu proti vylomen\u00ed. Pot\u00e9 by se m\u011bla hadice na pouzdro nasunout krou\u017eiv\u00fdmi nebo \u0161roubovac\u00edmi pohyby, ani\u017e by se pouzdro nam\u00e1halo pohyby nahoru a dol\u016f. Tot\u00e9\u017e plat\u00ed p\u0159i vyj\u00edm\u00e1n\u00ed hadic z p\u0159ipojovac\u00edho pouzdra farmy. Nevytahujte ji jednodu\u0161e!<\/p>","protected":false},"excerpt":{"rendered":"<p><strong>P\u0159ipojen\u00ed:<\/strong> z\u00e1suvka 2x 8\/10 mm; <strong>rozte\u010d desek:<\/strong> uvnit\u0159 10 mm<br \/>\n<strong>Velikost:<\/strong> <strong><span style=\"color: #339966;\">M<\/span><\/strong><\/p>","protected":false},"featured_media":5188,"comment_status":"open","ping_status":"closed","template":"","meta":{"_acf_changed":false,"content-type":"","_monsterinsights_skip_tracking":false,"_monsterinsights_sitenote_active":false,"_monsterinsights_sitenote_note":"","_monsterinsights_sitenote_category":0},"product_brand":[],"product_cat":[80,82],"product_tag":[],"class_list":{"0":"post-4628","1":"product","2":"type-product","3":"status-publish","4":"has-post-thumbnail","6":"product_cat-antfarms","7":"product_cat-antfarms-m","9":"first","10":"instock","11":"taxable","12":"shipping-taxable","13":"purchasable","14":"product-type-simple"},"acf":[],"aioseo_notices":[],"jetpack_sharing_enabled":true,"_links":{"self":[{"href":"https:\/\/antcube.shop\/cs\/wp-json\/wp\/v2\/product\/4628","targetHints":{"allow":["GET"]}}],"collection":[{"href":"https:\/\/antcube.shop\/cs\/wp-json\/wp\/v2\/product"}],"about":[{"href":"https:\/\/antcube.shop\/cs\/wp-json\/wp\/v2\/types\/product"}],"replies":[{"embeddable":true,"href":"https:\/\/antcube.shop\/cs\/wp-json\/wp\/v2\/comments?post=4628"}],"wp:featuredmedia":[{"embeddable":true,"href":"https:\/\/antcube.shop\/cs\/wp-json\/wp\/v2\/media\/5188"}],"wp:attachment":[{"href":"https:\/\/antcube.shop\/cs\/wp-json\/wp\/v2\/media?parent=4628"}],"wp:term":[{"taxonomy":"product_brand","embeddable":true,"href":"https:\/\/antcube.shop\/cs\/wp-json\/wp\/v2\/product_brand?post=4628"},{"taxonomy":"product_cat","embeddable":true,"href":"https:\/\/antcube.shop\/cs\/wp-json\/wp\/v2\/product_cat?post=4628"},{"taxonomy":"product_tag","embeddable":true,"href":"https:\/\/antcube.shop\/cs\/wp-json\/wp\/v2\/product_tag?post=4628"}],"curies":[{"name":"wp","href":"https:\/\/api.w.org\/{rel}","templated":true}]}}