{"id":4626,"date":"2022-11-14T14:27:28","date_gmt":"2022-11-14T13:27:28","guid":{"rendered":"https:\/\/antcube.shop\/produkt\/bundle-offer-starter-set-kork-camponotus-nicobarensis-cricket-jam\/"},"modified":"2026-04-22T10:31:47","modified_gmt":"2026-04-22T08:31:47","slug":"bundle-offer-starter-set-kork-camponotus-nicobarensis-cricket-jam","status":"publish","type":"product","link":"https:\/\/antcube.shop\/cs\/produkt\/bundle-offer-starter-set-kork-camponotus-nicobarensis-cricket-jam\/","title":{"rendered":"Nab\u00eddka bal\u00ed\u010dk\u016f - Camponotus nicobarensis"},"content":{"rendered":"<p><span data-text-color=\"secondary\"><strong>Bal\u00ed\u010dek obsahuj\u00edc\u00ed kolonii mravenc\u016f Camponotus nicobarensis (kr\u00e1lovna + 5\u201310 d\u011blnic + potomstvo), startovac\u00ed sadu z korku, 2 podlo\u017eky do formik\u00e1ria, n\u00e1hradn\u00ed balen\u00ed medovice 10 ml a sklenici na\u0161\u00ed speci\u00e1ln\u00ed kriketov\u00e9 marmel\u00e1dy 25 g (vlhk\u00e9 b\u00edlkoviny).<\/strong><\/span><\/p>\n<p><span data-text-color=\"alert\"><strong>Pouze do vyprod\u00e1n\u00ed z\u00e1sob.<\/strong><\/span><\/p>\n<p><strong>V\u0161e, co pot\u0159ebujete pro kolonii mravenc\u016f Camponotus nicobarensis<\/strong><br \/>\nTento bal\u00ed\u010dek obsahuje v\u0161e, co pot\u0159ebujete k \u00fasp\u011b\u0161n\u00e9mu zalo\u017een\u00ed kolonie Camponotus nicobarensis b\u011bhem prvn\u00edch m\u011bs\u00edc\u016f. Je flexibiln\u011b roz\u0161i\u0159iteln\u00fd a v\u00fdslovn\u011b vhodn\u00fd pro za\u010d\u00e1te\u010dn\u00edky v chovu mravenc\u016f.<\/p>\n<p><strong>Druh mravence Camponotus nicobarensis<\/strong><br \/>\nCamponotus nicobarensis je pom\u011brn\u011b velk\u00fd druh rodu Camponotus a na rozd\u00edl od ostatn\u00edch druh\u016f rodu Camponotus se vyv\u00edj\u00ed pom\u011brn\u011b rychle. Je proto velmi vhodn\u00fd pro za\u010d\u00ednaj\u00edc\u00ed chovatele mravenc\u016f. Nav\u00edc nepot\u0159ebuje zimn\u00ed sp\u00e1nek, a proto jej lze snadno pozorovat doma i v zim\u011b. Ve voln\u00e9 p\u0159\u00edrod\u011b \u017eije mimo jin\u00e9 v polopou\u0161t\u00edch a step\u00edch jihov\u00fdchodn\u00ed Asie, ale tak\u00e9 ve vlh\u010d\u00edch oblastech. Vzhledem k velmi rozs\u00e1hl\u00e9mu are\u00e1lu roz\u0161\u00ed\u0159en\u00ed je tolerantn\u00ed k teplot\u00e1m a vlhkosti.<\/p>\n<p><strong>Potrava pro Camponotus nicobarensis<\/strong><br \/>\nCamponotus nicobarensis se \u017eiv\u00ed medovou vodou a drobn\u00fdm \u017eiv\u00fdm nebo mrtv\u00fdm hmyzem, ale ochotn\u011b p\u0159ij\u00edm\u00e1 i ovoce. Jako alternativu k hmyzu lze pod\u00e1vat i na\u0161i proteinovou n\u00e1hra\u017eku krmiva. Pro v\u00fdvoj kolonie jsou v\u0161ak vhodn\u011bj\u0161\u00ed \"\u010derstv\u00e9\" b\u00edlkoviny, jako je nap\u0159\u00edklad n\u00e1\u0161 cvr\u010d\u010d\u00ed d\u017eem. M\u011bla by b\u00fdt zaji\u0161t\u011bna tak\u00e9 \u010derstv\u00e1 voda.<\/p>\n<p><strong>Formik\u00e1rium pro Camponotus nicobarensis<\/strong><br \/>\nCamponotus nicobarensis se nejl\u00e9pe chov\u00e1 v na\u0161ich startovac\u00edch sad\u00e1ch L s korkovou vlo\u017ekou do hn\u00edzda. \u017dije ve voln\u00e9 p\u0159\u00edrod\u011b, obvykle ve ztrouchniv\u011bl\u00e9m d\u0159ev\u011b, ale ke stavb\u011b hn\u00edzda r\u00e1d vyu\u017eije jakoukoli formu p\u0159\u00edrodn\u00ed dutiny. Na\u0161e korkov\u00e9 hn\u00edzdn\u00ed vlo\u017eky jsou pro chov ve formik\u00e1riu nejvhodn\u011bj\u0161\u00ed d\u00edky sv\u00e9 podobnosti se ztrouchniv\u011bl\u00fdm d\u0159evem.<\/p>\n<p><strong>Obsah:<\/strong><br \/>\n1x Camponotus nicobarensis (kr\u00e1lovna + 5-10 d\u011blnic + sn\u016f\u0161ka)<\/p>\n<div>1x Cricket Jam 25g<\/div>\n<div>1x Honeydew Mix (HT) - n\u00e1pl\u0148 10ml<\/div>\n<div>1x z\u00e1kladna pro formik\u00e1rium - 20x20cm<\/div>\n<div>1x z\u00e1kladna pro formik\u00e1rium - 20x6cm<\/div>\n<div><\/div>\n<div>1x ANTCUBE - Arena 20x20x10 - ploch\u00e1<\/div>\n<div>1x r\u00e1m mraveni\u0161t\u011b 20\u00d720<\/div>\n<div>1x kryt mraveni\u0161t\u011b 20\u00d720<\/div>\n<div>4x upev\u0148ovac\u00ed bod pro kryt ar\u00e9ny<\/div>\n<div>1x ANTCUBE - Mraveni\u0161t\u011b - L - 20\u00d720 - ve svisl\u00e9 poloze<\/div>\n<div><\/div>\n<div>1x ANTCUBE - korkov\u00e9 hn\u00edzdo 20\u00d720 - vzp\u0159\u00edmen\u00e9<\/div>\n<div>1x 0,5m pr\u016fhledn\u00e1 hadice 20\/16 mm<\/div>\n<div>1x ANTCUBE - \u010derven\u00e1 f\u00f3lie 20\u00d720 - filtr<\/div>\n<div>1x samolepic\u00ed klipy - pr\u016fhledn\u00e9 2 ks.<\/div>\n<div>1x substr\u00e1t - p\u00eds\u010ditohlinit\u00fd b\u00e9\u017eov\u00fd - 1000g<\/div>\n<div><\/div>\n<div>2x Grid insert acrylic &#8211; 50 mm with sealing ring<\/div>\n<div>1x Grid insert acrylic &#8211; 27 mm with sealing ring<\/div>\n<div>1x krytka m\u0159\u00ed\u017eky - 16 mm - nerezov\u00e1 ocel<\/div>\n<div><\/div>\n<div>1x spojka hadice n\u00e1dr\u017ee 27-14,16,20 mm - pr\u016fhledn\u00e1<\/div>\n<div>1x Foil thermometer &#8211; farm<\/div>\n<div>1x Foil thermometer Display<\/div>\n<div>1x drinking clear 5ml &#8211; sponge<\/div>\n<div>1x Feeding dish white rectangle &#8211; 3 compartments<\/div>\n<div>1x Drinking trough 2ml &#8211; 360 Degrees<\/div>\n<div>1x Olej na ochranu proti mravenc\u016fm 10ml<\/div>\n<div>1x pinzeta z pru\u017einov\u00e9 oceli - \u0161irok\u00e1 - m\u011bkk\u00e1<\/div>\n<div>1x pinzeta plastov\u00e1 pr\u016fhledn\u00e1<\/div>\n<div>1x plastov\u00e1 pipeta 3ml<\/div>\n<div>1x ru\u010dn\u00ed lupa - 2x - 30mm<\/div>\n<div>1x p\u011bnov\u00fd st\u011bra\u010d 150x18x2,5mm<\/div>\n<p><strong>Popis Startovac\u00ed sada:<\/strong><br \/>\nTato korkov\u00e1 startovac\u00ed sada s prefabrikovan\u00fdmi chodbi\u010dkami a kom\u016frkami je vhodn\u00e1 pro r\u016fzn\u00e9 druhy mravenc\u016f, zejm\u00e9na pro druhy, kter\u00e9 hn\u00edzd\u00ed v (mrtv\u00e9m) d\u0159ev\u011b.<\/p>\n<p>\"ANTCUBE - Cork Nest\" lze vlo\u017eit do zcela pr\u016fhledn\u00e9 farmy. Alternativn\u011b m\u016f\u017eete k vypln\u011bn\u00ed farmy nebo k uzav\u0159en\u00ed n\u011bkter\u00fdch komor korkov\u00e9ho hn\u00edzda pou\u017e\u00edt tak\u00e9 substr\u00e1t \"Sand-clay beige\". P\u0159es 50mm otvory v krytu lze v p\u0159\u00edpad\u011b pot\u0159eby p\u0159ipojit dal\u0161\u00ed moduly, nap\u0159. samostatn\u011b dostupn\u00e9 mlhova\u010de, ventil\u00e1tory nebo sv\u011btla. Alternativn\u011b jsou sou\u010d\u00e1st\u00ed dod\u00e1vky vhodn\u00e9 m\u0159\u00ed\u017ekov\u00e9 vlo\u017eky a formik\u00e1\u0159sk\u00e9 z\u00e1tky k uzav\u0159en\u00ed otvor\u016f. V p\u0159\u00edpad\u011b pot\u0159eby lze formik\u00e1rium provozovat tak\u00e9 v otev\u0159en\u00e9m stavu, sta\u010d\u00ed na n\u011bj um\u00edstit odn\u00edmateln\u00fd r\u00e1m a na okraj nan\u00e9st olej na ochranu proti \u00faniku mravenc\u016f.<\/p>\n<p><strong>D\u016fle\u017eit\u00e9:<\/strong> P\u0159ed pou\u017eit\u00edm substr\u00e1t navlh\u010dete, aby se sm\u011bs mohla spojit a v mraveni\u0161ti pevn\u011b dr\u017eet. Pokud je nav\u00edc substr\u00e1t p\u0159\u00edli\u0161 such\u00fd a pra\u0161n\u00fd, m\u016f\u017ee doj\u00edt k zablokov\u00e1n\u00ed d\u00fdchac\u00edch cest mravenc\u016f a v nejhor\u0161\u00edm p\u0159\u00edpad\u011b k udu\u0161en\u00ed zv\u00ed\u0159at.<\/p>\n<p><strong>Doporu\u010den\u00ed:<\/strong> Doporu\u010dujeme vrstvu substr\u00e1tu o v\u00fd\u0161ce 2 mm, aby se zv\u00ed\u0159ata nemohla do ar\u00e9ny zahrabat a m\u00edsto toho vyu\u017e\u00edvala k tomuto \u00fa\u010delu poskytnut\u00fd statek.<\/p>\n<p><strong>Pozn\u00e1mky k v\u00fdrob\u011b skla<\/strong><br \/>\nSklo je \u0159ez\u00e1no na m\u00edru podle DIN 1249 s toleranc\u00ed +\/- 1 mm. U extr\u00e9mn\u011b mal\u00fdch druh\u016f mravenc\u016f je nezbytn\u00e1 dodate\u010dn\u00e1 ochrana proti vylomen\u00ed.<\/p>\n<p><strong>Pozn\u00e1mky k farm\u011b<\/strong><br \/>\nHn\u00edzdo by se m\u011blo pou\u017e\u00edvat pouze v such\u00e9m formik\u00e1riu. Pokud je hn\u00edzdo trvale vlhk\u00e9, m\u016f\u017ee materi\u00e1l zplesniv\u011bt.<\/p>\n<p><strong>P\u0159i p\u0159ipojov\u00e1n\u00ed nebo odpojov\u00e1n\u00ed hadic dbejte na n\u00e1sleduj\u00edc\u00ed pokyny:<\/strong><br \/>\nPokud se hadi\u010dka velmi \u0161patn\u011b nasazuje na p\u0159ipojovac\u00ed hrdlo, je t\u0159eba hrdlo lehce pot\u0159\u00edt kapkou na\u0161eho oleje nebo pr\u00e1\u0161ku proti prask\u00e1n\u00ed. Pot\u00e9 by se m\u011bla hadice nasunout na obj\u00edmku krou\u017eiv\u00fdmi nebo \u0161roubovac\u00edmi pohyby, ani\u017e by se obj\u00edmka nam\u00e1hala pohyby nahoru a dol\u016f. Tot\u00e9\u017e plat\u00ed i p\u0159i vyj\u00edm\u00e1n\u00ed hadic z p\u0159ipojovac\u00ed obj\u00edmky farmy. Nevytahujte ji jednodu\u0161e!<\/p>\n<p><strong>Pokyny: <\/strong>(verze 2023, aktualizovan\u00e1 verze pro rok 2024 bude k dispozici nejpozd\u011bji v 04\/2024)<br \/>\n<span data-sheets-root=\"1\" data-sheets-value=\"{&quot;1&quot;:2,&quot;2&quot;:&quot;DE Gebrauchsanweisung Starter Set Kork (PDF 3,80 MB)&quot;}\" data-sheets-userformat=\"{&quot;2&quot;:513,&quot;3&quot;:{&quot;1&quot;:0},&quot;12&quot;:0}\" data-sheets-hyperlink=\"https:\/\/www.antstore.net\/shop\/images\/info\/de\/Gebrauchsanweisung Starter Set Kork.pdf\" data-sheets-hyperlinkruns=\"{&quot;1&quot;:3,&quot;2&quot;:&quot;https:\/\/www.antstore.net\/shop\/images\/info\/de\/Gebrauchsanweisung Starter Set Kork.pdf&quot;}\uee10{&quot;1&quot;:38}\"><a class=\"in-cell-link\" href=\"https:\/\/www.antstore.net\/shop\/images\/info\/de\/Gebrauchsanweisung Starter Set Kork.pdf\" target=\"_blank\" rel=\"noopener\">- DE <\/a><a class=\"in-cell-link\" href=\"https:\/\/www.antstore.net\/shop\/images\/info\/de\/Gebrauchsanweisung Starter Set Kork.pdf\" target=\"_blank\" rel=\"noopener\">Gebrauchsanweisung Starter Set Kork<\/a><a class=\"in-cell-link\" href=\"https:\/\/www.antstore.net\/shop\/images\/info\/de\/Gebrauchsanweisung Starter Set Kork.pdf\" target=\"_blank\" rel=\"noopener\"> (PDF 3,80 MB)<\/a><\/span><br \/>\n<a href=\"https:\/\/www.antstore.net\/shop\/images\/info\/en\/Instructions%20for%20use%20-%20Starter%20Set%20Cork.pdf\">- CS N\u00e1vod k pou\u017eit\u00ed - startovac\u00ed sada Cork (PDF 3,79 MB)<\/a><br \/>\n<a href=\"https:\/\/www.antstore.net\/shop\/images\/info\/es\/Manual%20de%20instrucciones%20-%20Set%20de%20inicio%20de%20corcho.pdf\">- ES Manual de instrucciones - Set de inicio de corcho (PDF 3,79 MB)<\/a><br \/>\n<a href=\"https:\/\/www.antstore.net\/shop\/images\/info\/fr\/Manuel%20d'instruction%20-%20Kit%20de%20d%C3%A9marrage%20en%20li%C3%A8ge.pdf\">- FR Manuel d'instruction - Kit de d\u00e9marrage en li\u00e8ge (PDF 3,79 MB)<\/a><\/p>\n<p><strong>Pozn\u00e1mky ke kriketov\u00e9mu d\u017eemu:<\/strong><br \/>\nN\u00e1\u0161 cvr\u010d\u010d\u00ed d\u017eem p\u0159edstavuje snadn\u00fd zp\u016fsob, jak mravenc\u016fm poskytnout \u010derstv\u011b konzervovanou proteinovou potravu, ani\u017e by museli krmit \u017eiv\u00fdm hmyzem. Obsa\u017een\u00ed cvr\u010dci (Acheta domesticus) byli \u0161etrn\u011b uva\u0159eni, aby byly zachov\u00e1ny nutri\u010dn\u00ed hodnoty, chu\u0165 a v\u016fn\u011b. Krom\u011b toho se t\u00edmto zp\u016fsobem zm\u011bk\u010d\u00ed chitinov\u00e1 schr\u00e1nka hmyzu, aby se dala snadn\u011bji str\u00e1vit. Vazby kolagenn\u00edch b\u00edlkovin se rozru\u0161\u00ed, aby je mravenci mohli l\u00e9pe vyu\u017e\u00edt. Konzervy Acheta domesticus maj\u00ed stejnou v\u00fd\u017eivovou hodnotu jako \u017eiv\u00ed cvr\u010dci, ale jsou snadn\u011bji straviteln\u00e9.<\/p>\n<p>Cricket Jam nen\u00ed vhodn\u00fd pro lov druh\u016f mravenc\u016f, kte\u0159\u00ed vy\u017eaduj\u00ed \u017eivou potravu (nap\u0159. ponravy (velc\u00ed mravenci), jako jsou Harpegnathos nebo Odontomachus).<\/p>\n<p><strong>Dal\u0161\u00ed v\u00fdhody:<\/strong><br \/>\nZaru\u010den\u011b bez rozto\u010d\u016f<br \/>\nLze porcovat a \u0159edit vodou<br \/>\nSterilizovan\u00e9 a vakuov\u011b balen\u00e9<br \/>\nBez p\u0159\u00edsad<br \/>\nCvr\u010dci z udr\u017eiteln\u00e9ho \u010dist\u011b ekologick\u00e9ho chovu, krmeni organick\u00fdm odpadem<\/p>\n<p><strong>Pozn\u00e1mka:<\/strong><br \/>\nPo otev\u0159en\u00ed lze uchov\u00e1vat v chladni\u010dce asi \u010dty\u0159i dny. P\u0159i zmrazen\u00ed je trvanlivost del\u0161\u00ed.<br \/>\n<strong>Pozor:<\/strong> Nejprve porcujte a pot\u00e9 zmrazte.<\/p>\n<p><strong>Pozn\u00e1mka k medovici:<\/strong><br \/>\nObsah: 10 ml<br \/>\nJedn\u00e1 se o p\u0159\u00edrodn\u00ed produkt, kter\u00fd jsme po rozs\u00e1hl\u00e9m testov\u00e1n\u00ed v na\u0161\u00ed laborato\u0159i zdokonalili a vyvinuli z n\u011bj potravu, kterou mravenci velmi dob\u0159e p\u0159ij\u00edmaj\u00ed. D\u016fvodem je, \u017ee nezpracovan\u00fd medovicov\u00fd med v jeho koncentrovan\u00e9 p\u016fvodn\u00ed podob\u011b nen\u00ed mravenci a jejich metabolismem dob\u0159e p\u0159ij\u00edm\u00e1n.<br \/>\nNa\u0161e medovice byla nasb\u00edr\u00e1na v nezne\u010di\u0161t\u011bn\u00fdch divok\u00fdch horsk\u00fdch les\u00edch Bulharska. Medovice se rod\u00ed jen velmi omezenou dobu, v l\u00e9t\u011b asi dva m\u011bs\u00edce. Je proto velmi vz\u00e1cn\u00e1. D\u00edky specifick\u00fdm vlastnostem p\u016fdy v les\u00edch a klimatu se v listech strom\u016f ukl\u00e1daj\u00ed z\u00e1kladn\u00ed \u017eiviny, kter\u00e9 m\u0161ice vst\u0159eb\u00e1vaj\u00ed. Pr\u00e1v\u011b d\u00edky tomu je tato medovicov\u00e1 sm\u011bs pro mravence tak \u017e\u00e1douc\u00ed.<\/p>\n<p><strong>Pou\u017eit\u00ed:<\/strong><br \/>\nMno\u017estv\u00ed j\u00eddla by m\u011blo b\u00fdt spot\u0159ebov\u00e1no p\u0159ibli\u017en\u011b do 3 dn\u016f.<\/p>\n<p><strong>Popis:<\/strong><br \/>\nMedovice se na rozd\u00edl od kv\u011btov\u00e9ho medu z\u00edsk\u00e1v\u00e1 z v\u00fdm\u011b\u0161k\u016f hmyzu, kter\u00fd saje na rostlin\u00e1ch, nap\u0159\u00edklad m\u0161ic. Medovice je obl\u00edben\u00fdm zdrojem potravy pro mnoho druh\u016f hmyzu, jako jsou mravenci, v\u010dely a \u010dmel\u00e1ci. V\u010dely a \u010dmel\u00e1ci ji sl\u00edz\u00e1vaj\u00ed z list\u016f nebo jehli\u010d\u00ed r\u016fzn\u00fdch strom\u016f. Mravenci, jako je Lasius niger, m\u0161ice doslova chovaj\u00ed. Dokonce je br\u00e1n\u00ed p\u0159ed pred\u00e1tory a p\u0159en\u00e1\u0161ej\u00ed je na \u010derstv\u00e9 v\u00fdhonky.<\/p>\n<p>Medovice je u mravenc\u016f obzvl\u00e1\u0161t\u011b obl\u00edben\u00e1 d\u00edky sv\u00fdm pon\u011bkud odli\u0161n\u00fdm slo\u017ek\u00e1m. Hlavn\u00edmi cukry v medovici jsou sachar\u00f3za a frukt\u00f3za, ale v men\u0161\u00edm mno\u017estv\u00ed se vyskytuj\u00ed tak\u00e9 malt\u00f3za, trehal\u00f3za, melezit\u00f3za, rafin\u00f3za a dal\u0161\u00ed oligosacharidy. Krom\u011b cukru a vody obsahuje medovice tak\u00e9 esenci\u00e1ln\u00ed aminokyseliny, miner\u00e1ln\u00ed l\u00e1tky, stopov\u00e9 prvky, adenosiny, fosf\u00e1ty a dal\u0161\u00ed slo\u017eky, nap\u0159. vitaminy.<\/p>\n<p><strong>Pou\u017eit\u00ed:<\/strong><br \/>\nPro druhy mravenc\u016f medojed\u016f (Meliphagidae)<br \/>\nJedn\u00e1 se o dopl\u0148kov\u00e9 krmivo<br \/>\nZv\u00ed\u0159at\u016fm ji lze nab\u00eddnout v podob\u011b, v jak\u00e9 je dod\u00e1v\u00e1na. Vzhledem k tomu, \u017ee se koncentrace cukru sni\u017euje vlivem vlhkosti a za\u010d\u00edn\u00e1 proces kva\u0161en\u00ed, je t\u0159eba krmivo ka\u017ed\u00e9 t\u0159i dny vym\u011bnit. P\u0159ed op\u011btovn\u00fdm pou\u017eit\u00edm krmnou misku\/zkumavku d\u016fkladn\u011b vy\u010dist\u011bte.<br \/>\nPo otev\u0159en\u00ed je t\u0159eba balen\u00ed uchov\u00e1vat t\u011bsn\u011b uzav\u0159en\u00e9 a\u017e do data pou\u017eitelnosti.<\/p>\n<p><strong>V\u00fd\u017eivov\u00e9 \u00fadaje na 100 g:<\/strong><br \/>\ncca 2,7 % tuk\u016f<br \/>\nz toho nasycen\u00e9 p\u0159ibli\u017en\u011b 0,45 %<br \/>\np\u0159ibli\u017en\u011b 95 % sacharid\u016f<br \/>\nz toho cukr p\u0159ibli\u017en\u011b 71<br \/>\np\u0159ibli\u017en\u011b 2.85% b\u00edlkovin<br \/>\nMiner\u00e1ln\u00ed l\u00e1tky (drasl\u00edk, v\u00e1pn\u00edk, m\u011b\u010f, \u017eelezo, sod\u00edk, ho\u0159\u010d\u00edk, fosfor, zinek a dal\u0161\u00ed stopov\u00e9 prvky). Aminokyseliny (prolin, leucin, fenylalanin, alanin, histidin, isoleucin, kyselina glutamov\u00e1, arginin, kyselina asparagov\u00e1 atd.) Organick\u00e9 kyseliny Enzymy (fermenty)P\u0159\u00edchut\u011b Inhibiny (antibakteri\u00e1ln\u00ed l\u00e1tky) Kv\u011bty Pyl<\/p>\n<p><strong>Skladov\u00e1n\u00ed:<\/strong><br \/>\nAby byla zaji\u0161t\u011bna kvalita krmiva, m\u011blo by b\u00fdt skladov\u00e1no na tmav\u00e9m a such\u00e9m m\u00edst\u011b.<\/p>\n<p><strong>Pozn\u00e1mka:<\/strong><br \/>\nDopl\u0148kov\u00e9 krmivo pro mravence medojedy.<br \/>\nSlo\u017een\u00ed, analytick\u00e9 slo\u017eky, datum minim\u00e1ln\u00ed trvanlivosti a \u010d\u00edslo \u0161ar\u017ee najdete v p\u0159\u00edbalov\u00e9m let\u00e1ku.<\/p>\n<p>Informa\u010dn\u00ed linka +49 30 439703870<\/p>\n<p>Odpov\u011bdn\u00fd veterin\u00e1rn\u00ed a potravin\u00e1\u0159sk\u00fd inspektor\u00e1t:<br \/>\nVeterin\u00e1rn\u00ed kancel\u00e1\u0159 Steglitz<br \/>\nK\u00f6nigin-Luise-Str. 92<br \/>\n14195 Berl\u00edn<\/p>","protected":false},"excerpt":{"rendered":"<p>Sada se skl\u00e1d\u00e1 z 33 d\u00edl\u016f<br \/>\nVelikost: <span style=\"color: #0000ff;\"><strong>L<\/strong><\/span><\/p>","protected":false},"featured_media":7121,"comment_status":"open","ping_status":"closed","template":"","meta":{"_acf_changed":false,"content-type":"","_monsterinsights_skip_tracking":false,"_monsterinsights_sitenote_active":false,"_monsterinsights_sitenote_note":"","_monsterinsights_sitenote_category":0},"product_brand":[],"product_cat":[355,73,76,89],"product_tag":[],"class_list":{"0":"post-4626","1":"product","2":"type-product","3":"status-publish","4":"has-post-thumbnail","6":"product_cat-bundle-offers","7":"product_cat-starter-sets","8":"product_cat-starter-sets-cork","9":"product_cat-cork","11":"first","12":"instock","13":"taxable","14":"shipping-taxable","15":"purchasable","16":"product-type-simple"},"acf":[],"aioseo_notices":[],"jetpack_sharing_enabled":true,"_links":{"self":[{"href":"https:\/\/antcube.shop\/cs\/wp-json\/wp\/v2\/product\/4626","targetHints":{"allow":["GET"]}}],"collection":[{"href":"https:\/\/antcube.shop\/cs\/wp-json\/wp\/v2\/product"}],"about":[{"href":"https:\/\/antcube.shop\/cs\/wp-json\/wp\/v2\/types\/product"}],"replies":[{"embeddable":true,"href":"https:\/\/antcube.shop\/cs\/wp-json\/wp\/v2\/comments?post=4626"}],"wp:featuredmedia":[{"embeddable":true,"href":"https:\/\/antcube.shop\/cs\/wp-json\/wp\/v2\/media\/7121"}],"wp:attachment":[{"href":"https:\/\/antcube.shop\/cs\/wp-json\/wp\/v2\/media?parent=4626"}],"wp:term":[{"taxonomy":"product_brand","embeddable":true,"href":"https:\/\/antcube.shop\/cs\/wp-json\/wp\/v2\/product_brand?post=4626"},{"taxonomy":"product_cat","embeddable":true,"href":"https:\/\/antcube.shop\/cs\/wp-json\/wp\/v2\/product_cat?post=4626"},{"taxonomy":"product_tag","embeddable":true,"href":"https:\/\/antcube.shop\/cs\/wp-json\/wp\/v2\/product_tag?post=4626"}],"curies":[{"name":"wp","href":"https:\/\/api.w.org\/{rel}","templated":true}]}}