{"id":4625,"date":"2022-11-14T14:21:09","date_gmt":"2022-11-14T13:21:09","guid":{"rendered":"https:\/\/antcube.shop\/produkt\/acrylglas-xt-rohr-50-46mm-1m\/"},"modified":"2026-04-14T09:35:43","modified_gmt":"2026-04-14T07:35:43","slug":"acrylic-xt-tube-50-46mm-1m","status":"publish","type":"product","link":"https:\/\/antcube.shop\/cs\/produkt\/acrylic-xt-tube-50-46mm-1m\/","title":{"rendered":"Mraven\u010d\u00ed trubka - k\u0159i\u0161\u0165\u00e1lov\u011b \u010dir\u00e1 - 50 mm - 1 m"},"content":{"rendered":"<p><strong>Rozm\u011bry:<\/strong> vn\u011bj\u0161\u00ed pr\u016fm\u011br 50 mm, d\u00e9lka: 1 m<\/p>\n<p><strong>Materi\u00e1l:<\/strong> akrylov\u00e9 sklo<\/p>\n<p><strong>Barva:<\/strong> pr\u016fhledn\u00e9, jasn\u00e9<\/p>\n<p><strong>Popis:<\/strong> Lze je p\u0159ipojit k formik\u00e1riu pomoc\u00ed adapt\u00e9r\u016f nebo spojit n\u011bkolik formik\u00e1ri\u00ed dohromady.<\/p>\n<p><strong>Pozn\u00e1mka:<\/strong> Z d\u016fvodu balen\u00ed lze 1 metr dlouh\u00e9 trubky roz\u0159\u00edznout na polovinu a voliteln\u011b objednat s odpov\u00eddaj\u00edc\u00edm kusem trubky. Pokud si p\u0159ejete, aby byly trubky v ka\u017ed\u00e9m p\u0159\u00edpad\u011b dod\u00e1ny jako 1 metr dlouh\u00e9 trubky, je t\u0159eba tuto mo\u017enost zvolit jako p\u0159\u00edplatek.<\/p>","protected":false},"excerpt":{"rendered":"<p>Rozm\u011bry: vn\u011bj\u0161\u00ed pr\u016fm\u011br 50 mm, d\u00e9lka: 1 m Materi\u00e1l: akrylov\u00e9 sklo Barva: pr\u016fhledn\u00e1, \u010dir\u00e1 Popis: Lze p\u0159ipojit k formik\u00e1riu pomoc\u00ed adapt\u00e9r\u016f nebo spojit n\u011bkolik formik\u00e1ri\u00ed dohromady. Pozn\u00e1mka: Z d\u016fvodu balen\u00ed lze trubky o d\u00e9lce 1 m roz\u0159\u00edznout na polovinu a voliteln\u011b objednat odpov\u00eddaj\u00edc\u00ed kus trubky. Pokud chcete m\u00edt","protected":false},"featured_media":5122,"comment_status":"open","ping_status":"closed","template":"","meta":{"_acf_changed":false,"content-type":"","_monsterinsights_skip_tracking":false,"_monsterinsights_sitenote_active":false,"_monsterinsights_sitenote_note":"","_monsterinsights_sitenote_category":0},"product_brand":[],"product_cat":[119,120],"product_tag":[],"class_list":{"0":"post-4625","1":"product","2":"type-product","3":"status-publish","4":"has-post-thumbnail","6":"product_cat-formicarium-components","7":"product_cat-hoses","9":"first","10":"instock","11":"taxable","12":"shipping-taxable","13":"purchasable","14":"product-type-simple"},"acf":[],"aioseo_notices":[],"jetpack_sharing_enabled":true,"_links":{"self":[{"href":"https:\/\/antcube.shop\/cs\/wp-json\/wp\/v2\/product\/4625","targetHints":{"allow":["GET"]}}],"collection":[{"href":"https:\/\/antcube.shop\/cs\/wp-json\/wp\/v2\/product"}],"about":[{"href":"https:\/\/antcube.shop\/cs\/wp-json\/wp\/v2\/types\/product"}],"replies":[{"embeddable":true,"href":"https:\/\/antcube.shop\/cs\/wp-json\/wp\/v2\/comments?post=4625"}],"wp:featuredmedia":[{"embeddable":true,"href":"https:\/\/antcube.shop\/cs\/wp-json\/wp\/v2\/media\/5122"}],"wp:attachment":[{"href":"https:\/\/antcube.shop\/cs\/wp-json\/wp\/v2\/media?parent=4625"}],"wp:term":[{"taxonomy":"product_brand","embeddable":true,"href":"https:\/\/antcube.shop\/cs\/wp-json\/wp\/v2\/product_brand?post=4625"},{"taxonomy":"product_cat","embeddable":true,"href":"https:\/\/antcube.shop\/cs\/wp-json\/wp\/v2\/product_cat?post=4625"},{"taxonomy":"product_tag","embeddable":true,"href":"https:\/\/antcube.shop\/cs\/wp-json\/wp\/v2\/product_tag?post=4625"}],"curies":[{"name":"wp","href":"https:\/\/api.w.org\/{rel}","templated":true}]}}