{"id":4614,"date":"2022-11-01T18:09:43","date_gmt":"2022-11-01T17:09:43","guid":{"rendered":"https:\/\/antcube.shop\/produkt\/formicarienunterlage-40x20cm\/"},"modified":"2026-04-05T19:45:30","modified_gmt":"2026-04-05T17:45:30","slug":"formicarienunterlage-40x20cm","status":"publish","type":"product","link":"https:\/\/antcube.shop\/cs\/produkt\/formicarienunterlage-40x20cm\/","title":{"rendered":"Podlo\u017eka pod formik\u00e1rium - 40x20cm"},"content":{"rendered":"<p><strong>Rozm\u011bry:<\/strong> 400 x 200 x 4 mm<\/p>\n<p><strong>Materi\u00e1l:<\/strong> PE p\u011bna<\/p>\n<p><strong>Barva:<\/strong> \u0161ed\u00e1<\/p>\n<p><strong>Obsah: <\/strong>1 ks.<\/p>\n<p><strong>Popis:<\/strong><br \/>\nPodlo\u017eka formik\u00e1ria je vyrobena z m\u011bkk\u00e9ho p\u011bnov\u00e9ho materi\u00e1lu.<br \/>\nChr\u00e1n\u00ed formik\u00e1rium i n\u00e1bytek, na kter\u00e9m formik\u00e1rium stoj\u00ed, p\u0159ed po\u0161kr\u00e1b\u00e1n\u00edm.<br \/>\nPodlo\u017eka nav\u00edc slou\u017e\u00ed jako tepeln\u00e1 izolace, kter\u00e1 vyrovn\u00e1v\u00e1 sebemen\u0161\u00ed nerovnosti, a chr\u00e1n\u00ed tak\u00e9 p\u0159ed vibracemi.<\/p>","protected":false},"excerpt":{"rendered":"<p>Rozm\u011bry: Materi\u00e1l: 290 x 60 x 4 mm Materi\u00e1l: PE p\u011bna Barva: \u0161ed\u00e1 Obsah: Obsah: 1 ks.  Podlo\u017eka do formik\u00e1ria je vyrobena z m\u011bkk\u00e9ho p\u011bnov\u00e9ho materi\u00e1lu. Chr\u00e1n\u00ed formik\u00e1rium i n\u00e1bytek, na kter\u00e9m formik\u00e1rium stoj\u00ed, p\u0159ed po\u0161kr\u00e1b\u00e1n\u00edm. Krom\u011b toho podlo\u017eka slou\u017e\u00ed jako tepeln\u00e1 izolace, kter\u00e1 kompenzuje.","protected":false},"featured_media":5125,"comment_status":"open","ping_status":"closed","template":"","meta":{"_acf_changed":false,"content-type":"","_monsterinsights_skip_tracking":false,"_monsterinsights_sitenote_active":false,"_monsterinsights_sitenote_note":"","_monsterinsights_sitenote_category":0},"product_brand":[],"product_cat":[239],"product_tag":[],"class_list":{"0":"post-4614","1":"product","2":"type-product","3":"status-publish","4":"has-post-thumbnail","6":"product_cat-useful-additions","8":"first","9":"instock","10":"taxable","11":"shipping-taxable","12":"purchasable","13":"product-type-simple"},"acf":[],"aioseo_notices":[],"jetpack_sharing_enabled":true,"_links":{"self":[{"href":"https:\/\/antcube.shop\/cs\/wp-json\/wp\/v2\/product\/4614","targetHints":{"allow":["GET"]}}],"collection":[{"href":"https:\/\/antcube.shop\/cs\/wp-json\/wp\/v2\/product"}],"about":[{"href":"https:\/\/antcube.shop\/cs\/wp-json\/wp\/v2\/types\/product"}],"replies":[{"embeddable":true,"href":"https:\/\/antcube.shop\/cs\/wp-json\/wp\/v2\/comments?post=4614"}],"wp:featuredmedia":[{"embeddable":true,"href":"https:\/\/antcube.shop\/cs\/wp-json\/wp\/v2\/media\/5125"}],"wp:attachment":[{"href":"https:\/\/antcube.shop\/cs\/wp-json\/wp\/v2\/media?parent=4614"}],"wp:term":[{"taxonomy":"product_brand","embeddable":true,"href":"https:\/\/antcube.shop\/cs\/wp-json\/wp\/v2\/product_brand?post=4614"},{"taxonomy":"product_cat","embeddable":true,"href":"https:\/\/antcube.shop\/cs\/wp-json\/wp\/v2\/product_cat?post=4614"},{"taxonomy":"product_tag","embeddable":true,"href":"https:\/\/antcube.shop\/cs\/wp-json\/wp\/v2\/product_tag?post=4614"}],"curies":[{"name":"wp","href":"https:\/\/api.w.org\/{rel}","templated":true}]}}