{"id":4613,"date":"2022-11-01T18:09:28","date_gmt":"2022-11-01T17:09:28","guid":{"rendered":"https:\/\/antcube.shop\/produkt\/antcube-starter-set-vivarium-30x30x30-cube\/"},"modified":"2026-04-01T11:20:15","modified_gmt":"2026-04-01T09:20:15","slug":"vivarium-plantcube-20x20x20-biom","status":"publish","type":"product","link":"https:\/\/antcube.shop\/cs\/produkt\/vivarium-plantcube-20x20x20-biom\/","title":{"rendered":"PLANTCUBE - Viv\u00e1rium 20x20x20 Biom"},"content":{"rendered":"<p><b>Obsah:<\/b><b><br \/>\n<\/b><span style=\"font-weight: 400;\">1x PLANTCUBE Vivarium 20x20x20 Biom<\/span><span style=\"font-weight: 400;\"><br \/>\n<\/span><span style=\"font-weight: 400;\">2x z\u00e1tka pro 10mm otvor<\/span><\/p>\n<p><span style=\"font-weight: 400;\">Sklen\u011bn\u00e1 kostka 20x20x20cm s 2x bo\u010dn\u00edm 27mm otvorem a 2x bo\u010dn\u00edm 10mm otvorem<\/span><span style=\"font-weight: 400;\"><br \/>\n<\/span><span style=\"font-weight: 400;\">Otvor 27 mm (st\u0159edov\u00fd bod) je ve v\u00fd\u0161ce 8,5 cm.\u00a0<\/span><\/p>\n<p><b>Rozm\u011bry:<\/b><span style=\"font-weight: 400;\"> 200 x 200 x 200 mm; tlou\u0161\u0165ka skla 4 mm<\/span><\/p>\n<p><b>Materi\u00e1l:<\/b><span style=\"font-weight: 400;\"> floatov\u00e9 sklo<\/span><\/p>\n<p><b>Bo\u010dn\u00ed otvory:<\/b><b><br \/>\n<\/b><span style=\"font-weight: 400;\">2x otvor 27 mm<\/span><span style=\"font-weight: 400;\"><br \/>\n<\/span><span style=\"font-weight: 400;\">2x otvor 10 mm<\/span><\/p>\n<p><span style=\"font-weight: 400;\">S na\u0161imi viv\u00e1rii PLANTCUBE si m\u016f\u017eete navrhnout vlastn\u00ed \u017eiv\u00e9 um\u011bleck\u00e9 d\u00edlo do ob\u00fdvac\u00edho pokoje. V PLANTCUBE m\u016f\u017eete chovat i drobn\u00e1 zv\u00ed\u0159ata, tak\u017ee va\u0161\u00ed kreativit\u011b se meze nekladou.<\/span><\/p>\n<p><span style=\"font-weight: 400;\">Pokud se chcete dozv\u011bd\u011bt v\u00edce o PLANTCUBE nebo si p\u0159e\u010d\u00edst na\u0161eho pr\u016fvodce krok za krokem, jak si zalo\u017eit viv\u00e1rium, nav\u0161tivte n\u00e1sleduj\u00edc\u00ed odkaz: <a href=\"http:\/\/antcube.shop\/PLANTCUBE\">antcube.shop\/PLANTCUBE<\/a><\/span><\/p>\n<p><b>P\u0159izp\u016fsobte si PLANTCUBE sv\u00fdm pot\u0159eb\u00e1m nebo pot\u0159eb\u00e1m sv\u00fdch rostlin a zv\u00ed\u0159at:<\/b><\/p>\n<p><span style=\"font-weight: 400;\">Dva 10mm otvory na boku, um\u00edst\u011bn\u00e9 ve v\u00fd\u0161ce 2 cm (uprost\u0159ed) ode dna, slou\u017e\u00ed k odtoku p\u0159ebyte\u010dn\u00e9 vody. K odtoku vody m\u016f\u017eete pou\u017e\u00edt nap\u0159\u00edklad na\u0161i pr\u016fhlednou hadici 10\/06 mm. Dva 27mm otvory lze bu\u010f uzav\u0159\u00edt pomoc\u00ed z\u00e1tek, nebo slou\u017e\u00ed jako dodate\u010dn\u00e9 v\u011btr\u00e1n\u00ed, pokud jsou vybaveny m\u0159\u00ed\u017ekov\u00fdmi vlo\u017ekami. M\u016f\u017eete zde dokonce propojit dv\u011b sestavy prost\u0159ednictv\u00edm akryl\u00e1tov\u00e9 trubky. Pokud tedy chov\u00e1te zv\u00ed\u0159ata uvnit\u0159 viv\u00e1ria, mohou voln\u011b p\u0159ech\u00e1zet z jedn\u00e9 sestavy do druh\u00e9.<\/span><\/p>\n<p><b>Jak prom\u011bnit PLANTCUBE v bioaktivn\u00ed ekosyst\u00e9m?:<\/b><\/p>\n<p><b>Vytvo\u0159te dren\u00e1\u017en\u00ed vrstvu:<\/b><\/p>\n<p><span style=\"font-weight: 400;\">Abyste podpo\u0159ili rostliny, m\u011bli byste uvnit\u0159 viv\u00e1ria nejprve vytvo\u0159it dren\u00e1\u017en\u00ed vrstvu. Doporu\u010dujeme pou\u017e\u00edt 2-3 cm hlin\u011bn\u00fdch granul\u00ed (4-8 mm), proto\u017ee jsou lehk\u00e9. P\u0159ed vlo\u017een\u00edm je nezapome\u0148te om\u00fdt pod tekouc\u00ed vodou, abyste je zbavili prachu.\u00a0<\/span><\/p>\n<p><span style=\"font-weight: 400;\">Na hlin\u011bn\u00fd granul\u00e1t m\u016f\u017eete polo\u017eit dren\u00e1\u017en\u00ed rouno, kter\u00e9 odd\u011bl\u00ed dren\u00e1\u017e od substr\u00e1tu.<\/span><\/p>\n<p><b>Jak\u00e9 rostliny a p\u016fdu pou\u017e\u00edt:<\/b><\/p>\n<p><span style=\"font-weight: 400;\">To v\u0161e z\u00e1vis\u00ed na typu ekosyst\u00e9mu, kter\u00fd chcete vytvo\u0159it. Pokud chcete vybudovat pou\u0161tn\u00ed nebo sp\u00ed\u0161e such\u00e9 viv\u00e1rium, budete pot\u0159ebovat rostliny, kter\u00fdm se v takov\u00e9m klimatu da\u0159\u00ed, a pou\u017eijete vhodnou p\u016fdu, ve kter\u00e9 r\u00e1dy rostou. U tropick\u00fdch viv\u00e1ri\u00ed je to samoz\u0159ejm\u011b stejn\u00e9. Sna\u017ete se pou\u017e\u00edt rostliny z podobn\u00fdch oblast\u00ed a\/nebo podneb\u00ed, aby se jim v\u0161em da\u0159ilo ve stejn\u00e9m typu p\u016fdy a podneb\u00ed. Dobr\u00fd obchod s rostlinami by m\u011bl m\u00edt v\u017edy informace o odpov\u00eddaj\u00edc\u00edm klimatu a p\u016fd\u011b pro rostliny, kter\u00e9 prod\u00e1v\u00e1.<\/span><\/p>\n<p><b>D\u016fle\u017eit\u00e9:<\/b><span style=\"font-weight: 400;\"> Pokud chcete chovat rostliny a zv\u00ed\u0159ata spole\u010dn\u011b, nikdy nepou\u017e\u00edvejte rostliny, u kter\u00fdch nev\u00edte, zda nep\u0159i\u0161ly do styku s hnojivy nebo pesticidy. Pou\u017e\u00edvejte pouze rostliny z teraristick\u00fdch nebo podobn\u00fdch obchod\u016f, u kter\u00fdch je zaru\u010deno, \u017ee jsou zcela bez pesticid\u016f a hnojiv. Ty jinak mohou v\u00e9st k \u00fahynu va\u0161ich zv\u00ed\u0159at.<\/span><\/p>\n<p><b>Zave\u010fte \"\u00faklidovou \u010detu\", aby va\u0161e viv\u00e1rium bylo bioaktivn\u00ed.<\/b><\/p>\n<p><b>Co je bioaktivn\u00ed? <\/b><span style=\"font-weight: 400;\">Co je bioaktivn\u00ed? To je nejbl\u00ed\u017ee k sob\u011bsta\u010dn\u00e9mu nastaven\u00ed. Jde o p\u0159id\u00e1n\u00ed vhodn\u00e9 p\u016fdn\u00ed sm\u011bsi a organick\u00e9ho materi\u00e1lu pro tvorbu mikrofl\u00f3ry a pot\u0159ebn\u00e9 mikrofauny, aby se ve va\u0161em viv\u00e1riu vytvo\u0159il kolob\u011bh \u017eivin.<\/span><\/p>\n<p><span style=\"font-weight: 400;\">N\u00e1\u0161 tip: V\u017edy p\u0159id\u00e1vejte drobn\u00e9 \u017eivo\u010dichy, jako jsou pru\u017einovky a izopodi. Nejen\u017ee jsou samy o sob\u011b dobr\u00fdm \"nekone\u010dn\u00fdm\" zdrojem potravy, pokud chcete ve sv\u00e9m viv\u00e1riu chovat dal\u0161\u00ed \u017eivo\u010dichy. \u017div\u00ed se zejm\u00e9na pl\u00edsn\u011bmi, kter\u00e9 se mohou tvo\u0159it v d\u016fsledku vysok\u00e9 vlhkosti, a obohacuj\u00ed p\u016fdu o \u017eiviny, kter\u00e9 n\u00e1sledn\u011b umo\u017e\u0148uj\u00ed zdrav\u00fd r\u016fst rostlin.<\/span><\/p>\n<p><span style=\"font-weight: 400;\">P\u0159idejte do p\u016fdy trochu d\u0159ev\u011bn\u00e9ho uhl\u00ed, kter\u00e9 pom\u00e1h\u00e1 mikrob\u016fm kolonizovat p\u016fdu. Mech a k\u016fra z korku nebo b\u00edl\u00e9 ztrouchniv\u011bl\u00e9 d\u0159evo vedle list\u00ed nejen\u017ee vypadaj\u00ed ve va\u0161\u00ed sestav\u011b p\u0159irozen\u011b, ale tak\u00e9 slou\u017e\u00ed jako potrava pro va\u0161i \"\u00faklidovou \u010detu\", poskytuj\u00ed jim \u00fakryt a m\u00edsta k rozmno\u017eov\u00e1n\u00ed a snadno se rozkl\u00e1daj\u00ed na \u017eiviny pro va\u0161e rostliny.<\/span><\/p>\n<p><b>V p\u0159\u00edrod\u011b je v\u0161e o rovnov\u00e1ze<\/b><\/p>\n<p><span style=\"font-weight: 400;\">Nedoporu\u010duje se v\u0161ak pou\u017e\u00edvat n\u011bkter\u00e9 druhy izopod\u016f bez p\u0159id\u00e1n\u00ed n\u011b\u010deho, co je lov\u00ed, proto\u017ee populace izopod\u016f bez pred\u00e1tor\u016f, jako jsou nap\u0159\u00edklad mravenci, se r\u00e1da vymkne kontrole a rostliny ve va\u0161em viv\u00e1riu se pak rychle stanou ne\u017e\u00e1douc\u00edm zdrojem potravy. V p\u0159\u00edrod\u011b je v\u0161e o rovnov\u00e1ze.<\/span><\/p>\n<p><b>Dal\u0161\u00ed informace:<\/b><\/p>\n<p><span style=\"font-weight: 400;\">Sklo je brou\u0161eno podle normy DIN 1249 s toleranc\u00ed +\/- 1 mm. U extr\u00e9mn\u011b mal\u00fdch druh\u016f mravenc\u016f je nezbytn\u00e1 dodate\u010dn\u00e1 ochrana proti vylomen\u00ed.<\/span><\/p>","protected":false},"excerpt":{"rendered":"<p>P\u0159ipojen\u00ed: 2x otvor 27 mm<br \/>\n2x otvor 10 mm<\/p>","protected":false},"featured_media":12297,"comment_status":"open","ping_status":"closed","template":"","meta":{"_acf_changed":false,"content-type":"","_monsterinsights_skip_tracking":false,"_monsterinsights_sitenote_active":false,"_monsterinsights_sitenote_note":"","_monsterinsights_sitenote_category":0},"product_brand":[483],"product_cat":[341],"product_tag":[],"class_list":{"0":"post-4613","1":"product","2":"type-product","3":"status-publish","4":"has-post-thumbnail","6":"product_brand-plantcube","7":"product_cat-vivariums","9":"first","10":"instock","11":"taxable","12":"shipping-taxable","13":"purchasable","14":"product-type-simple"},"acf":[],"aioseo_notices":[],"jetpack_sharing_enabled":true,"_links":{"self":[{"href":"https:\/\/antcube.shop\/cs\/wp-json\/wp\/v2\/product\/4613","targetHints":{"allow":["GET"]}}],"collection":[{"href":"https:\/\/antcube.shop\/cs\/wp-json\/wp\/v2\/product"}],"about":[{"href":"https:\/\/antcube.shop\/cs\/wp-json\/wp\/v2\/types\/product"}],"replies":[{"embeddable":true,"href":"https:\/\/antcube.shop\/cs\/wp-json\/wp\/v2\/comments?post=4613"}],"wp:featuredmedia":[{"embeddable":true,"href":"https:\/\/antcube.shop\/cs\/wp-json\/wp\/v2\/media\/12297"}],"wp:attachment":[{"href":"https:\/\/antcube.shop\/cs\/wp-json\/wp\/v2\/media?parent=4613"}],"wp:term":[{"taxonomy":"product_brand","embeddable":true,"href":"https:\/\/antcube.shop\/cs\/wp-json\/wp\/v2\/product_brand?post=4613"},{"taxonomy":"product_cat","embeddable":true,"href":"https:\/\/antcube.shop\/cs\/wp-json\/wp\/v2\/product_cat?post=4613"},{"taxonomy":"product_tag","embeddable":true,"href":"https:\/\/antcube.shop\/cs\/wp-json\/wp\/v2\/product_tag?post=4613"}],"curies":[{"name":"wp","href":"https:\/\/api.w.org\/{rel}","templated":true}]}}