{"id":4611,"date":"2022-11-01T18:08:57","date_gmt":"2022-11-01T17:08:57","guid":{"rendered":"https:\/\/antcube.shop\/produkt\/antcube-arena-30x30x30-wurfel\/"},"modified":"2026-04-23T18:26:59","modified_gmt":"2026-04-23T16:26:59","slug":"antcube-arena-30x30x30-wurfel","status":"publish","type":"product","link":"https:\/\/antcube.shop\/cs\/produkt\/antcube-arena-30x30x30-wurfel\/","title":{"rendered":"ANTCUBE - Arena 30x30x30 - Kostka"},"content":{"rendered":"<p><strong>Rozm\u011bry:<\/strong> 300 x 300 x 300 mm; tlou\u0161\u0165ka skla 4 mm<\/p>\n<p><strong>Materi\u00e1l:<\/strong> floatov\u00e9 sklo<\/p>\n<p><strong>P\u0159ipojen\u00ed:<\/strong> 2x otvor 50 mm<\/p>\n<p><strong>Popis:<\/strong><br \/>\nSklen\u011bn\u00e9 umyvadlo 30x30x30 cm s vrt\u00e1n\u00edm 2x 50 mm.<br \/>\nVrt\u00e1n\u00ed (st\u0159edov\u00fd bod) je ve v\u00fd\u0161ce 3 cm.<\/p>\n<p><strong>Pozn\u00e1mka:<\/strong> Sklo je brou\u0161eno podle normy DIN 1249 s toleranc\u00ed +\/- 1 mm. U extr\u00e9mn\u011b mal\u00fdch druh\u016f mravenc\u016f je nezbytn\u00e1 dodate\u010dn\u00e1 ochrana proti vylomen\u00ed.<\/p>","protected":false},"excerpt":{"rendered":"<p><strong>P\u0159ipojen\u00ed:<\/strong> 2x otvor 50 mm<br \/>\n<strong>Velikost:<\/strong> S, M, L, XL<\/p>","protected":false},"featured_media":5130,"comment_status":"open","ping_status":"closed","template":"","meta":{"_acf_changed":false,"content-type":"","_monsterinsights_skip_tracking":false,"_monsterinsights_sitenote_active":false,"_monsterinsights_sitenote_note":"","_monsterinsights_sitenote_category":0},"product_brand":[],"product_cat":[85,86],"product_tag":[],"class_list":{"0":"post-4611","1":"product","2":"type-product","3":"status-publish","4":"has-post-thumbnail","6":"product_cat-ant-arenas","7":"product_cat-formicariums","9":"first","10":"instock","11":"taxable","12":"shipping-taxable","13":"purchasable","14":"product-type-simple"},"acf":[],"aioseo_notices":[],"jetpack_sharing_enabled":true,"_links":{"self":[{"href":"https:\/\/antcube.shop\/cs\/wp-json\/wp\/v2\/product\/4611","targetHints":{"allow":["GET"]}}],"collection":[{"href":"https:\/\/antcube.shop\/cs\/wp-json\/wp\/v2\/product"}],"about":[{"href":"https:\/\/antcube.shop\/cs\/wp-json\/wp\/v2\/types\/product"}],"replies":[{"embeddable":true,"href":"https:\/\/antcube.shop\/cs\/wp-json\/wp\/v2\/comments?post=4611"}],"wp:featuredmedia":[{"embeddable":true,"href":"https:\/\/antcube.shop\/cs\/wp-json\/wp\/v2\/media\/5130"}],"wp:attachment":[{"href":"https:\/\/antcube.shop\/cs\/wp-json\/wp\/v2\/media?parent=4611"}],"wp:term":[{"taxonomy":"product_brand","embeddable":true,"href":"https:\/\/antcube.shop\/cs\/wp-json\/wp\/v2\/product_brand?post=4611"},{"taxonomy":"product_cat","embeddable":true,"href":"https:\/\/antcube.shop\/cs\/wp-json\/wp\/v2\/product_cat?post=4611"},{"taxonomy":"product_tag","embeddable":true,"href":"https:\/\/antcube.shop\/cs\/wp-json\/wp\/v2\/product_tag?post=4611"}],"curies":[{"name":"wp","href":"https:\/\/api.w.org\/{rel}","templated":true}]}}