{"id":4609,"date":"2022-11-01T18:08:27","date_gmt":"2022-11-01T17:08:27","guid":{"rendered":"https:\/\/antcube.shop\/produkt\/ameisenarena-abdeckung-30x30\/"},"modified":"2026-04-02T17:28:50","modified_gmt":"2026-04-02T15:28:50","slug":"ameisenarena-abdeckung-30x30","status":"publish","type":"product","link":"https:\/\/antcube.shop\/cs\/produkt\/ameisenarena-abdeckung-30x30\/","title":{"rendered":"Kryt mraveni\u0161t\u011b 30\u00d730"},"content":{"rendered":"<p><strong>Rozm\u011bry (Dx\u0160xV):<\/strong> 30x30x0,4 cm<\/p>\n<p><strong>Materi\u00e1l:<\/strong> floatov\u00e9 sklo<\/p>\n<p><strong>Barva:<\/strong> k\u0159i\u0161\u0165\u00e1lov\u011b \u010dist\u00fd \/ pr\u016fhledn\u00fd<\/p>\n<p><strong>Obsah:<\/strong><br \/>\n1x kryt mraveni\u0161t\u011b<br \/>\n1x fixa\u010dn\u00ed body \u00e0 4 ks.<\/p>\n<p><strong>Popis:<\/strong><br \/>\nKryt ze skla pro mraveni\u0161t\u011b jako ochrana p\u0159ed \u00fanikem.<\/p>\n<p><strong>Pou\u017eit\u00ed:<\/strong><br \/>\nSklen\u011bn\u00fd kryt mraveni\u0161t\u011b je um\u00edst\u011bn na mraveni\u0161ti a slou\u017e\u00ed tak\u00e9 k okam\u017eit\u00e9 regulaci klimatu.<br \/>\nDo 50mm otvor\u016f lze vlo\u017eit r\u016fzn\u00e9 moduly pro regulaci klimatu, nap\u0159. v\u011btrac\u00ed m\u0159\u00ed\u017eky, osv\u011btlen\u00ed nebo zvlh\u010dov\u00e1n\u00ed.<br \/>\nAby se zabr\u00e1nilo \u00faniku mravenc\u016f otvory, m\u011bla by b\u00fdt na spodn\u00ed stranu kolem otvor\u016f nanesena ochrana proti \u00faniku (olej, pr\u00e1\u0161ek nebo lak).<\/p>\n<p><strong>Upozorn\u011bn\u00ed:<\/strong><br \/>\nJeliko\u017e je v\u00fdrobek vyroben ze skla, a je tedy n\u00e1chyln\u00fd k rozbit\u00ed, je t\u0159eba s n\u00edm zach\u00e1zet velmi opatrn\u011b.<\/p>","protected":false},"excerpt":{"rendered":"<p>Rozm\u011bry (Dx\u0160xV): 30x30x0,4 cm Materi\u00e1l: plaven\u00e9 sklo Barva: k\u0159i\u0161\u0165\u00e1lov\u011b \u010dir\u00e1 \/ pr\u016fhledn\u00e1 Obsah: Obsahuje: 1x kryt mraveni\u0161t\u011b 1x fixa\u010dn\u00ed body \u00e0 4 ks. Popis: Mraveni\u0161t\u011b je vyrobeno z materi\u00e1lu, kter\u00fd je sou\u010d\u00e1st\u00ed balen\u00ed: Kryt ze skla pro mraveni\u0161t\u011b jako ochrana proti \u00faniku. Pou\u017eit\u00ed: Kryt mraveni\u0161t\u011b ze skla se umis\u0165uje na mraveni\u0161t\u011b a slou\u017e\u00ed tak\u00e9 jako okam\u017eit\u00e1 ochrana proti mravenc\u016fm.","protected":false},"featured_media":4800,"comment_status":"open","ping_status":"closed","template":"","meta":{"_acf_changed":false,"content-type":"","_monsterinsights_skip_tracking":false,"_monsterinsights_sitenote_active":false,"_monsterinsights_sitenote_note":"","_monsterinsights_sitenote_category":0},"product_brand":[],"product_cat":[91,92],"product_tag":[],"class_list":{"0":"post-4609","1":"product","2":"type-product","3":"status-publish","4":"has-post-thumbnail","6":"product_cat-formicarium-modules","7":"product_cat-arena-cover","9":"first","10":"instock","11":"taxable","12":"shipping-taxable","13":"purchasable","14":"product-type-simple"},"acf":[],"aioseo_notices":[],"jetpack_sharing_enabled":true,"_links":{"self":[{"href":"https:\/\/antcube.shop\/cs\/wp-json\/wp\/v2\/product\/4609","targetHints":{"allow":["GET"]}}],"collection":[{"href":"https:\/\/antcube.shop\/cs\/wp-json\/wp\/v2\/product"}],"about":[{"href":"https:\/\/antcube.shop\/cs\/wp-json\/wp\/v2\/types\/product"}],"replies":[{"embeddable":true,"href":"https:\/\/antcube.shop\/cs\/wp-json\/wp\/v2\/comments?post=4609"}],"wp:featuredmedia":[{"embeddable":true,"href":"https:\/\/antcube.shop\/cs\/wp-json\/wp\/v2\/media\/4800"}],"wp:attachment":[{"href":"https:\/\/antcube.shop\/cs\/wp-json\/wp\/v2\/media?parent=4609"}],"wp:term":[{"taxonomy":"product_brand","embeddable":true,"href":"https:\/\/antcube.shop\/cs\/wp-json\/wp\/v2\/product_brand?post=4609"},{"taxonomy":"product_cat","embeddable":true,"href":"https:\/\/antcube.shop\/cs\/wp-json\/wp\/v2\/product_cat?post=4609"},{"taxonomy":"product_tag","embeddable":true,"href":"https:\/\/antcube.shop\/cs\/wp-json\/wp\/v2\/product_tag?post=4609"}],"curies":[{"name":"wp","href":"https:\/\/api.w.org\/{rel}","templated":true}]}}