{"id":4605,"date":"2022-11-01T18:07:07","date_gmt":"2022-11-01T17:07:07","guid":{"rendered":"https:\/\/antcube.shop\/produkt\/formicariengranulat-1000ml-schwarz\/"},"modified":"2026-04-02T18:12:06","modified_gmt":"2026-04-02T16:12:06","slug":"formicarium-granule-1000ml-cerna","status":"publish","type":"product","link":"https:\/\/antcube.shop\/cs\/produkt\/formicarium-granule-1000ml-cerna\/","title":{"rendered":"Formicarium granule 1000ml - \u010dern\u00e9"},"content":{"rendered":"<p><strong>Obsah:<\/strong> 1000 ml (odpov\u00edd\u00e1 ~600 g)<\/p>\n<p><strong>Velikost zrn:<\/strong> 1 - 8 mm<\/p>\n<p><strong>Barva:<\/strong> \u010dern\u00e1<\/p>\n<p><strong>Z\u00e1kladn\u00ed materi\u00e1l:<\/strong> speci\u00e1ln\u00ed sm\u011bs vysoce kvalitn\u00edch vulkanick\u00fdch kamen\u016f<\/p>\n<p><strong>Popis:<\/strong> Materi\u00e1l udr\u017euje vlhkost a zaji\u0161\u0165uje dobr\u00e9 provzdu\u0161n\u011bn\u00ed p\u016fdy ve formik\u00e1riu, \u010d\u00edm\u017e chr\u00e1n\u00ed p\u0159ed p\u0159emok\u0159en\u00edm a hnilobou. Granulovan\u00e1 vrstva by m\u011bla b\u00fdt pou\u017eita v hloubce asi 1-2 cm jako nejni\u017e\u0161\u00ed vrstva p\u016fdy na farm\u011b.<\/p>\n<p><strong>Vlastnosti:<\/strong><br \/>\n- anorganick\u00fd, miner\u00e1ln\u00ed produkt<br \/>\n- biologicky a chemicky neutr\u00e1ln\u00ed<br \/>\n- struktur\u00e1ln\u011b stabiln\u00ed<br \/>\n- ukl\u00e1d\u00e1 vlhkost<\/p>","protected":false},"excerpt":{"rendered":"<p>Pro lesn\u00ed nebo pralesn\u00ed substr\u00e1t<\/p>","protected":false},"featured_media":5733,"comment_status":"open","ping_status":"closed","template":"","meta":{"_acf_changed":false,"content-type":"","_monsterinsights_skip_tracking":false,"_monsterinsights_sitenote_active":false,"_monsterinsights_sitenote_note":"","_monsterinsights_sitenote_category":0},"product_brand":[],"product_cat":[101,100,241],"product_tag":[],"class_list":{"0":"post-4605","1":"product","2":"type-product","3":"status-publish","4":"has-post-thumbnail","6":"product_cat-forest","7":"product_cat-rainforest","8":"product_cat-granules","10":"first","11":"instock","12":"taxable","13":"shipping-taxable","14":"purchasable","15":"product-type-simple"},"acf":[],"aioseo_notices":[],"jetpack_sharing_enabled":true,"_links":{"self":[{"href":"https:\/\/antcube.shop\/cs\/wp-json\/wp\/v2\/product\/4605","targetHints":{"allow":["GET"]}}],"collection":[{"href":"https:\/\/antcube.shop\/cs\/wp-json\/wp\/v2\/product"}],"about":[{"href":"https:\/\/antcube.shop\/cs\/wp-json\/wp\/v2\/types\/product"}],"replies":[{"embeddable":true,"href":"https:\/\/antcube.shop\/cs\/wp-json\/wp\/v2\/comments?post=4605"}],"wp:featuredmedia":[{"embeddable":true,"href":"https:\/\/antcube.shop\/cs\/wp-json\/wp\/v2\/media\/5733"}],"wp:attachment":[{"href":"https:\/\/antcube.shop\/cs\/wp-json\/wp\/v2\/media?parent=4605"}],"wp:term":[{"taxonomy":"product_brand","embeddable":true,"href":"https:\/\/antcube.shop\/cs\/wp-json\/wp\/v2\/product_brand?post=4605"},{"taxonomy":"product_cat","embeddable":true,"href":"https:\/\/antcube.shop\/cs\/wp-json\/wp\/v2\/product_cat?post=4605"},{"taxonomy":"product_tag","embeddable":true,"href":"https:\/\/antcube.shop\/cs\/wp-json\/wp\/v2\/product_tag?post=4605"}],"curies":[{"name":"wp","href":"https:\/\/api.w.org\/{rel}","templated":true}]}}