{"id":4373,"date":"2022-06-20T09:12:57","date_gmt":"2022-06-20T07:12:57","guid":{"rendered":"https:\/\/antcube.shop\/produkt\/cricket-jam\/"},"modified":"2026-04-06T16:26:18","modified_gmt":"2026-04-06T14:26:18","slug":"cricket-jam","status":"publish","type":"product","link":"https:\/\/antcube.shop\/cs\/produkt\/cricket-jam\/","title":{"rendered":"Cricket Jam"},"content":{"rendered":"<p><strong>\u010cist\u00e1 hmotnost:<\/strong> 25 g na sklenici<br \/>\nrozma\u010dkan\u00ed a du\u0161en\u00ed cvr\u010dci<\/p>\n<p>jednor\u00e1zov\u00fd p\u0159\u00edvod<\/p>\n<p><strong>Popis:<\/strong><br \/>\nNa\u0161i blan\u0161\u00edrovan\u00ed cvr\u010dci p\u0159edstavuj\u00ed snadn\u00fd zp\u016fsob, jak mravenc\u016fm poskytnout \u010derstv\u011b konzervovanou proteinovou potravu, ani\u017e by museli krmit \u017eiv\u00fdm hmyzem. P\u0159ilo\u017een\u00ed cvr\u010dci (Acheta domesticus) byli jemn\u011b blan\u0161\u00edrov\u00e1ni, aby byla zachov\u00e1na jejich v\u00fd\u017eivn\u00e1 hodnota, chu\u0165 a v\u016fn\u011b. Krom\u011b toho je t\u00edmto zp\u016fsobem zm\u011bk\u010den chitinov\u00fd obal hmyzu, tak\u017ee je snadn\u011bji straviteln\u00fd. Slou\u010deniny kolagenn\u00edch b\u00edlkovin se rozkl\u00e1daj\u00ed, aby je mravenci mohli l\u00e9pe vyu\u017e\u00edt. Konzervy Acheta domesticus maj\u00ed stejnou v\u00fd\u017eivnou hodnotu jako \u017eiv\u00ed cvr\u010dci, ale jsou l\u00e9pe straviteln\u00e9. Na rozd\u00edl od mra\u017een\u00fdch nebo su\u0161en\u00fdch cvr\u010dk\u016f, u kter\u00fdch se ztr\u00e1c\u00ed asi 60% b\u00edlkovin, lze obsa\u017een\u00e9 b\u00edlkoviny zpracovat na t\u00e9m\u011b\u0159 100%.<\/p>\n<p>Cricket Jam nen\u00ed vhodn\u00fd k lovu druh\u016f mravenc\u016f, kte\u0159\u00ed vy\u017eaduj\u00ed \u017eivou potravu (nap\u0159. ponravy (primordi\u00e1ln\u00ed mravenci) jako Harpegnathos nebo Odontomachus).<\/p>\n<p><strong>Dal\u0161\u00ed v\u00fdhody:<\/strong><\/p>\n<p>Zaru\u010den\u011b bez rozto\u010d\u016f<\/p>\n<p>Porcovateln\u00e9 a \u0159editeln\u00e9 vodou.<\/p>\n<p>Sterilizovan\u00e9 a vakuovan\u00e9<br \/>\nBez p\u0159\u00edsad<br \/>\nCvr\u010dci z udr\u017eiteln\u00e9ho \u010dist\u011b biologick\u00e9ho chovu, krmeni organick\u00fdm odpadem<\/p>\n<p><strong>V\u00fd\u017eivov\u00e9 \u00fadaje:<\/strong><br \/>\nHrub\u00fd protein: 20%<br \/>\nHrub\u00fd tuk: 7%<br \/>\nHrub\u00e1 vl\u00e1knina: 22%<br \/>\nPopel: 4%<br \/>\nVlhkost: 46%<\/p>\n<p><strong>Upozorn\u011bn\u00ed:<\/strong><br \/>\nPo otev\u0159en\u00ed je lze uchov\u00e1vat v chladni\u010dce asi \u010dty\u0159i dny. P\u0159i zmrazen\u00ed je trvanlivost del\u0161\u00ed.<br \/>\n<strong>Pozor:<\/strong> Nejprve porcujte a pot\u00e9 zmrazte.<\/p>","protected":false},"excerpt":{"rendered":"<p>Jednotliv\u00e9 krmen\u00ed<\/p>","protected":false},"featured_media":4378,"comment_status":"open","ping_status":"closed","template":"","meta":{"_acf_changed":false,"content-type":"","_monsterinsights_skip_tracking":false,"_monsterinsights_sitenote_active":false,"_monsterinsights_sitenote_note":"","_monsterinsights_sitenote_category":0},"product_brand":[],"product_cat":[257,115,116],"product_tag":[],"class_list":{"0":"post-4373","1":"product","2":"type-product","3":"status-publish","4":"has-post-thumbnail","6":"product_cat-new-innovatve-products","7":"product_cat-food-and-feeding","8":"product_cat-food","10":"first","11":"instock","12":"taxable","13":"shipping-taxable","14":"purchasable","15":"product-type-simple"},"acf":[],"aioseo_notices":[],"jetpack_sharing_enabled":true,"_links":{"self":[{"href":"https:\/\/antcube.shop\/cs\/wp-json\/wp\/v2\/product\/4373","targetHints":{"allow":["GET"]}}],"collection":[{"href":"https:\/\/antcube.shop\/cs\/wp-json\/wp\/v2\/product"}],"about":[{"href":"https:\/\/antcube.shop\/cs\/wp-json\/wp\/v2\/types\/product"}],"replies":[{"embeddable":true,"href":"https:\/\/antcube.shop\/cs\/wp-json\/wp\/v2\/comments?post=4373"}],"wp:featuredmedia":[{"embeddable":true,"href":"https:\/\/antcube.shop\/cs\/wp-json\/wp\/v2\/media\/4378"}],"wp:attachment":[{"href":"https:\/\/antcube.shop\/cs\/wp-json\/wp\/v2\/media?parent=4373"}],"wp:term":[{"taxonomy":"product_brand","embeddable":true,"href":"https:\/\/antcube.shop\/cs\/wp-json\/wp\/v2\/product_brand?post=4373"},{"taxonomy":"product_cat","embeddable":true,"href":"https:\/\/antcube.shop\/cs\/wp-json\/wp\/v2\/product_cat?post=4373"},{"taxonomy":"product_tag","embeddable":true,"href":"https:\/\/antcube.shop\/cs\/wp-json\/wp\/v2\/product_tag?post=4373"}],"curies":[{"name":"wp","href":"https:\/\/api.w.org\/{rel}","templated":true}]}}