{"id":4342,"date":"2022-06-08T14:36:40","date_gmt":"2022-06-08T12:36:40","guid":{"rendered":"https:\/\/antcube.shop\/produkt\/naturbusch-auf-schieferplatte-klein\/"},"modified":"2026-03-30T23:13:15","modified_gmt":"2026-03-30T21:13:15","slug":"naturbusch-auf-schieferplatte-klein","status":"publish","type":"product","link":"https:\/\/antcube.shop\/cs\/produkt\/naturbusch-auf-schieferplatte-klein\/","title":{"rendered":"P\u0159\u00edrodn\u00ed ke\u0159 na b\u0159idlici - mal\u00fd"},"content":{"rendered":"<p>Velikost \/ v\u00fd\u0161ka do 9 cm, ide\u00e1ln\u00ed pro ar\u00e9ny 20x20x10 cm.<br \/>\nHmotnost se pohybuje od 200 do 600 gram\u016f<\/p>\n<p>Dekorativn\u00ed p\u0159edm\u011bt, kter\u00fd se skl\u00e1d\u00e1 z \u010dist\u011b p\u0159\u00edrodn\u00edch komponent\u016f, z vysu\u0161en\u00e9ho d\u0159ev\u011bn\u00e9ho ke\u0159e a b\u0159idlicov\u00e9 desky (podstavec). Oba p\u0159\u00edrodn\u00ed produkty jsou neo\u0161et\u0159en\u00e9.<br \/>\nTento mini stromek byl ru\u010dn\u011b vyroben v N\u011bmecku, a proto se vyzna\u010duje udr\u017eitelnost\u00ed.<\/p>\n<p><strong>POZOR:<\/strong> Neumis\u0165ujte je do velmi vlhk\u00fdch prostor (vlhkost nad 60%). Ke\u0159 by mohl za\u010d\u00edt plesniv\u011bt. P\u0159i velmi dobr\u00e9m v\u011btr\u00e1n\u00ed lze ke\u0159 um\u00edstit i do vlh\u010d\u00edch formik\u00e1ri\u00ed.<\/p>\n<p><strong>D\u016eLE\u017dIT\u00c1 POZN\u00c1MKA K POLO\u017dCE:<\/strong><br \/>\nVzhledem k tomu, \u017ee se jedn\u00e1 o p\u0159\u00edrodn\u00ed produkt \/ unik\u00e1t, nejsou zde uveden\u00e9 obr\u00e1zky zcela toto\u017en\u00e9 s produktem, kter\u00fd obdr\u017e\u00edte. Budou se vyskytovat odchylky ve velikosti, tvaru a barv\u011b mini stromku i podkladov\u00e9 desky z lomov\u00e9 b\u0159idlice. Garantujeme pouze maxim\u00e1ln\u00ed v\u00fd\u0161ku p\u0159edm\u011btu.<\/p>\n<p>Objedn\u00e1n\u00edm tohoto zbo\u017e\u00ed souhlas\u00edte s v\u00fd\u0161e uveden\u00fdmi mo\u017en\u00fdmi variantami velikosti, tvaru a barvy v\u00fdrobku v dob\u011b n\u00e1kupu.<\/p>","protected":false},"excerpt":{"rendered":"<p>Velikost: 18x15x9<\/p>","protected":false},"featured_media":4355,"comment_status":"open","ping_status":"closed","template":"","meta":{"_acf_changed":false,"content-type":"","_monsterinsights_skip_tracking":false,"_monsterinsights_sitenote_active":false,"_monsterinsights_sitenote_note":"","_monsterinsights_sitenote_category":0},"product_brand":[],"product_cat":[99,101,102],"product_tag":[],"class_list":{"0":"post-4342","1":"product","2":"type-product","3":"status-publish","4":"has-post-thumbnail","6":"product_cat-desert","7":"product_cat-forest","8":"product_cat-meadow","10":"first","11":"instock","12":"taxable","13":"shipping-taxable","14":"purchasable","15":"product-type-simple"},"acf":[],"aioseo_notices":[],"jetpack_sharing_enabled":true,"_links":{"self":[{"href":"https:\/\/antcube.shop\/cs\/wp-json\/wp\/v2\/product\/4342","targetHints":{"allow":["GET"]}}],"collection":[{"href":"https:\/\/antcube.shop\/cs\/wp-json\/wp\/v2\/product"}],"about":[{"href":"https:\/\/antcube.shop\/cs\/wp-json\/wp\/v2\/types\/product"}],"replies":[{"embeddable":true,"href":"https:\/\/antcube.shop\/cs\/wp-json\/wp\/v2\/comments?post=4342"}],"wp:featuredmedia":[{"embeddable":true,"href":"https:\/\/antcube.shop\/cs\/wp-json\/wp\/v2\/media\/4355"}],"wp:attachment":[{"href":"https:\/\/antcube.shop\/cs\/wp-json\/wp\/v2\/media?parent=4342"}],"wp:term":[{"taxonomy":"product_brand","embeddable":true,"href":"https:\/\/antcube.shop\/cs\/wp-json\/wp\/v2\/product_brand?post=4342"},{"taxonomy":"product_cat","embeddable":true,"href":"https:\/\/antcube.shop\/cs\/wp-json\/wp\/v2\/product_cat?post=4342"},{"taxonomy":"product_tag","embeddable":true,"href":"https:\/\/antcube.shop\/cs\/wp-json\/wp\/v2\/product_tag?post=4342"}],"curies":[{"name":"wp","href":"https:\/\/api.w.org\/{rel}","templated":true}]}}