{"id":4286,"date":"2022-04-28T15:48:56","date_gmt":"2022-04-28T13:48:56","guid":{"rendered":"https:\/\/antcube.shop\/produkt\/reagenzglas-200x25-mm\/"},"modified":"2026-04-01T12:29:59","modified_gmt":"2026-04-01T10:29:59","slug":"reagenzglas-200x25-mm-2","status":"publish","type":"product","link":"https:\/\/antcube.shop\/cs\/produkt\/reagenzglas-200x25-mm-2\/","title":{"rendered":"Zku\u0161ebn\u00ed sklen\u011bn\u00e1 trubice 200 \u00d7 25 mm"},"content":{"rendered":"<p><b>Velikost:<\/b><br \/>\nD\u00e9lka: 200 mm<br \/>\nPr\u016fm\u011br: 25 mm (vn\u011bj\u0161\u00ed)<br \/>\nTlou\u0161\u0165ka 1 mm<\/p>\n<p><b>Popis:<\/b> Zkumavka ze sodnov\u00e1penat\u00e9ho skla, silnost\u011bnn\u00e1, s okrajem. Lze ji pou\u017e\u00edt jako hn\u00edzdn\u00ed kom\u016frku na del\u0161\u00ed dobu tak, \u017ee se napln\u00ed z 1\/3 vodou a ut\u011bsn\u00ed savou vatou. Vhodn\u00e1 tak\u00e9 jako p\u0159epravn\u00ed n\u00e1doba.<\/p>","protected":false},"excerpt":{"rendered":"<p>Velikost: Pr\u016fm\u011br: 25 mm (vn\u011bj\u0161\u00ed) Tlou\u0161\u0165ka 1 mm Popis: D\u00e9lka: 200 mm Pr\u016fm\u011br: 25 mm (vn\u011bj\u0161\u00ed) Tlou\u0161\u0165ka 1 mm Zkumavka ze sodnov\u00e1penat\u00e9ho skla, silnost\u011bnn\u00e1 s okrajem. Lze ji pou\u017e\u00edt jako hn\u00edzdn\u00ed komoru na del\u0161\u00ed dobu napln\u011bn\u00edm 1\/3 vodou a ut\u011bsn\u011bn\u00edm savou vatou. Vhodn\u00e1 tak\u00e9 jako p\u0159epravn\u00ed n\u00e1doba.<\/p>","protected":false},"featured_media":4289,"comment_status":"open","ping_status":"closed","template":"","meta":{"_acf_changed":false,"content-type":"","_monsterinsights_skip_tracking":false,"_monsterinsights_sitenote_active":false,"_monsterinsights_sitenote_note":"","_monsterinsights_sitenote_category":0},"product_brand":[],"product_cat":[237],"product_tag":[],"class_list":{"0":"post-4286","1":"product","2":"type-product","3":"status-publish","4":"has-post-thumbnail","6":"product_cat-tools","8":"first","9":"instock","10":"taxable","11":"shipping-taxable","12":"purchasable","13":"product-type-simple"},"acf":[],"aioseo_notices":[],"jetpack_sharing_enabled":true,"_links":{"self":[{"href":"https:\/\/antcube.shop\/cs\/wp-json\/wp\/v2\/product\/4286","targetHints":{"allow":["GET"]}}],"collection":[{"href":"https:\/\/antcube.shop\/cs\/wp-json\/wp\/v2\/product"}],"about":[{"href":"https:\/\/antcube.shop\/cs\/wp-json\/wp\/v2\/types\/product"}],"replies":[{"embeddable":true,"href":"https:\/\/antcube.shop\/cs\/wp-json\/wp\/v2\/comments?post=4286"}],"wp:featuredmedia":[{"embeddable":true,"href":"https:\/\/antcube.shop\/cs\/wp-json\/wp\/v2\/media\/4289"}],"wp:attachment":[{"href":"https:\/\/antcube.shop\/cs\/wp-json\/wp\/v2\/media?parent=4286"}],"wp:term":[{"taxonomy":"product_brand","embeddable":true,"href":"https:\/\/antcube.shop\/cs\/wp-json\/wp\/v2\/product_brand?post=4286"},{"taxonomy":"product_cat","embeddable":true,"href":"https:\/\/antcube.shop\/cs\/wp-json\/wp\/v2\/product_cat?post=4286"},{"taxonomy":"product_tag","embeddable":true,"href":"https:\/\/antcube.shop\/cs\/wp-json\/wp\/v2\/product_tag?post=4286"}],"curies":[{"name":"wp","href":"https:\/\/api.w.org\/{rel}","templated":true}]}}