{"id":4261,"date":"2022-04-28T14:01:16","date_gmt":"2022-04-28T12:01:16","guid":{"rendered":"https:\/\/antcube.shop\/produkt\/nestrohrchen-rack-25mm\/"},"modified":"2026-01-12T12:36:20","modified_gmt":"2026-01-12T11:36:20","slug":"nestrohrchen-rack-25mm","status":"publish","type":"product","link":"https:\/\/antcube.shop\/cs\/produkt\/nestrohrchen-rack-25mm\/","title":{"rendered":"Hn\u00edzdn\u00ed stojan na trubky 25 mm"},"content":{"rendered":"<p style=\"margin-bottom: 0cm;\"><strong>Rozm\u011bry:<\/strong> 25x12x4 cm<\/p>\n<p><strong>Materi\u00e1ly: <\/strong>PMMA, PVC<\/p>\n<p><strong>Barva: <\/strong>k\u0159i\u0161\u0165\u00e1lov\u011b \u010dist\u00fd, pr\u016fhledn\u00fd, transparentn\u00ed<\/p>\n<p><strong>Obsah:<\/strong><br \/>\n2x deska s otvorem<br \/>\n2x \u00fachopov\u00e1 deska<br \/>\n4x elastick\u00e9 popruhy<\/p>\n<p><strong>Pozn\u00e1mka: <\/strong>D\u00edly se dod\u00e1vaj\u00ed jako stavebnice nebo z\u00e1suvn\u00fd syst\u00e9m. Lepen\u00ed nen\u00ed nutn\u00e9.<\/p>\n<p><strong>P\u0159ipojen\u00ed:<\/strong><br \/>\npro hn\u00edzdn\u00ed trubky o pr\u016fm\u011bru 25 mm<\/p>\n<p><strong>Popis:<\/strong> Stojan na hn\u00edzdn\u00ed zkumavky slou\u017e\u00ed k pe\u010dliv\u00e9mu ulo\u017een\u00ed hn\u00edzdn\u00edch zkumavek mravenc\u016f. Sada se snadno sestavuje.<\/p>\n<p><strong>Pou\u017eit\u00ed:<\/strong> Pro ulo\u017een\u00ed hn\u00edzdn\u00edch trubek. Vhodn\u00e9 pro n\u00e1\u0161 inkub\u00e1tor mravenc\u016f<\/p>\n<p><strong>Pozn\u00e1mka:<\/strong> Pro zlep\u0161en\u00ed stability p\u0159i stohov\u00e1n\u00ed doporu\u010dujeme pou\u017e\u00edt \"t\u011bsnic\u00ed krou\u017eek transparentn\u00ed flexibiln\u00ed 20-50 mm - 10 ks\" viz doporu\u010den\u00ed k \u010dl\u00e1nku.<\/p>","protected":false},"excerpt":{"rendered":"<p>pro 25mm hn\u00edzdn\u00ed trubky<\/p>","protected":false},"featured_media":4279,"comment_status":"open","ping_status":"closed","template":"","meta":{"_acf_changed":false,"content-type":"","_monsterinsights_skip_tracking":false,"_monsterinsights_sitenote_active":false,"_monsterinsights_sitenote_note":"","_monsterinsights_sitenote_category":0},"product_brand":[],"product_cat":[237],"product_tag":[],"class_list":{"0":"post-4261","1":"product","2":"type-product","3":"status-publish","4":"has-post-thumbnail","6":"product_cat-tools","8":"first","9":"instock","10":"taxable","11":"shipping-taxable","12":"purchasable","13":"product-type-simple"},"acf":[],"aioseo_notices":[],"jetpack_sharing_enabled":true,"_links":{"self":[{"href":"https:\/\/antcube.shop\/cs\/wp-json\/wp\/v2\/product\/4261","targetHints":{"allow":["GET"]}}],"collection":[{"href":"https:\/\/antcube.shop\/cs\/wp-json\/wp\/v2\/product"}],"about":[{"href":"https:\/\/antcube.shop\/cs\/wp-json\/wp\/v2\/types\/product"}],"replies":[{"embeddable":true,"href":"https:\/\/antcube.shop\/cs\/wp-json\/wp\/v2\/comments?post=4261"}],"wp:featuredmedia":[{"embeddable":true,"href":"https:\/\/antcube.shop\/cs\/wp-json\/wp\/v2\/media\/4279"}],"wp:attachment":[{"href":"https:\/\/antcube.shop\/cs\/wp-json\/wp\/v2\/media?parent=4261"}],"wp:term":[{"taxonomy":"product_brand","embeddable":true,"href":"https:\/\/antcube.shop\/cs\/wp-json\/wp\/v2\/product_brand?post=4261"},{"taxonomy":"product_cat","embeddable":true,"href":"https:\/\/antcube.shop\/cs\/wp-json\/wp\/v2\/product_cat?post=4261"},{"taxonomy":"product_tag","embeddable":true,"href":"https:\/\/antcube.shop\/cs\/wp-json\/wp\/v2\/product_tag?post=4261"}],"curies":[{"name":"wp","href":"https:\/\/api.w.org\/{rel}","templated":true}]}}