{"id":4258,"date":"2022-04-28T14:00:36","date_gmt":"2022-04-28T12:00:36","guid":{"rendered":"https:\/\/antcube.shop\/produkt\/ameisen-inkubator\/"},"modified":"2026-04-09T15:04:51","modified_gmt":"2026-04-09T13:04:51","slug":"ameisen-inkubator","status":"publish","type":"product","link":"https:\/\/antcube.shop\/cs\/produkt\/ameisen-inkubator\/","title":{"rendered":"Mraven\u010d\u00ed inkub\u00e1tor"},"content":{"rendered":"<p><strong>Velikost:\u00a0<\/strong>Rozm\u011bry jednotky: 40 \u00d7 39,5 \u00d7 48 cm ; vnit\u0159n\u00ed strana: 32 \u00d7 22,5 \u00d7 37 cm<\/p>\n<p><strong>Barva:<\/strong> \u010cern\u00e1<\/p>\n<p><strong>Technick\u00e9 specifikace:<\/strong><br \/>\nNap\u011bt\u00ed: 220-240 V, 50 Hz<br \/>\nV\u00fdkon: 70 W<br \/>\nD\u00e9lka s\u00ed\u0165ov\u00e9ho kabelu: 1.60m<br \/>\nTeplotn\u00ed rozsah: 5\u00b0C - 40\u00b0C<\/p>\n<p><strong>Materi\u00e1l:<\/strong> Kov, sklo<\/p>\n<p><strong>Popis:<\/strong><br \/>\nTento inkub\u00e1tor mravenc\u016f je velmi vhodn\u00fd nejen pro chov koloni\u00ed mravenc\u016f z tropick\u00fdch oblast\u00ed, ale tak\u00e9 pro kolonie mravenc\u016f v obdob\u00ed hibernace.<br \/>\nM\u00e1 regul\u00e1tor teploty s digit\u00e1ln\u00edm displejem a odn\u00edmatelnou mezipolici pro v\u00edce m\u00edsta. Teplotu lze nastavit a m\u011bnit podle pot\u0159eby. Spot\u0159ebi\u010d m\u016f\u017ee chladit (na cca 5 \u00b0C) i oh\u0159\u00edvat (a\u017e na cca 40 \u00b0C). Rozsah nastaviteln\u00e9 teploty je p\u0159ibli\u017en\u011b 5-40 \u00b0C. Lze jej tedy pou\u017e\u00edt i pro p\u0159ezimov\u00e1n\u00ed dom\u00e1c\u00edch mravenc\u016f.<\/p>\n<p><strong>V\u00fdhody:<\/strong><br \/>\n\u010casto se setk\u00e1v\u00e1te s ot\u00e1zkou, jak ulo\u017eit mravence k zimn\u00edmu sp\u00e1nku bez komplikac\u00ed p\u0159i spr\u00e1vn\u00e9 teplot\u011b. Lednice je stejn\u011b p\u0159\u00edli\u0161 pln\u00e1, na balkon\u011b m\u016f\u017ee b\u00fdt pro zv\u00ed\u0159ata p\u0159\u00edli\u0161 chladno a ve sklep\u011b je tak\u00e9 t\u011bsno, nebo nem\u00e1te dostate\u010dnou kontrolu.<br \/>\n<strong>Zde je \u0159e\u0161en\u00ed:<\/strong> Bu\u010f m\u016f\u017eete nechat zv\u00ed\u0159ata p\u0159ezimovat v inkub\u00e1toru s na\u0161imi stojany na hn\u00edzdn\u00ed trubice ve zkumavk\u00e1ch, v tomto p\u0159\u00edpad\u011b a\u017e 100 koloni\u00ed najednou, nebo spole\u010dn\u011b s cel\u00fdm formik\u00e1riem ANTCUBE. Nap\u0159\u00edklad do na\u0161eho inkub\u00e1toru ANTCUBE Arena Combi se vejde cel\u00fd. Ale tak\u00e9 startovac\u00ed sada s ar\u00e9nou 20 \u00d7 20 \u00d7 10 a 2 hn\u00edzdy 20 \u00d7 20 by m\u011bla dostatek m\u00edsta.<br \/>\nT\u00edmto zp\u016fsobem lze tak\u00e9 realizovat skladov\u00e1n\u00ed a p\u0159epravu s vozem, nap\u0159\u00edklad b\u011bhem letu roje, p\u0159em\u00edst\u011bn\u00ed nebo p\u0159epravy obzvl\u00e1\u0161t\u011b citliv\u00fdch mravenc\u016f listonoh\u016f.<br \/>\nPraktick\u00e9 stojany na zkumavky (hn\u00edzda) jsou k dispozici ve t\u0159ech r\u016fzn\u00fdch velikostech. Zde je na\u0161e doporu\u010den\u00ed:<\/p>\n<p><strong>Doporu\u010den\u00ed:<\/strong><br \/>\nProstor v inkub\u00e1toru je vhodn\u00fd pro:<br \/>\nA\u017e 24x zkumavka na cvr\u010dky\/ nebo 24x sb\u011brn\u00fd box pr\u016fhledn\u00fd 115x115x55<br \/>\nPro mravence v hn\u00edzdn\u00edch trubic\u00edch doporu\u010dujeme k uskladn\u011bn\u00ed stojany na hn\u00edzdn\u00ed trubice.<br \/>\nVejde se do interi\u00e9ru:<br \/>\n- stojan na hn\u00edzdn\u00ed trubice o pr\u016fm\u011bru 16 mm = 12 kus\u016f nebo 120 hn\u00edzdn\u00edch trubic o pr\u016fm\u011bru 16 mm<br \/>\n- Stojan na vno\u0159ovac\u00ed trubi\u010dky pro 18 mm = 12 kus\u016f nebo 120 vno\u0159ovac\u00edch trubi\u010dek o pr\u016fm\u011bru 18 mm<br \/>\n- Stojan na vno\u0159en\u00e9 trubky pro 25 mm = 9 kus\u016f resp. 54 vno\u0159en\u00fdch trubek o pr\u016fm\u011bru 25 mm<\/p>\n<p><strong>Pozn\u00e1mka:<\/strong><br \/>\n- Nestavte na p\u0159\u00edm\u00e9 slune\u010dn\u00ed sv\u011btlo nebo vedle zdroje tepla, proto\u017ee v\u00fdkyvy vn\u011bj\u0161\u00ed teploty ovliv\u0148uj\u00ed vnit\u0159n\u00ed teplotu.<br \/>\n- Spot\u0159ebi\u010d postavte na such\u00e9 m\u00edsto s co nejst\u00e1lej\u0161\u00ed teplotou.<br \/>\n- Ventil\u00e1tory se mus\u00ed voln\u011b ot\u00e1\u010det.<br \/>\n- Vzdu\u0161n\u00e9 plochy mus\u00ed z\u016fstat \u010dist\u00e9<br \/>\n- Pravideln\u011b kontrolujte, zda nedo\u0161lo k po\u0161kozen\u00ed -&gt; v p\u0159\u00edpad\u011b po\u0161kozen\u00ed okam\u017eit\u011b zastavte provoz.<br \/>\n- Inkub\u00e1tor m\u016f\u017ee b\u00fdt dvojit\u011b chr\u00e1n\u011bn p\u0159\u00eddavn\u00fdm za\u0159\u00edzen\u00edm Thermo Control II nebo Thermo Control Pro II. P\u0159\u00edslu\u0161n\u00fd pr\u016fchod je um\u00edst\u011bn na zadn\u00ed stran\u011b spot\u0159ebi\u010de.<\/p>\n<p><strong>Pozn\u00e1mka: <\/strong>20.01.2025 - Aktualizace produktu - nov\u00fd model<\/p>","protected":false},"excerpt":{"rendered":"<p>Velikost: Velikost jednotky: 40\u00d739,5\u00d748 cm ; uvnit\u0159: 32\u00d722,5\u00d737 cm Barva: \u010dern\u00e1 Technick\u00e9 specifikace: Velikost jednotky: 40\u00d739,5\u00d748 cm ; uvnit\u0159: 32\u00d722,5\u00d737 cm Barva: \u010derven\u00e1 Nap\u011bt\u00ed: 220-240 V, 50 Hz P\u0159\u00edkon: 70 W D\u00e9lka s\u00ed\u0165ov\u00e9ho kabelu: Rozsah teploty: 1,60 m 5\u00b0C - 40\u00b0C Materi\u00e1l: Materi\u00e1l: kov, sklo Popis: Materi\u00e1l: kov, sklo Tento inkub\u00e1tor mravenc\u016f je velmi vhodn\u00fd nejen pro chov koloni\u00ed mravenc\u016f z tropick\u00fdch oblast\u00ed, ale tak\u00e9 pro kolonie mravenc\u016f v zimn\u00edm sp\u00e1nku. M\u00e1 [...]","protected":false},"featured_media":11099,"comment_status":"open","ping_status":"closed","template":"","meta":{"_acf_changed":false,"content-type":"","_monsterinsights_skip_tracking":false,"_monsterinsights_sitenote_active":false,"_monsterinsights_sitenote_note":"","_monsterinsights_sitenote_category":0},"product_brand":[],"product_cat":[237],"product_tag":[],"class_list":{"0":"post-4258","1":"product","2":"type-product","3":"status-publish","4":"has-post-thumbnail","6":"product_cat-tools","8":"first","9":"instock","10":"taxable","11":"shipping-taxable","12":"purchasable","13":"product-type-simple"},"acf":[],"aioseo_notices":[],"jetpack_sharing_enabled":true,"_links":{"self":[{"href":"https:\/\/antcube.shop\/cs\/wp-json\/wp\/v2\/product\/4258","targetHints":{"allow":["GET"]}}],"collection":[{"href":"https:\/\/antcube.shop\/cs\/wp-json\/wp\/v2\/product"}],"about":[{"href":"https:\/\/antcube.shop\/cs\/wp-json\/wp\/v2\/types\/product"}],"replies":[{"embeddable":true,"href":"https:\/\/antcube.shop\/cs\/wp-json\/wp\/v2\/comments?post=4258"}],"wp:featuredmedia":[{"embeddable":true,"href":"https:\/\/antcube.shop\/cs\/wp-json\/wp\/v2\/media\/11099"}],"wp:attachment":[{"href":"https:\/\/antcube.shop\/cs\/wp-json\/wp\/v2\/media?parent=4258"}],"wp:term":[{"taxonomy":"product_brand","embeddable":true,"href":"https:\/\/antcube.shop\/cs\/wp-json\/wp\/v2\/product_brand?post=4258"},{"taxonomy":"product_cat","embeddable":true,"href":"https:\/\/antcube.shop\/cs\/wp-json\/wp\/v2\/product_cat?post=4258"},{"taxonomy":"product_tag","embeddable":true,"href":"https:\/\/antcube.shop\/cs\/wp-json\/wp\/v2\/product_tag?post=4258"}],"curies":[{"name":"wp","href":"https:\/\/api.w.org\/{rel}","templated":true}]}}