{"id":4175,"date":"2022-03-14T17:24:15","date_gmt":"2022-03-14T16:24:15","guid":{"rendered":"https:\/\/antcube.shop\/produkt\/candy-ant-snack-20g\/"},"modified":"2026-04-09T13:59:25","modified_gmt":"2026-04-09T11:59:25","slug":"candy-ant-snack-20g","status":"publish","type":"product","link":"https:\/\/antcube.shop\/cs\/produkt\/candy-ant-snack-20g\/","title":{"rendered":"Candy Ant Snack - 20g"},"content":{"rendered":"<p><strong>Obsah:<\/strong><br \/>\n20g<\/p>\n<p><strong>Popis:<\/strong><br \/>\nJedn\u00e1 se o \u010dist\u011b p\u0159\u00edrodn\u00ed produkt. N\u00e1\u0161 Candy Ant Snack, vyroben\u00fd z ekologicky p\u011bstovan\u00fdch mravenc\u016f Acheta domesticus, pota\u017een\u00fd bio medem.<br \/>\nSnadno straviteln\u00e9. D\u00edky vysok\u00e9 kvalit\u011b b\u00edlkovin je t\u00e9m\u011b\u0159 kompletn\u00ed potravou (nahrazuje med\/cukr a b\u00edlkoviny) pro v\u011bt\u0161inu druh\u016f mravenc\u016f, jako jsou Lasius sp., Camponotus sp. nebo Messor sp. atd. Mravenci ho miluj\u00ed. Nenahrazuje \u010derstvou vodu, kterou mravenci pot\u0159ebuj\u00ed. Nenahrazuje ani pot\u0159ebu \u017eiv\u00fdch b\u00edlkovin, nap\u0159. drobn\u00e9ho hmyzu.<\/p>\n<p>Toto dopl\u0148kov\u00e9 krmivo je pln\u00e9 siln\u00fdch b\u00edlkovin a obsahuje p\u0159ibli\u017en\u011b 50% \u010dist\u00fdch p\u0159\u00edrodn\u00edch b\u00edlkovin.<br \/>\nKrom\u011b toho je v\u00fdrobek krmen organick\u00fdm rostlinn\u00fdm odpadem bez pesticid\u016f, kter\u00fd m\u00e1 vysokou ekologickou hodnotu, proto\u017ee se p\u0159i jeho v\u00fdrob\u011b spot\u0159ebuje m\u00e9n\u011b energie a vody.<\/p>\n<p>P\u0159idanou hodnotou pro v\u0161echny milovn\u00edky mravenc\u016f je kombinace p\u0159\u00edrodn\u00edch b\u00edlkovin a povlaku s p\u0159\u00edrodn\u00edm medem. Ten mravenci miluj\u00ed a pot\u0159ebuj\u00ed pro dobr\u00fd v\u00fdvoj l\u00edhn\u00ed a zdrav\u00fd r\u016fst kolonie.<\/p>\n<p><strong>Pou\u017eit\u00ed:<\/strong><br \/>\nP\u0159i krmen\u00ed je t\u0159eba Candy Ant Snack rozd\u011blit na men\u0161\u00ed porce nebo rozpustit ve vod\u011b.<\/p>\n<p><strong>Obsahuje:<\/strong><br \/>\nP\u0159\u00edrodn\u011b su\u0161en\u00e1 Acheta domesticus pot\u0159en\u00e1 organick\u00fdm medem. Nen\u00ed ur\u010deno k lidsk\u00e9 spot\u0159eb\u011b. Pouze pro mravence.<br \/>\nP\u0159ibli\u017en\u00fd sm\u011b\u0161ovac\u00ed pom\u011br 70% Acheta domesticus a 30% medu.<\/p>\n<p><strong>Skladov\u00e1n\u00ed:<\/strong><br \/>\nLze znovu uzav\u0159\u00edt. Skladujte na tmav\u00e9m, chladn\u00e9m a such\u00e9m m\u00edst\u011b.<\/p>\n<p><strong>Pozn\u00e1mka:<\/strong><br \/>\nDopl\u0148kov\u00e1 potrava pro mravence.<br \/>\nSlo\u017een\u00ed, analytick\u00e9 slo\u017eky, datum pou\u017eitelnosti a \u010d\u00edslo \u0161ar\u017ee najdete v p\u0159\u00edbalov\u00e9m let\u00e1ku.<\/p>\n<p>Informa\u010dn\u00ed linka +49 30 439703870<\/p>\n<p>Odpov\u011bdn\u00fd veterin\u00e1rn\u00ed a potravin\u00e1\u0159sk\u00fd inspektor\u00e1t:<br \/>\nVeterin\u00e1rn\u00ed kancel\u00e1\u0159 Steglitz<br \/>\nK\u00f6nigin-Luise-Str. 92<br \/>\n14195 Berl\u00edn<\/p>","protected":false},"excerpt":{"rendered":"<p>Dopl\u0148kov\u00e9 potraviny<\/p>","protected":false},"featured_media":4182,"comment_status":"open","ping_status":"closed","template":"","meta":{"_acf_changed":false,"content-type":"","_monsterinsights_skip_tracking":false,"_monsterinsights_sitenote_active":false,"_monsterinsights_sitenote_note":"","_monsterinsights_sitenote_category":0},"product_brand":[],"product_cat":[115,116],"product_tag":[],"class_list":{"0":"post-4175","1":"product","2":"type-product","3":"status-publish","4":"has-post-thumbnail","6":"product_cat-food-and-feeding","7":"product_cat-food","9":"first","10":"instock","11":"taxable","12":"shipping-taxable","13":"purchasable","14":"product-type-simple"},"acf":[],"aioseo_notices":[],"jetpack_sharing_enabled":true,"_links":{"self":[{"href":"https:\/\/antcube.shop\/cs\/wp-json\/wp\/v2\/product\/4175","targetHints":{"allow":["GET"]}}],"collection":[{"href":"https:\/\/antcube.shop\/cs\/wp-json\/wp\/v2\/product"}],"about":[{"href":"https:\/\/antcube.shop\/cs\/wp-json\/wp\/v2\/types\/product"}],"replies":[{"embeddable":true,"href":"https:\/\/antcube.shop\/cs\/wp-json\/wp\/v2\/comments?post=4175"}],"wp:featuredmedia":[{"embeddable":true,"href":"https:\/\/antcube.shop\/cs\/wp-json\/wp\/v2\/media\/4182"}],"wp:attachment":[{"href":"https:\/\/antcube.shop\/cs\/wp-json\/wp\/v2\/media?parent=4175"}],"wp:term":[{"taxonomy":"product_brand","embeddable":true,"href":"https:\/\/antcube.shop\/cs\/wp-json\/wp\/v2\/product_brand?post=4175"},{"taxonomy":"product_cat","embeddable":true,"href":"https:\/\/antcube.shop\/cs\/wp-json\/wp\/v2\/product_cat?post=4175"},{"taxonomy":"product_tag","embeddable":true,"href":"https:\/\/antcube.shop\/cs\/wp-json\/wp\/v2\/product_tag?post=4175"}],"curies":[{"name":"wp","href":"https:\/\/api.w.org\/{rel}","templated":true}]}}