{"id":4165,"date":"2022-02-28T11:41:35","date_gmt":"2022-02-28T10:41:35","guid":{"rendered":"https:\/\/antcube.shop\/produkt\/fixier-punkte-8-st\/"},"modified":"2026-04-21T09:57:00","modified_gmt":"2026-04-21T07:57:00","slug":"fixier-punkte-8-st","status":"publish","type":"product","link":"https:\/\/antcube.shop\/cs\/produkt\/fixier-punkte-8-st\/","title":{"rendered":"Upev\u0148ovac\u00ed body - 8 ks"},"content":{"rendered":"<p><strong>Rozm\u011bry (Dx\u0160xV):<\/strong> 12x12x3 mm (p\u0159es lichob\u011b\u017en\u00edkov\u00fd tvar naho\u0159e 10x10 mm).<\/p>\n<p><strong>Materi\u00e1l:<\/strong> polyuretan bez zm\u011bk\u010dovadel s akryl\u00e1tov\u00fdm lepidlem<\/p>\n<p><strong>Barva:<\/strong> transparentn\u00ed<\/p>\n<p><strong>Obsah:<\/strong><br \/>\n8x fixa\u010dn\u00ed body<\/p>\n<p><strong>Popis:<\/strong> Pro n\u00e1\u0161 kryt mraveni\u0161t\u011b. Fixa\u010dn\u00ed body jsou p\u0159ilepeny na spodn\u00ed stran\u011b krytu, aby se zabr\u00e1nilo jeho sklouznut\u00ed z ar\u00e9ny. Body lze pou\u017e\u00edt tak\u00e9 jako no\u017ei\u010dky pro ar\u00e9nu a tak\u00e9 pro vnit\u0159n\u00ed koncov\u00e9 vlo\u017eky ar\u00e9ny, aby se chr\u00e1nily p\u0159ed p\u0159evr\u00e1cen\u00edm.<\/p>","protected":false},"excerpt":{"rendered":"<p>Rozm\u011bry (Dx\u0160xV): 12x12x3 mm (p\u0159es lichob\u011b\u017en\u00edkov\u00fd tvar naho\u0159e 10x10 mm). Materi\u00e1l: polyuretan bez zm\u011bk\u010dovadel s akryl\u00e1tov\u00fdm lepidlem Barva: pr\u016fhledn\u00e1 Obsah: Popis: 8x fixa\u010dn\u00ed body: Pro n\u00e1\u0161 kryt mraveni\u0161t\u011b. Fixa\u010dn\u00ed body jsou nalepeny na spodn\u00ed \u010d\u00e1sti krytu, aby se zabr\u00e1nilo jeho sklouznut\u00ed z ar\u00e9ny. Body lze pou\u017e\u00edt tak\u00e9 jako","protected":false},"featured_media":4178,"comment_status":"open","ping_status":"closed","template":"","meta":{"_acf_changed":false,"content-type":"","_monsterinsights_skip_tracking":false,"_monsterinsights_sitenote_active":false,"_monsterinsights_sitenote_note":"","_monsterinsights_sitenote_category":0},"product_brand":[],"product_cat":[92,237],"product_tag":[],"class_list":{"0":"post-4165","1":"product","2":"type-product","3":"status-publish","4":"has-post-thumbnail","6":"product_cat-arena-cover","7":"product_cat-tools","9":"first","10":"instock","11":"taxable","12":"shipping-taxable","13":"purchasable","14":"product-type-simple"},"acf":[],"aioseo_notices":[],"jetpack_sharing_enabled":true,"_links":{"self":[{"href":"https:\/\/antcube.shop\/cs\/wp-json\/wp\/v2\/product\/4165","targetHints":{"allow":["GET"]}}],"collection":[{"href":"https:\/\/antcube.shop\/cs\/wp-json\/wp\/v2\/product"}],"about":[{"href":"https:\/\/antcube.shop\/cs\/wp-json\/wp\/v2\/types\/product"}],"replies":[{"embeddable":true,"href":"https:\/\/antcube.shop\/cs\/wp-json\/wp\/v2\/comments?post=4165"}],"wp:featuredmedia":[{"embeddable":true,"href":"https:\/\/antcube.shop\/cs\/wp-json\/wp\/v2\/media\/4178"}],"wp:attachment":[{"href":"https:\/\/antcube.shop\/cs\/wp-json\/wp\/v2\/media?parent=4165"}],"wp:term":[{"taxonomy":"product_brand","embeddable":true,"href":"https:\/\/antcube.shop\/cs\/wp-json\/wp\/v2\/product_brand?post=4165"},{"taxonomy":"product_cat","embeddable":true,"href":"https:\/\/antcube.shop\/cs\/wp-json\/wp\/v2\/product_cat?post=4165"},{"taxonomy":"product_tag","embeddable":true,"href":"https:\/\/antcube.shop\/cs\/wp-json\/wp\/v2\/product_tag?post=4165"}],"curies":[{"name":"wp","href":"https:\/\/api.w.org\/{rel}","templated":true}]}}