{"id":4145,"date":"2022-02-14T15:54:25","date_gmt":"2022-02-14T14:54:25","guid":{"rendered":"https:\/\/antcube.shop\/produkt\/ant-nuggets-20g\/"},"modified":"2026-04-14T09:35:31","modified_gmt":"2026-04-14T07:35:31","slug":"mravenci-nugetky-20g","status":"publish","type":"product","link":"https:\/\/antcube.shop\/cs\/produkt\/mravenci-nugetky-20g\/","title":{"rendered":"Mraven\u010d\u00ed nugety - 20g"},"content":{"rendered":"<p><strong>Obsah:<\/strong><br \/>\n20g<\/p>\n<p><strong>Popis:<\/strong><br \/>\nJedn\u00e1 se o \u010dist\u011b p\u0159\u00edrodn\u00ed produkt. Na\u0161e mraven\u010d\u00ed nugety byly pe\u010dliv\u011b nasb\u00edr\u00e1ny v\u010dela\u0159i ve voln\u00e9 p\u0159\u00edrod\u011b Bulharska. Snadno straviteln\u00e9 d\u00edky p\u0159irozen\u00e9 fermentaci. D\u00edky vysoce kvalitn\u00edm b\u00edlkovin\u00e1m je to t\u00e9m\u011b\u0159 kompletn\u00ed potrava (nahrazuje med\/cukr a b\u00edlkoviny) pro v\u011bt\u0161inu druh\u016f mravenc\u016f mravenc\u016f rodu Formicoid, jako jsou Lasius sp., Camponotus sp. nebo Messor sp., a dokonce i mravenci listono\u0161i ji miluj\u00ed. Nenahrazuje v\u0161ak \u010derstvou vodu, kterou mravenci pot\u0159ebuj\u00ed. Nenahrazuje ani pot\u0159ebu \u017eiv\u00fdch b\u00edlkovin, nap\u0159\u00edklad drobn\u00e9ho hmyzu.<\/p>\n<p><strong>Pou\u017eit\u00ed:<\/strong><br \/>\nPro krmen\u00ed je t\u0159eba mraven\u010d\u00ed nugety rozd\u011blit na men\u0161\u00ed porce nebo rozpustit ve vod\u011b.<\/p>\n<p><strong>Obsahuje:<\/strong><br \/>\n100% p\u0159irozen\u011b fermentovan\u00fd kv\u011btov\u00fd pyl. Nen\u00ed ur\u010den k lidsk\u00e9 spot\u0159eb\u011b. Pouze pro mravence.<\/p>\n<p><strong>Skladov\u00e1n\u00ed:<\/strong><br \/>\nLze znovu uzav\u0159\u00edt. Skladujte na tmav\u00e9m, chladn\u00e9m a such\u00e9m m\u00edst\u011b.<\/p>\n<p><strong>Pozn\u00e1mka:<\/strong><br \/>\nDopl\u0148kov\u00e1 potrava pro mravence.<br \/>\nSlo\u017een\u00ed, analytick\u00e9 slo\u017eky, datum pou\u017eitelnosti a \u010d\u00edslo \u0161ar\u017ee najdete v p\u0159\u00edbalov\u00e9m let\u00e1ku.<\/p>\n<p>Informa\u010dn\u00ed linka +49 30 439703870<\/p>\n<p>Odpov\u011bdn\u00fd veterin\u00e1rn\u00ed a potravin\u00e1\u0159sk\u00fd inspektor\u00e1t:<br \/>\nVeterin\u00e1rn\u00ed kancel\u00e1\u0159 Steglitz<br \/>\nK\u00f6nigin-Luise-Str. 92<br \/>\n14195 Berl\u00edn<\/p>","protected":false},"excerpt":{"rendered":"<p>Dopl\u0148kov\u00e9 potraviny<\/p>","protected":false},"featured_media":4149,"comment_status":"open","ping_status":"closed","template":"","meta":{"_acf_changed":false,"content-type":"","_monsterinsights_skip_tracking":false,"_monsterinsights_sitenote_active":false,"_monsterinsights_sitenote_note":"","_monsterinsights_sitenote_category":0},"product_brand":[],"product_cat":[115,116],"product_tag":[],"class_list":{"0":"post-4145","1":"product","2":"type-product","3":"status-publish","4":"has-post-thumbnail","6":"product_cat-food-and-feeding","7":"product_cat-food","9":"first","10":"instock","11":"taxable","12":"shipping-taxable","13":"purchasable","14":"product-type-simple"},"acf":[],"aioseo_notices":[],"jetpack_sharing_enabled":true,"_links":{"self":[{"href":"https:\/\/antcube.shop\/cs\/wp-json\/wp\/v2\/product\/4145","targetHints":{"allow":["GET"]}}],"collection":[{"href":"https:\/\/antcube.shop\/cs\/wp-json\/wp\/v2\/product"}],"about":[{"href":"https:\/\/antcube.shop\/cs\/wp-json\/wp\/v2\/types\/product"}],"replies":[{"embeddable":true,"href":"https:\/\/antcube.shop\/cs\/wp-json\/wp\/v2\/comments?post=4145"}],"wp:featuredmedia":[{"embeddable":true,"href":"https:\/\/antcube.shop\/cs\/wp-json\/wp\/v2\/media\/4149"}],"wp:attachment":[{"href":"https:\/\/antcube.shop\/cs\/wp-json\/wp\/v2\/media?parent=4145"}],"wp:term":[{"taxonomy":"product_brand","embeddable":true,"href":"https:\/\/antcube.shop\/cs\/wp-json\/wp\/v2\/product_brand?post=4145"},{"taxonomy":"product_cat","embeddable":true,"href":"https:\/\/antcube.shop\/cs\/wp-json\/wp\/v2\/product_cat?post=4145"},{"taxonomy":"product_tag","embeddable":true,"href":"https:\/\/antcube.shop\/cs\/wp-json\/wp\/v2\/product_tag?post=4145"}],"curies":[{"name":"wp","href":"https:\/\/api.w.org\/{rel}","templated":true}]}}