{"id":4142,"date":"2022-02-14T15:33:55","date_gmt":"2022-02-14T14:33:55","guid":{"rendered":"https:\/\/antcube.shop\/produkt\/bodengrund-sand-lehm-rot-200g\/"},"modified":"2026-04-02T14:54:00","modified_gmt":"2026-04-02T12:54:00","slug":"bodengrund-sand-lehm-rot-200g","status":"publish","type":"product","link":"https:\/\/antcube.shop\/cs\/produkt\/bodengrund-sand-lehm-rot-200g\/","title":{"rendered":"p\u016fda - p\u00eds\u010ditohlinit\u00e1 sm\u011bs \u010derven\u00e1 - 200g"},"content":{"rendered":"<p><strong>Obsah:<\/strong> 200g<\/p>\n<p><strong>Materi\u00e1l:<\/strong> p\u00edsek, hl\u00edna<\/p>\n<p><strong>Barva:<\/strong> \u010derven\u00e1<\/p>\n<p><strong>M\u00edchac\u00ed pom\u011br:<\/strong> diggable<\/p>\n<p><strong>Popis:<\/strong> Tato hotov\u00e1 sm\u011bs p\u00edsku a hl\u00edny je \u010dist\u011b p\u0159\u00edrodn\u00ed produkt. Zbarven\u00ed a pevnost vytv\u00e1\u0159\u00ed p\u0159\u00edrodn\u00ed j\u00edlovit\u00e1 zemina, kter\u00e1 je pro zv\u00ed\u0159ata ne\u0161kodn\u00e1.<\/p>\n<p><strong>Pou\u017eit\u00ed:<\/strong> Kop\u00e1n\u00ed p\u016fdy, lze pou\u017e\u00edt pro hn\u00edzdo a ar\u00e9nu!<\/p>\n<p><strong>Pozn\u00e1mka:<\/strong> proto\u017ee se jedn\u00e1 o \u010dist\u011b p\u0159\u00edrodn\u00ed produkt, mohou se vyskytnout drobn\u00e9 rozd\u00edly v barv\u011b a struktu\u0159e, kter\u00e9 nem\u016f\u017eeme ovlivnit.<\/p>\n<p><strong>D\u016fle\u017eit\u00e9:<\/strong> P\u0159ed pou\u017eit\u00edm substr\u00e1t navlh\u010dete, aby se sm\u011bs mohla spojit a v mraveni\u0161ti se pevn\u011b uchytila. P\u0159\u00edli\u0161 such\u00fd a pra\u0161n\u00fd substr\u00e1t m\u016f\u017ee nav\u00edc v\u00e9st k ucp\u00e1n\u00ed d\u00fdchac\u00edch cest mravenc\u016f a v nejhor\u0161\u00edm p\u0159\u00edpad\u011b k udu\u0161en\u00ed zv\u00ed\u0159at.<\/p>","protected":false},"excerpt":{"rendered":"<p>P\u0159\u00edrodn\u00ed substr\u00e1t - kopateln\u00fd<\/p>","protected":false},"featured_media":4388,"comment_status":"open","ping_status":"closed","template":"","meta":{"_acf_changed":false,"content-type":"","_monsterinsights_skip_tracking":false,"_monsterinsights_sitenote_active":false,"_monsterinsights_sitenote_note":"","_monsterinsights_sitenote_category":0},"product_brand":[],"product_cat":[96],"product_tag":[],"class_list":{"0":"post-4142","1":"product","2":"type-product","3":"status-publish","4":"has-post-thumbnail","6":"product_cat-soil","8":"first","9":"instock","10":"taxable","11":"shipping-taxable","12":"purchasable","13":"product-type-simple"},"acf":[],"aioseo_notices":[],"jetpack_sharing_enabled":true,"_links":{"self":[{"href":"https:\/\/antcube.shop\/cs\/wp-json\/wp\/v2\/product\/4142","targetHints":{"allow":["GET"]}}],"collection":[{"href":"https:\/\/antcube.shop\/cs\/wp-json\/wp\/v2\/product"}],"about":[{"href":"https:\/\/antcube.shop\/cs\/wp-json\/wp\/v2\/types\/product"}],"replies":[{"embeddable":true,"href":"https:\/\/antcube.shop\/cs\/wp-json\/wp\/v2\/comments?post=4142"}],"wp:featuredmedia":[{"embeddable":true,"href":"https:\/\/antcube.shop\/cs\/wp-json\/wp\/v2\/media\/4388"}],"wp:attachment":[{"href":"https:\/\/antcube.shop\/cs\/wp-json\/wp\/v2\/media?parent=4142"}],"wp:term":[{"taxonomy":"product_brand","embeddable":true,"href":"https:\/\/antcube.shop\/cs\/wp-json\/wp\/v2\/product_brand?post=4142"},{"taxonomy":"product_cat","embeddable":true,"href":"https:\/\/antcube.shop\/cs\/wp-json\/wp\/v2\/product_cat?post=4142"},{"taxonomy":"product_tag","embeddable":true,"href":"https:\/\/antcube.shop\/cs\/wp-json\/wp\/v2\/product_tag?post=4142"}],"curies":[{"name":"wp","href":"https:\/\/api.w.org\/{rel}","templated":true}]}}