{"id":4047,"date":"2021-11-30T15:12:53","date_gmt":"2021-11-30T14:12:53","guid":{"rendered":"https:\/\/antcube.shop\/produkt\/enamel-mug\/"},"modified":"2024-12-12T12:25:27","modified_gmt":"2024-12-12T11:25:27","slug":"smaltovany-hrnek","status":"publish","type":"product","link":"https:\/\/antcube.shop\/cs\/produkt\/smaltovany-hrnek\/","title":{"rendered":"Smaltovan\u00fd hrnek"},"content":{"rendered":"<p>Ka\u017ed\u00fd \u0161\u0165astn\u00fd t\u00e1born\u00edk pot\u0159ebuje jedine\u010dn\u00fd hrnek. Je lehk\u00fd, odoln\u00fd a multifunk\u010dn\u00ed. M\u016f\u017eete ho pou\u017e\u00edt na sv\u016fj obl\u00edben\u00fd n\u00e1poj nebo tepl\u00e9 j\u00eddlo a p\u0159ipevnit ho k batohu, abyste k n\u011bmu m\u011bli snadn\u00fd p\u0159\u00edstup na t\u00fa\u0159e.<\/p>\n<p>- Materi\u00e1l: Smalt<br \/>\n- Rozm\u011bry: v\u00fd\u0161ka 3,14\u2033 (8 cm), pr\u016fm\u011br 3,25\u2033 (8,25 cm)<br \/>\n- B\u00edl\u00fd povlak se st\u0159\u00edbrn\u00fdm okrajem<br \/>\n- Pouze ru\u010dn\u00ed pran\u00ed<br \/>\n- Pr\u00e1zdn\u00fd v\u00fdrobek poch\u00e1zej\u00edc\u00ed z \u010c\u00edny<\/p>\n<p><strong>Pozor! Neoh\u0159\u00edvejte tekutiny ani potraviny p\u0159\u00edmo v hrnku - mohlo by doj\u00edt k po\u0161kozen\u00ed povlaku.<\/strong><\/p>","protected":false},"excerpt":{"rendered":"<p>Ka\u017ed\u00fd \u0161\u0165astn\u00fd t\u00e1born\u00edk pot\u0159ebuje jedine\u010dn\u00fd hrnek. Je lehk\u00fd, odoln\u00fd a multifunk\u010dn\u00ed. M\u016f\u017eete ho pou\u017e\u00edt na sv\u016fj obl\u00edben\u00fd n\u00e1poj nebo hork\u00e9 j\u00eddlo a p\u0159ipevnit ho k batohu, abyste k n\u011bmu m\u011bli snadn\u00fd p\u0159\u00edstup na t\u00fa\u0159e. - Materi\u00e1l: 100% bavlna, 100% polyester, 100% polyester, 100% polyester, 100% polyester, 100% polyester: Rozm\u011bry: v\u00fd\u0161ka 3,14\u2033 (8 cm), pr\u016fm\u011br 3,25\u2033 (8,25 cm) - b\u00edl\u00fd povrch se st\u0159\u00edbrn\u00fdm okrajem - [...]","protected":false},"featured_media":4048,"comment_status":"open","ping_status":"closed","template":"","meta":{"_acf_changed":false,"content-type":"","_monsterinsights_skip_tracking":false,"_monsterinsights_sitenote_active":false,"_monsterinsights_sitenote_note":"","_monsterinsights_sitenote_category":0},"product_brand":[],"product_cat":[245],"product_tag":[],"class_list":{"0":"post-4047","1":"product","2":"type-product","3":"status-publish","4":"has-post-thumbnail","6":"product_cat-merchandise","8":"first","9":"instock","10":"taxable","11":"shipping-taxable","12":"purchasable","13":"product-type-simple"},"acf":[],"aioseo_notices":[],"jetpack_sharing_enabled":true,"_links":{"self":[{"href":"https:\/\/antcube.shop\/cs\/wp-json\/wp\/v2\/product\/4047","targetHints":{"allow":["GET"]}}],"collection":[{"href":"https:\/\/antcube.shop\/cs\/wp-json\/wp\/v2\/product"}],"about":[{"href":"https:\/\/antcube.shop\/cs\/wp-json\/wp\/v2\/types\/product"}],"replies":[{"embeddable":true,"href":"https:\/\/antcube.shop\/cs\/wp-json\/wp\/v2\/comments?post=4047"}],"wp:featuredmedia":[{"embeddable":true,"href":"https:\/\/antcube.shop\/cs\/wp-json\/wp\/v2\/media\/4048"}],"wp:attachment":[{"href":"https:\/\/antcube.shop\/cs\/wp-json\/wp\/v2\/media?parent=4047"}],"wp:term":[{"taxonomy":"product_brand","embeddable":true,"href":"https:\/\/antcube.shop\/cs\/wp-json\/wp\/v2\/product_brand?post=4047"},{"taxonomy":"product_cat","embeddable":true,"href":"https:\/\/antcube.shop\/cs\/wp-json\/wp\/v2\/product_cat?post=4047"},{"taxonomy":"product_tag","embeddable":true,"href":"https:\/\/antcube.shop\/cs\/wp-json\/wp\/v2\/product_tag?post=4047"}],"curies":[{"name":"wp","href":"https:\/\/api.w.org\/{rel}","templated":true}]}}