{"id":4002,"date":"2021-11-30T13:36:03","date_gmt":"2021-11-30T12:36:03","guid":{"rendered":"https:\/\/antcube.shop\/produkt\/cuffed-beanie\/"},"modified":"2024-12-12T12:25:36","modified_gmt":"2024-12-12T11:25:36","slug":"manzetove-cepice","status":"publish","type":"product","link":"https:\/\/antcube.shop\/cs\/produkt\/manzetove-cepice\/","title":{"rendered":"\u010cepice s man\u017eetami"},"content":{"rendered":"<p>P\u0159il\u00e9hav\u00e1, p\u0159il\u00e9hav\u00e1 \u010depice. Je to nejen skv\u011bl\u00fd kousek, kter\u00fd zah\u0159eje hlavu, ale tak\u00e9 z\u00e1kladn\u00ed dopln\u011bk v \u0161atn\u00edku ka\u017ed\u00e9ho z n\u00e1s.<\/p>\n<p>- 100% Turbo akryl<br \/>\n- D\u00e9lka 12\u2033 (30 cm)<br \/>\n- Hypoalergenn\u00ed<br \/>\n- Unisex styl<br \/>\n- Lze pr\u00e1t v ruce<br \/>\n- Pr\u00e1zdn\u00fd v\u00fdrobek poch\u00e1zej\u00edc\u00ed z Vietnamu nebo Banglad\u00e9\u0161e<\/p>","protected":false},"excerpt":{"rendered":"<p>P\u0159il\u00e9hav\u00e1, p\u0159il\u00e9hav\u00e1 \u010depice. Je to nejen skv\u011bl\u00fd kousek, kter\u00fd zah\u0159eje hlavu, ale tak\u00e9 z\u00e1kladn\u00ed dopln\u011bk v \u0161atn\u00edku ka\u017ed\u00e9ho z n\u00e1s. - 100% Turbo Akryl - D\u00e9lka 12\u2033 (30 cm) - Hypoalergenn\u00ed - Unisex styl - Lze pr\u00e1t v ruce - Pr\u00e1zdn\u00fd v\u00fdrobek poch\u00e1z\u00ed z Vietnamu nebo Banglad\u00e9\u0161e.<\/p>","protected":false},"featured_media":4004,"comment_status":"open","ping_status":"closed","template":"","meta":{"_acf_changed":false,"content-type":"","_monsterinsights_skip_tracking":false,"_monsterinsights_sitenote_active":false,"_monsterinsights_sitenote_note":"","_monsterinsights_sitenote_category":0},"product_brand":[],"product_cat":[245],"product_tag":[],"class_list":{"0":"post-4002","1":"product","2":"type-product","3":"status-publish","4":"has-post-thumbnail","6":"product_cat-merchandise","8":"first","9":"instock","10":"taxable","11":"shipping-taxable","12":"purchasable","13":"product-type-simple"},"acf":[],"aioseo_notices":[],"jetpack_sharing_enabled":true,"_links":{"self":[{"href":"https:\/\/antcube.shop\/cs\/wp-json\/wp\/v2\/product\/4002","targetHints":{"allow":["GET"]}}],"collection":[{"href":"https:\/\/antcube.shop\/cs\/wp-json\/wp\/v2\/product"}],"about":[{"href":"https:\/\/antcube.shop\/cs\/wp-json\/wp\/v2\/types\/product"}],"replies":[{"embeddable":true,"href":"https:\/\/antcube.shop\/cs\/wp-json\/wp\/v2\/comments?post=4002"}],"wp:featuredmedia":[{"embeddable":true,"href":"https:\/\/antcube.shop\/cs\/wp-json\/wp\/v2\/media\/4004"}],"wp:attachment":[{"href":"https:\/\/antcube.shop\/cs\/wp-json\/wp\/v2\/media?parent=4002"}],"wp:term":[{"taxonomy":"product_brand","embeddable":true,"href":"https:\/\/antcube.shop\/cs\/wp-json\/wp\/v2\/product_brand?post=4002"},{"taxonomy":"product_cat","embeddable":true,"href":"https:\/\/antcube.shop\/cs\/wp-json\/wp\/v2\/product_cat?post=4002"},{"taxonomy":"product_tag","embeddable":true,"href":"https:\/\/antcube.shop\/cs\/wp-json\/wp\/v2\/product_tag?post=4002"}],"curies":[{"name":"wp","href":"https:\/\/api.w.org\/{rel}","templated":true}]}}