{"id":3957,"date":"2021-11-30T13:32:38","date_gmt":"2021-11-30T12:32:38","guid":{"rendered":"https:\/\/antcube.shop\/produkt\/mens-high-top-canvas-shoes\/"},"modified":"2024-12-12T12:25:45","modified_gmt":"2024-12-12T11:25:45","slug":"panska-platena-obuv-s-vysokym-nartem","status":"publish","type":"product","link":"https:\/\/antcube.shop\/cs\/produkt\/panska-platena-obuv-s-vysokym-nartem\/","title":{"rendered":"P\u00e1nsk\u00e1 pl\u00e1t\u011bn\u00e1 obuv s vysokou \u0161pi\u010dkou"},"content":{"rendered":"<p>Zlep\u0161ete svou hru s obuv\u00ed d\u00edky pl\u00e1t\u011bn\u00fdm bot\u00e1m High Top. Tyto ru\u010dn\u011b vyr\u00e1b\u011bn\u00e9 trendy boty jist\u011b ozvl\u00e1\u0161tn\u00ed v\u00e1\u0161 outfit. Po\u0159i\u010fte si je pr\u00e1v\u011b te\u010f!<\/p>\n<p>- 100% polyester, vrchn\u00ed strana pl\u00e1tno<br \/>\n- Podr\u00e1\u017eka z etylen-vinylacet\u00e1tu (EVA)<br \/>\n- Prody\u0161n\u00e1 pod\u0161\u00edvka, m\u011bkk\u00e1 st\u00e9lka<br \/>\n- Um\u011bl\u00e1 k\u016f\u017ee na \u0161pi\u010dce<br \/>\n- B\u00edl\u00e9 tkani\u010dky<br \/>\n- Polstrovan\u00fd l\u00edmec, \u0161n\u011brov\u00e1n\u00ed vp\u0159edu<br \/>\n- Pr\u00e1zdn\u00fd v\u00fdrobek poch\u00e1zej\u00edc\u00ed z \u010c\u00edny<\/p>\n<p><strong>D\u016fle\u017eit\u00e9:<\/strong> Tento produkt je k dispozici v n\u00e1sleduj\u00edc\u00edch zem\u00edch: USA, Kanada, Austr\u00e1lie, Nov\u00fd Z\u00e9land a Japonsko. Pokud se va\u0161e dodac\u00ed adresa nach\u00e1z\u00ed mimo tyto zem\u011b, vyberte si pros\u00edm jin\u00fd produkt.<\/p>\n<p><strong>Odm\u00edtnut\u00ed odpov\u011bdnosti:<\/strong> P\u0159i otev\u0159en\u00ed krabice je c\u00edtit z\u00e1pach podobn\u00fd lepidlu. Z\u00e1pach zmiz\u00ed za n\u011bkolik dn\u00ed po rozbalen\u00ed bot.<\/p>","protected":false},"excerpt":{"rendered":"<p>Zlep\u0161ete svou hru s obuv\u00ed d\u00edky pl\u00e1t\u011bn\u00fdm bot\u00e1m High Top. Tyto ru\u010dn\u011b vyr\u00e1b\u011bn\u00e9 trendy boty jist\u011b ozvl\u00e1\u0161tn\u00ed v\u00e1\u0161 outfit. Po\u0159i\u010fte si je pr\u00e1v\u011b te\u010f! - 100% polyester, svrchn\u00ed strana pl\u00e1tno - Pode\u0161ev z etylen-vinylacet\u00e1tu (EVA) - Prody\u0161n\u00e1 pod\u0161\u00edvka, m\u011bkk\u00e1 st\u00e9lka - \u0160pi\u010dka z um\u011bl\u00e9 k\u016f\u017ee - B\u00edl\u00e9 tkani\u010dky - Polstrovan\u00fd l\u00edmec, \u0161n\u011brov\u00e1n\u00ed vp\u0159edu","protected":false},"featured_media":3975,"comment_status":"open","ping_status":"closed","template":"","meta":{"_acf_changed":false,"content-type":"","_monsterinsights_skip_tracking":false,"_monsterinsights_sitenote_active":false,"_monsterinsights_sitenote_note":"","_monsterinsights_sitenote_category":0},"product_brand":[],"product_cat":[245],"product_tag":[],"class_list":{"0":"post-3957","1":"product","2":"type-product","3":"status-publish","4":"has-post-thumbnail","6":"product_cat-merchandise","8":"first","9":"instock","10":"taxable","11":"shipping-taxable","12":"purchasable","13":"product-type-variable"},"acf":[],"aioseo_notices":[],"jetpack_sharing_enabled":true,"_links":{"self":[{"href":"https:\/\/antcube.shop\/cs\/wp-json\/wp\/v2\/product\/3957","targetHints":{"allow":["GET"]}}],"collection":[{"href":"https:\/\/antcube.shop\/cs\/wp-json\/wp\/v2\/product"}],"about":[{"href":"https:\/\/antcube.shop\/cs\/wp-json\/wp\/v2\/types\/product"}],"replies":[{"embeddable":true,"href":"https:\/\/antcube.shop\/cs\/wp-json\/wp\/v2\/comments?post=3957"}],"wp:featuredmedia":[{"embeddable":true,"href":"https:\/\/antcube.shop\/cs\/wp-json\/wp\/v2\/media\/3975"}],"wp:attachment":[{"href":"https:\/\/antcube.shop\/cs\/wp-json\/wp\/v2\/media?parent=3957"}],"wp:term":[{"taxonomy":"product_brand","embeddable":true,"href":"https:\/\/antcube.shop\/cs\/wp-json\/wp\/v2\/product_brand?post=3957"},{"taxonomy":"product_cat","embeddable":true,"href":"https:\/\/antcube.shop\/cs\/wp-json\/wp\/v2\/product_cat?post=3957"},{"taxonomy":"product_tag","embeddable":true,"href":"https:\/\/antcube.shop\/cs\/wp-json\/wp\/v2\/product_tag?post=3957"}],"curies":[{"name":"wp","href":"https:\/\/api.w.org\/{rel}","templated":true}]}}