{"id":3953,"date":"2021-11-30T13:30:21","date_gmt":"2021-11-30T12:30:21","guid":{"rendered":"https:\/\/antcube.shop\/produkt\/stainless-steel-water-bottle\/"},"modified":"2024-12-12T12:25:54","modified_gmt":"2024-12-12T11:25:54","slug":"nerezova-lahev-na-vodu","status":"publish","type":"product","link":"https:\/\/antcube.shop\/cs\/produkt\/nerezova-lahev-na-vodu\/","title":{"rendered":"L\u00e1hev na vodu z nerezov\u00e9 oceli"},"content":{"rendered":"<p>Tato 17uncov\u00e1 dvoupl\u00e1\u0161\u0165ov\u00e1 l\u00e1hev na vodu z nerezov\u00e9 oceli je ide\u00e1ln\u00ed na ka\u017edodenn\u00ed v\u00fdlety. Udr\u017e\u00ed v\u00e1\u0161 n\u00e1poj tepl\u00fd nebo studen\u00fd po cel\u00e9 hodiny. Je tak\u00e9 vybavena uz\u00e1v\u011brem odoln\u00fdm proti z\u00e1pachu a \u00faniku. M\u016f\u017eete ji hodit do dr\u017e\u00e1ku na n\u00e1poje v aut\u011b cestou do pr\u00e1ce, vz\u00edt si ji s sebou na t\u00fary nebo ji hodit do ta\u0161ky, kdykoli dostanete \u017e\u00edze\u0148.<\/p>\n<p>- Vysoce kvalitn\u00ed nerezov\u00e1 ocel<br \/>\n- 17 oz (500 ml)<br \/>\n- Rozm\u011bry: Rozm\u011bry: 10,5\u2033 \u00d7 2,85\u2033 (27 \u00d7 7 cm)<br \/>\n- Vakuov\u00e1 ba\u0148ka<br \/>\n- Konstrukce s dvojitou st\u011bnou<br \/>\n- Tvar ku\u017eelky<br \/>\n- Uz\u00e1v\u011br bez z\u00e1pachu a odoln\u00fd proti \u00faniku<br \/>\n- Izolace pro hork\u00e9 a studen\u00e9 tekutiny (udr\u017e\u00ed tekutinu horkou nebo studenou po dobu 6 hodin)<br \/>\n- Patentovan\u00e1 povrchov\u00e1 \u00faprava ORCA pro \u017eiv\u00e9 barvy<br \/>\n- Pouze ru\u010dn\u00ed myt\u00ed (kv\u016fli vakuov\u00e9mu t\u011bsn\u011bn\u00ed se nedoporu\u010duje myt\u00ed v my\u010dce n\u00e1dob\u00ed)<br \/>\n- Pr\u00e1zdn\u00fd v\u00fdrobek poch\u00e1zej\u00edc\u00ed z \u010c\u00edny<\/p>\n<p>Upozorn\u011bn\u00ed: Uchov\u00e1v\u00e1n\u00ed vody v l\u00e1hvi po dobu del\u0161\u00ed ne\u017e 24 hodin je nehygienick\u00e9 a m\u016f\u017ee zp\u016fsobit nep\u0159\u00edjemn\u00fd z\u00e1pach.<\/p>","protected":false},"excerpt":{"rendered":"<p>Tato 17uncov\u00e1 dvoupl\u00e1\u0161\u0165ov\u00e1 l\u00e1hev na vodu z nerezov\u00e9 oceli je ide\u00e1ln\u00ed na ka\u017edodenn\u00ed v\u00fdlety. Udr\u017e\u00ed v\u00e1\u0161 n\u00e1poj tepl\u00fd nebo studen\u00fd po cel\u00e9 hodiny. Je tak\u00e9 vybavena uz\u00e1v\u011brem odoln\u00fdm proti z\u00e1pachu a \u00faniku. Cestou do pr\u00e1ce ji m\u016f\u017eete hodit do dr\u017e\u00e1ku na n\u00e1poje v aut\u011b, vz\u00edt si ji s sebou na t\u00faru nebo ji hodit do [...]","protected":false},"featured_media":3954,"comment_status":"open","ping_status":"closed","template":"","meta":{"_acf_changed":false,"content-type":"","_monsterinsights_skip_tracking":false,"_monsterinsights_sitenote_active":false,"_monsterinsights_sitenote_note":"","_monsterinsights_sitenote_category":0},"product_brand":[],"product_cat":[245],"product_tag":[],"class_list":{"0":"post-3953","1":"product","2":"type-product","3":"status-publish","4":"has-post-thumbnail","6":"product_cat-merchandise","8":"first","9":"instock","10":"taxable","11":"shipping-taxable","12":"purchasable","13":"product-type-simple"},"acf":[],"aioseo_notices":[],"jetpack_sharing_enabled":true,"_links":{"self":[{"href":"https:\/\/antcube.shop\/cs\/wp-json\/wp\/v2\/product\/3953","targetHints":{"allow":["GET"]}}],"collection":[{"href":"https:\/\/antcube.shop\/cs\/wp-json\/wp\/v2\/product"}],"about":[{"href":"https:\/\/antcube.shop\/cs\/wp-json\/wp\/v2\/types\/product"}],"replies":[{"embeddable":true,"href":"https:\/\/antcube.shop\/cs\/wp-json\/wp\/v2\/comments?post=3953"}],"wp:featuredmedia":[{"embeddable":true,"href":"https:\/\/antcube.shop\/cs\/wp-json\/wp\/v2\/media\/3954"}],"wp:attachment":[{"href":"https:\/\/antcube.shop\/cs\/wp-json\/wp\/v2\/media?parent=3953"}],"wp:term":[{"taxonomy":"product_brand","embeddable":true,"href":"https:\/\/antcube.shop\/cs\/wp-json\/wp\/v2\/product_brand?post=3953"},{"taxonomy":"product_cat","embeddable":true,"href":"https:\/\/antcube.shop\/cs\/wp-json\/wp\/v2\/product_cat?post=3953"},{"taxonomy":"product_tag","embeddable":true,"href":"https:\/\/antcube.shop\/cs\/wp-json\/wp\/v2\/product_tag?post=3953"}],"curies":[{"name":"wp","href":"https:\/\/api.w.org\/{rel}","templated":true}]}}