{"id":3874,"date":"2021-11-23T18:18:59","date_gmt":"2021-11-23T17:18:59","guid":{"rendered":"https:\/\/antcube.shop\/produkt\/ameisen-spiralturm-l-20\/"},"modified":"2026-04-05T20:47:09","modified_gmt":"2026-04-05T18:47:09","slug":"ameisen-spiralturm-l-20","status":"publish","type":"product","link":"https:\/\/antcube.shop\/cs\/produkt\/ameisen-spiralturm-l-20\/","title":{"rendered":"Mraven\u010d\u00ed spir\u00e1lov\u00e1 v\u011b\u017e L - 20"},"content":{"rendered":"<div><strong>Rozm\u011bry<\/strong>: 19x19x20 cm; <strong>L<\/strong> pro hadici 20\/16 mm<\/div>\n<div><\/div>\n<div><strong>Materi\u00e1l<\/strong>: PMMA, PVC<\/div>\n<div><\/div>\n<div><strong>Barva<\/strong>: k\u0159i\u0161\u0165\u00e1lov\u011b \u010dist\u00fd, pr\u016fhledn\u00fd, pr\u016fsvitn\u00fd<\/div>\n<div><\/div>\n<div><strong>Obsah<\/strong>:<\/div>\n<div>2x spodn\u00ed \/ kryc\u00ed deska<\/div>\n<div>2x p\u0159\u00edstup k hadici 20\/16 mm<\/div>\n<div>4x hadicov\u00fd sloupek pro hadici 20\/16 mm<\/div>\n<div>10x up\u00ednac\u00ed kol\u00edk<\/div>\n<div>4m hadice 20\/16 mm<\/div>\n<div><strong>Pozn\u00e1mka<\/strong>: D\u00edly se dod\u00e1vaj\u00ed jako stavebnice nebo z\u00e1suvn\u00fd syst\u00e9m. Lepen\u00ed nen\u00ed nutn\u00e9.<\/div>\n<div><\/div>\n<div><strong>P\u0159ipojen\u00ed<\/strong>:<\/div>\n<div>2x hadice 20\/16 mm<\/div>\n<div><\/div>\n<div><strong>Popis<\/strong>: Mraven\u010d\u00ed spir\u00e1lov\u00e1 v\u011b\u017e slou\u017e\u00ed k p\u0159ekon\u00e1n\u00ed v\u00fd\u0161ky z ar\u00e9ny do mraveni\u0161t\u011b a nav\u00edc nab\u00edz\u00ed zv\u00ed\u0159at\u016fm velkou vzd\u00e1lenost pro ch\u016fzi na kompaktn\u00edm prostoru. Dodate\u010dn\u00e1 doch\u00e1zkov\u00e1 vzd\u00e1lenost simuluje cesty, kter\u00e9 mus\u00ed mravenci p\u0159ekon\u00e1vat v p\u0159\u00edrod\u011b ke zdroj\u016fm potravy, a m\u016f\u017ee m\u00edt pozitivn\u00ed vliv na v\u00fdvoj a chov\u00e1n\u00ed mraven\u010d\u00ed kolonie.<\/div>\n<div><\/div>\n<div><strong>Aplikace<\/strong>: pro mraveni\u0161t\u011b o velikosti <strong>L<\/strong><\/div>","protected":false},"excerpt":{"rendered":"<p><strong>P\u0159ipojen\u00ed<\/strong>: hadice 20\/16 mm<br \/>\nVelikost <strong>L<\/strong><\/p>","protected":false},"featured_media":3878,"comment_status":"open","ping_status":"closed","template":"","meta":{"_acf_changed":false,"content-type":"","_monsterinsights_skip_tracking":false,"_monsterinsights_sitenote_active":false,"_monsterinsights_sitenote_note":"","_monsterinsights_sitenote_category":0},"product_brand":[],"product_cat":[119,256],"product_tag":[],"class_list":{"0":"post-3874","1":"product","2":"type-product","3":"status-publish","4":"has-post-thumbnail","6":"product_cat-formicarium-components","7":"product_cat-spiral-tower","9":"first","10":"instock","11":"taxable","12":"shipping-taxable","13":"purchasable","14":"product-type-simple"},"acf":[],"aioseo_notices":[],"jetpack_sharing_enabled":true,"_links":{"self":[{"href":"https:\/\/antcube.shop\/cs\/wp-json\/wp\/v2\/product\/3874","targetHints":{"allow":["GET"]}}],"collection":[{"href":"https:\/\/antcube.shop\/cs\/wp-json\/wp\/v2\/product"}],"about":[{"href":"https:\/\/antcube.shop\/cs\/wp-json\/wp\/v2\/types\/product"}],"replies":[{"embeddable":true,"href":"https:\/\/antcube.shop\/cs\/wp-json\/wp\/v2\/comments?post=3874"}],"wp:featuredmedia":[{"embeddable":true,"href":"https:\/\/antcube.shop\/cs\/wp-json\/wp\/v2\/media\/3878"}],"wp:attachment":[{"href":"https:\/\/antcube.shop\/cs\/wp-json\/wp\/v2\/media?parent=3874"}],"wp:term":[{"taxonomy":"product_brand","embeddable":true,"href":"https:\/\/antcube.shop\/cs\/wp-json\/wp\/v2\/product_brand?post=3874"},{"taxonomy":"product_cat","embeddable":true,"href":"https:\/\/antcube.shop\/cs\/wp-json\/wp\/v2\/product_cat?post=3874"},{"taxonomy":"product_tag","embeddable":true,"href":"https:\/\/antcube.shop\/cs\/wp-json\/wp\/v2\/product_tag?post=3874"}],"curies":[{"name":"wp","href":"https:\/\/api.w.org\/{rel}","templated":true}]}}