{"id":3625,"date":"2021-11-19T12:53:34","date_gmt":"2021-11-19T11:53:34","guid":{"rendered":"https:\/\/antcube.shop\/produkt\/snapback-hat\/"},"modified":"2024-12-12T12:26:44","modified_gmt":"2024-12-12T11:26:44","slug":"snapback-klobouk","status":"publish","type":"product","link":"https:\/\/antcube.shop\/cs\/produkt\/snapback-klobouk\/","title":{"rendered":"K\u0161iltovka Snapback"},"content":{"rendered":"<p>Tento klobouk m\u00e1 klasick\u00fd st\u0159ih, ploch\u00fd okraj a plnou p\u0159ezku. D\u00edky nastaviteln\u00e9mu zap\u00edn\u00e1n\u00ed na patentky je klobouk pohodln\u00fd a vyhovuje v\u011bt\u0161in\u011b velikost\u00ed.<\/p>\n<p>- 80% akryl, 20% vlna<br \/>\n- Zelen\u00e1 kamufl\u00e1\u017e je z bavlny 60% a polyesteru 40%.<br \/>\n- Strukturovan\u00fd, \u0161estipanelov\u00fd, vysokoprofilov\u00fd<br \/>\n- 6 vy\u0161\u00edvan\u00fdch o\u010dek<br \/>\n- Plastov\u00fd uz\u00e1v\u011br<br \/>\n- Zelen\u00fd podhled<br \/>\n- Obvod hlavy: 21\u2033-23\u2033 (54,9 cm-60 cm)<br \/>\n- Pr\u00e1zdn\u00fd v\u00fdrobek poch\u00e1zej\u00edc\u00ed z Vietnamu nebo Banglad\u00e9\u0161e<\/p>\n<p>&nbsp;<\/p>\n<p>Dod\u00e1vky a v\u00fdrobu produkt\u016f v kategorii Zbo\u017e\u00ed zaji\u0161\u0165uje n\u00e1\u0161 partner PRINTFUL. Objedn\u00e1n\u00edm n\u011bkter\u00e9ho z t\u011bchto v\u00fdrobk\u016f p\u0159ij\u00edm\u00e1te obchodn\u00ed podm\u00ednky, z\u00e1sady ochrany osobn\u00edch \u00fadaj\u016f a z\u00e1sady vracen\u00ed zbo\u017e\u00ed spole\u010dnosti PRINTFUL.<\/p>\n<p><a href=\"https:\/\/www.printful.com\/policies\/terms-of-service\">Zde naleznete smluvn\u00ed podm\u00ednky spole\u010dnosti PRINTFUL.<\/a><\/p>\n<p><a href=\"https:\/\/www.printful.com\/policies\/returns\">Z\u00e1sady vr\u00e1cen\u00ed zbo\u017e\u00ed spole\u010dnosti PRINTFUL naleznete zde.<\/a><\/p>\n<p><a href=\"https:\/\/www.printful.com\/policies\/privacy\">Z\u00e1sady ochrany osobn\u00edch \u00fadaj\u016f spole\u010dnosti PRINTFUL najdete zde.<\/a><\/p>","protected":false},"excerpt":{"rendered":"<p>Tento klobouk m\u00e1 klasick\u00fd st\u0159ih, ploch\u00fd okraj a plnou p\u0159ezku. D\u00edky nastaviteln\u00e9mu zap\u00edn\u00e1n\u00ed na patentky je klobouk pohodln\u00fd a vyhovuje v\u011bt\u0161in\u011b velikost\u00ed. - 80% akryl, 20% vlna - Green Camo je z 60% bavlny, 40% polyesteru - Strukturovan\u00e1, \u0161estipanelov\u00e1, vysokoprofilov\u00e1 - 6 vy\u0161\u00edvan\u00fdch o\u010dek - Plastov\u00e9 zap\u00edn\u00e1n\u00ed na patentky - Zelen\u00fd podhlavn\u00edk - Obvod hlavy: 21\u215d\u2033-23\u215d\u2033","protected":false},"featured_media":3627,"comment_status":"open","ping_status":"closed","template":"","meta":{"_acf_changed":false,"content-type":"","_monsterinsights_skip_tracking":false,"_monsterinsights_sitenote_active":false,"_monsterinsights_sitenote_note":"","_monsterinsights_sitenote_category":0},"product_brand":[],"product_cat":[245],"product_tag":[],"class_list":{"0":"post-3625","1":"product","2":"type-product","3":"status-publish","4":"has-post-thumbnail","6":"product_cat-merchandise","8":"first","9":"instock","10":"taxable","11":"shipping-taxable","12":"purchasable","13":"product-type-simple"},"acf":[],"aioseo_notices":[],"jetpack_sharing_enabled":true,"_links":{"self":[{"href":"https:\/\/antcube.shop\/cs\/wp-json\/wp\/v2\/product\/3625","targetHints":{"allow":["GET"]}}],"collection":[{"href":"https:\/\/antcube.shop\/cs\/wp-json\/wp\/v2\/product"}],"about":[{"href":"https:\/\/antcube.shop\/cs\/wp-json\/wp\/v2\/types\/product"}],"replies":[{"embeddable":true,"href":"https:\/\/antcube.shop\/cs\/wp-json\/wp\/v2\/comments?post=3625"}],"wp:featuredmedia":[{"embeddable":true,"href":"https:\/\/antcube.shop\/cs\/wp-json\/wp\/v2\/media\/3627"}],"wp:attachment":[{"href":"https:\/\/antcube.shop\/cs\/wp-json\/wp\/v2\/media?parent=3625"}],"wp:term":[{"taxonomy":"product_brand","embeddable":true,"href":"https:\/\/antcube.shop\/cs\/wp-json\/wp\/v2\/product_brand?post=3625"},{"taxonomy":"product_cat","embeddable":true,"href":"https:\/\/antcube.shop\/cs\/wp-json\/wp\/v2\/product_cat?post=3625"},{"taxonomy":"product_tag","embeddable":true,"href":"https:\/\/antcube.shop\/cs\/wp-json\/wp\/v2\/product_tag?post=3625"}],"curies":[{"name":"wp","href":"https:\/\/api.w.org\/{rel}","templated":true}]}}