{"id":3611,"date":"2021-11-19T12:49:31","date_gmt":"2021-11-19T11:49:31","guid":{"rendered":"https:\/\/antcube.shop\/produkt\/dad-hat\/"},"modified":"2024-12-12T12:26:53","modified_gmt":"2024-12-12T11:26:53","slug":"klobouk-pro-otce","status":"publish","type":"product","link":"https:\/\/antcube.shop\/cs\/produkt\/klobouk-pro-otce\/","title":{"rendered":"Klobouk pro otce"},"content":{"rendered":"<p>Klobouky pro tat\u00ednky nejsou jen pro tat\u00ednky. Tato m\u00e1 n\u00edzk\u00fd profil s nastaviteln\u00fdm p\u00e1skem a zak\u0159iven\u00fdm k\u0161iltem.<\/p>\n<p>- 100% chino bavln\u011bn\u00fd kepr<br \/>- Zelen\u00e1 barva Camo je 35% chino bavln\u011bn\u00fd kepr, 65% polyester.<br \/>- Nestrukturovan\u00fd, \u0161estipanelov\u00fd, n\u00edzkoprofilov\u00fd<br \/>- 6 vy\u0161\u00edvan\u00fdch o\u010dek<br \/>- 3 \u215b\" (7,6 cm) koruna<br \/>- Nastaviteln\u00fd \u0159em\u00ednek se staro\u017eitnou sponou<br \/>- Pr\u00e1zdn\u00fd v\u00fdrobek poch\u00e1zej\u00edc\u00ed z Vietnamu nebo Banglad\u00e9\u0161e<\/p>\n<p>\u00a0<\/p>\n<p>Dod\u00e1vky a v\u00fdrobu produkt\u016f v kategorii Zbo\u017e\u00ed zaji\u0161\u0165uje n\u00e1\u0161 partner PRINTFUL. Objedn\u00e1n\u00edm n\u011bkter\u00e9ho z t\u011bchto v\u00fdrobk\u016f p\u0159ij\u00edm\u00e1te obchodn\u00ed podm\u00ednky, z\u00e1sady ochrany osobn\u00edch \u00fadaj\u016f a z\u00e1sady vracen\u00ed zbo\u017e\u00ed spole\u010dnosti PRINTFUL.\u00a0<\/p>\n<p><a href=\"https:\/\/www.printful.com\/policies\/terms-of-service\">Zde naleznete smluvn\u00ed podm\u00ednky spole\u010dnosti PRINTFUL.<\/a><\/p>\n<p><a href=\"https:\/\/www.printful.com\/policies\/returns\">Z\u00e1sady vr\u00e1cen\u00ed zbo\u017e\u00ed spole\u010dnosti PRINTFUL naleznete zde.<\/a><\/p>\n<p><a href=\"https:\/\/www.printful.com\/policies\/privacy\">Z\u00e1sady ochrany osobn\u00edch \u00fadaj\u016f spole\u010dnosti PRINTFUL najdete zde.<\/a><\/p>","protected":false},"excerpt":{"rendered":"<p>Klobouky pro tat\u00ednky nejsou jen pro tat\u00ednky. Tato m\u00e1 n\u00edzk\u00fd profil s nastaviteln\u00fdm p\u00e1skem a zak\u0159iven\u00fdm k\u0161iltem. - 100% chino bavln\u011bn\u00fd kepr- Green Camo barva je 35% chino bavln\u011bn\u00fd kepr, 65% polyester- Nestrukturovan\u00e1, 6panelov\u00e1, n\u00edzkoprofilov\u00e1- 6 vy\u0161\u00edvan\u00fdch o\u010dek- 3 \u215b\" (7,6 cm) korunka- Nastaviteln\u00fd p\u00e1sek se starobylou sponou- Pr\u00e1zdn\u00fd v\u00fdrobek poch\u00e1z\u00ed z Vietnamu- K\u0161iltovka je vyrobena z [...]","protected":false},"featured_media":3613,"comment_status":"open","ping_status":"closed","template":"","meta":{"_acf_changed":false,"content-type":"","_monsterinsights_skip_tracking":false,"_monsterinsights_sitenote_active":false,"_monsterinsights_sitenote_note":"","_monsterinsights_sitenote_category":0},"product_brand":[],"product_cat":[245],"product_tag":[],"class_list":{"0":"post-3611","1":"product","2":"type-product","3":"status-publish","4":"has-post-thumbnail","6":"product_cat-merchandise","8":"first","9":"instock","10":"taxable","11":"shipping-taxable","12":"purchasable","13":"product-type-simple"},"acf":[],"aioseo_notices":[],"jetpack_sharing_enabled":true,"_links":{"self":[{"href":"https:\/\/antcube.shop\/cs\/wp-json\/wp\/v2\/product\/3611","targetHints":{"allow":["GET"]}}],"collection":[{"href":"https:\/\/antcube.shop\/cs\/wp-json\/wp\/v2\/product"}],"about":[{"href":"https:\/\/antcube.shop\/cs\/wp-json\/wp\/v2\/types\/product"}],"replies":[{"embeddable":true,"href":"https:\/\/antcube.shop\/cs\/wp-json\/wp\/v2\/comments?post=3611"}],"wp:featuredmedia":[{"embeddable":true,"href":"https:\/\/antcube.shop\/cs\/wp-json\/wp\/v2\/media\/3613"}],"wp:attachment":[{"href":"https:\/\/antcube.shop\/cs\/wp-json\/wp\/v2\/media?parent=3611"}],"wp:term":[{"taxonomy":"product_brand","embeddable":true,"href":"https:\/\/antcube.shop\/cs\/wp-json\/wp\/v2\/product_brand?post=3611"},{"taxonomy":"product_cat","embeddable":true,"href":"https:\/\/antcube.shop\/cs\/wp-json\/wp\/v2\/product_cat?post=3611"},{"taxonomy":"product_tag","embeddable":true,"href":"https:\/\/antcube.shop\/cs\/wp-json\/wp\/v2\/product_tag?post=3611"}],"curies":[{"name":"wp","href":"https:\/\/api.w.org\/{rel}","templated":true}]}}