{"id":3599,"date":"2021-11-19T12:47:56","date_gmt":"2021-11-19T11:47:56","guid":{"rendered":"https:\/\/antcube.shop\/produkt\/premium-eco-hoodie\/"},"modified":"2024-12-12T12:27:02","modified_gmt":"2024-12-12T11:27:02","slug":"premium-eco-hoodie","status":"publish","type":"product","link":"https:\/\/antcube.shop\/cs\/produkt\/premium-eco-hoodie\/","title":{"rendered":"Pr\u00e9miov\u00e1 ekologick\u00e1 mikina s kapuc\u00ed"},"content":{"rendered":"<p>Seznamte se s prvot\u0159\u00eddn\u00ed ekologickou mikinou z organick\u00fdch a recyklovan\u00fdch materi\u00e1l\u016f. D\u00edky pohodln\u00e9mu st\u0159ihu, p\u0159edn\u00ed kapse a dvouvrstv\u00e9 kapuci je mikina klasick\u00fdm streetwearov\u00fdm kouskem, kter\u00fd lze stylizovat do mnoha r\u016fzn\u00fdch look\u016f.<\/p>\n<p>- 85% organick\u00e1 bavlna, 15% recyklovan\u00fd polyester<br \/>\n- \u017debrov\u00e1n\u00ed: 97% organick\u00e1 bavlna, 3% elastan.<br \/>\n- Kart\u00e1\u010dovan\u00e1 fleecov\u00e1 tkanina uvnit\u0159<br \/>\n- Pohodln\u00fd unisex st\u0159ih<br \/>\n- Dvouvrstv\u00e1 kapuce<br \/>\n- Ploch\u00e9 stahovac\u00ed \u0161\u0148\u016frky s kovov\u00fdmi o\u010dky pro prvot\u0159\u00eddn\u00ed pocit<br \/>\n- Klokan\u00ed kapsa<br \/>\n- Vnit\u0159n\u00ed\/venkovn\u00ed \u0161t\u00edtek s n\u00e1\u0161ivkou pro ozna\u010den\u00ed zna\u010dky<br \/>\n- Strh\u00e1vac\u00ed \u0161t\u00edtek pro p\u00e9\u010di<\/p>\n<p>&nbsp;<\/p>\n<p>Dod\u00e1vky a v\u00fdrobu produkt\u016f v kategorii Zbo\u017e\u00ed zaji\u0161\u0165uje n\u00e1\u0161 partner PRINTFUL. Objedn\u00e1n\u00edm n\u011bkter\u00e9ho z t\u011bchto v\u00fdrobk\u016f p\u0159ij\u00edm\u00e1te obchodn\u00ed podm\u00ednky, z\u00e1sady ochrany osobn\u00edch \u00fadaj\u016f a z\u00e1sady vracen\u00ed zbo\u017e\u00ed spole\u010dnosti PRINTFUL.<\/p>\n<p><a href=\"https:\/\/www.printful.com\/policies\/terms-of-service\">Zde naleznete smluvn\u00ed podm\u00ednky spole\u010dnosti PRINTFUL.<\/a><\/p>\n<p><a href=\"https:\/\/www.printful.com\/policies\/returns\">Z\u00e1sady vr\u00e1cen\u00ed zbo\u017e\u00ed spole\u010dnosti PRINTFUL naleznete zde.<\/a><\/p>\n<p><a href=\"https:\/\/www.printful.com\/policies\/privacy\">Z\u00e1sady ochrany osobn\u00edch \u00fadaj\u016f spole\u010dnosti PRINTFUL najdete zde.<\/a><\/p>","protected":false},"excerpt":{"rendered":"<p>Seznamte se s prvot\u0159\u00eddn\u00ed ekologickou mikinou z organick\u00fdch a recyklovan\u00fdch materi\u00e1l\u016f. D\u00edky pohodln\u00e9mu st\u0159ihu, p\u0159edn\u00ed kapse a dvouvrstv\u00e9 kapuci je mikina klasick\u00fdm streetwearov\u00fdm kouskem, kter\u00fd lze stylizovat do mnoha r\u016fzn\u00fdch look\u016f. - Materi\u00e1l: 85% organick\u00e1 bavlna, 15% recyklovan\u00fd polyester - \u017debrov\u00e1n\u00ed: 97% organick\u00e1 bavlna, 3% elastan - Vnit\u0159n\u00ed strana z kart\u00e1\u010dovan\u00e9 fleecov\u00e9 tkaniny - Materi\u00e1l: [...]","protected":false},"featured_media":3607,"comment_status":"open","ping_status":"closed","template":"","meta":{"_acf_changed":false,"content-type":"","_monsterinsights_skip_tracking":false,"_monsterinsights_sitenote_active":false,"_monsterinsights_sitenote_note":"","_monsterinsights_sitenote_category":0},"product_brand":[],"product_cat":[245],"product_tag":[],"class_list":{"0":"post-3599","1":"product","2":"type-product","3":"status-publish","4":"has-post-thumbnail","6":"product_cat-merchandise","8":"first","9":"instock","10":"taxable","11":"shipping-taxable","12":"purchasable","13":"product-type-variable"},"acf":[],"aioseo_notices":[],"jetpack_sharing_enabled":true,"_links":{"self":[{"href":"https:\/\/antcube.shop\/cs\/wp-json\/wp\/v2\/product\/3599","targetHints":{"allow":["GET"]}}],"collection":[{"href":"https:\/\/antcube.shop\/cs\/wp-json\/wp\/v2\/product"}],"about":[{"href":"https:\/\/antcube.shop\/cs\/wp-json\/wp\/v2\/types\/product"}],"replies":[{"embeddable":true,"href":"https:\/\/antcube.shop\/cs\/wp-json\/wp\/v2\/comments?post=3599"}],"wp:featuredmedia":[{"embeddable":true,"href":"https:\/\/antcube.shop\/cs\/wp-json\/wp\/v2\/media\/3607"}],"wp:attachment":[{"href":"https:\/\/antcube.shop\/cs\/wp-json\/wp\/v2\/media?parent=3599"}],"wp:term":[{"taxonomy":"product_brand","embeddable":true,"href":"https:\/\/antcube.shop\/cs\/wp-json\/wp\/v2\/product_brand?post=3599"},{"taxonomy":"product_cat","embeddable":true,"href":"https:\/\/antcube.shop\/cs\/wp-json\/wp\/v2\/product_cat?post=3599"},{"taxonomy":"product_tag","embeddable":true,"href":"https:\/\/antcube.shop\/cs\/wp-json\/wp\/v2\/product_tag?post=3599"}],"curies":[{"name":"wp","href":"https:\/\/api.w.org\/{rel}","templated":true}]}}