{"id":3575,"date":"2021-11-19T12:45:26","date_gmt":"2021-11-19T11:45:26","guid":{"rendered":"https:\/\/antcube.shop\/produkt\/unisex-organic-cotton-t-shirt\/"},"modified":"2024-12-12T12:27:10","modified_gmt":"2024-12-12T11:27:10","slug":"tricko-z-organicke-bavlny-unisex","status":"publish","type":"product","link":"https:\/\/antcube.shop\/cs\/produkt\/tricko-z-organicke-bavlny-unisex\/","title":{"rendered":"Unisex tri\u010dko z organick\u00e9 bavlny"},"content":{"rendered":"<p>Toto unisexov\u00e9 tri\u010dko vyroben\u00e9 z organick\u00e9 bavlny 100% je naprosto nepostradateln\u00e9. Je vysoce kvalitn\u00ed, velmi pohodln\u00e9 a nejl\u00e9pe \u0161etrn\u00e9 k \u017eivotn\u00edmu prost\u0159ed\u00ed.<\/p>\n<p>- 100% organick\u00e1 krou\u017ekovan\u00e1 bavlna<br \/>\n- Hmotnost tkaniny: 5,3 oz\/yd\u00b2 (180 g\/m\u00b2)<br \/>\n- Jednoduch\u00fd dres<br \/>\n- St\u0159edn\u00ed st\u0159ih<br \/>\n- Zasouvac\u00ed ruk\u00e1vy<br \/>\n- 1 \u00d7 1 \u017eebro na l\u00edmci<br \/>\n- \u0160irok\u00fd dvojit\u00fd steh na ruk\u00e1vech a spodn\u00edch lemech.<br \/>\n- Samolepic\u00ed p\u00e1ska na krk (vnit\u0159n\u00ed strana, zadn\u00ed strana krku)<br \/>\n- Pr\u00e1zdn\u00fd v\u00fdrobek poch\u00e1zej\u00edc\u00ed z \u010c\u00edny nebo Banglad\u00e9\u0161e<\/p>\n<p>&nbsp;<\/p>\n<p>Dod\u00e1vky a v\u00fdrobu produkt\u016f v kategorii Zbo\u017e\u00ed zaji\u0161\u0165uje n\u00e1\u0161 partner PRINTFUL. Objedn\u00e1n\u00edm n\u011bkter\u00e9ho z t\u011bchto v\u00fdrobk\u016f p\u0159ij\u00edm\u00e1te obchodn\u00ed podm\u00ednky, z\u00e1sady ochrany osobn\u00edch \u00fadaj\u016f a z\u00e1sady vracen\u00ed zbo\u017e\u00ed spole\u010dnosti PRINTFUL.<\/p>\n<p><a href=\"https:\/\/www.printful.com\/policies\/terms-of-service\">Zde naleznete smluvn\u00ed podm\u00ednky spole\u010dnosti PRINTFUL.<\/a><\/p>\n<p><a href=\"https:\/\/www.printful.com\/policies\/returns\">Z\u00e1sady vr\u00e1cen\u00ed zbo\u017e\u00ed spole\u010dnosti PRINTFUL naleznete zde.<\/a><\/p>\n<p><a href=\"https:\/\/www.printful.com\/policies\/privacy\">Z\u00e1sady ochrany osobn\u00edch \u00fadaj\u016f spole\u010dnosti PRINTFUL najdete zde.<\/a><\/p>","protected":false},"excerpt":{"rendered":"<p>Toto unisexov\u00e9 tri\u010dko vyroben\u00e9 z organick\u00e9 bavlny 100% je naprosto nepostradateln\u00e9. Je vysoce kvalitn\u00ed, velmi pohodln\u00e9 a nejl\u00e9pe \u0161etrn\u00e9 k \u017eivotn\u00edmu prost\u0159ed\u00ed. - Organick\u00e1 bavlna ring-spun 100% - Hmotnost l\u00e1tky: 5,3 oz\/yd\u00b2 (180 g\/m\u00b2) - Jednoduch\u00fd \u017eerzej - St\u0159edn\u011b vysok\u00fd st\u0159ih - Vsazen\u00e9 ruk\u00e1vy - \u017debrov\u00e1n\u00ed 1 \u00d7 1 na l\u00edmci - \u0160irok\u00fd dvoujehlov\u00fd steh na horn\u00edm okraji","protected":false},"featured_media":3582,"comment_status":"open","ping_status":"closed","template":"","meta":{"_acf_changed":false,"content-type":"","_monsterinsights_skip_tracking":false,"_monsterinsights_sitenote_active":false,"_monsterinsights_sitenote_note":"","_monsterinsights_sitenote_category":0},"product_brand":[],"product_cat":[245],"product_tag":[],"class_list":{"0":"post-3575","1":"product","2":"type-product","3":"status-publish","4":"has-post-thumbnail","6":"product_cat-merchandise","8":"first","9":"instock","10":"taxable","11":"shipping-taxable","12":"purchasable","13":"product-type-variable"},"acf":[],"aioseo_notices":[],"jetpack_sharing_enabled":true,"_links":{"self":[{"href":"https:\/\/antcube.shop\/cs\/wp-json\/wp\/v2\/product\/3575","targetHints":{"allow":["GET"]}}],"collection":[{"href":"https:\/\/antcube.shop\/cs\/wp-json\/wp\/v2\/product"}],"about":[{"href":"https:\/\/antcube.shop\/cs\/wp-json\/wp\/v2\/types\/product"}],"replies":[{"embeddable":true,"href":"https:\/\/antcube.shop\/cs\/wp-json\/wp\/v2\/comments?post=3575"}],"wp:featuredmedia":[{"embeddable":true,"href":"https:\/\/antcube.shop\/cs\/wp-json\/wp\/v2\/media\/3582"}],"wp:attachment":[{"href":"https:\/\/antcube.shop\/cs\/wp-json\/wp\/v2\/media?parent=3575"}],"wp:term":[{"taxonomy":"product_brand","embeddable":true,"href":"https:\/\/antcube.shop\/cs\/wp-json\/wp\/v2\/product_brand?post=3575"},{"taxonomy":"product_cat","embeddable":true,"href":"https:\/\/antcube.shop\/cs\/wp-json\/wp\/v2\/product_cat?post=3575"},{"taxonomy":"product_tag","embeddable":true,"href":"https:\/\/antcube.shop\/cs\/wp-json\/wp\/v2\/product_tag?post=3575"}],"curies":[{"name":"wp","href":"https:\/\/api.w.org\/{rel}","templated":true}]}}