{"id":3566,"date":"2021-11-19T12:43:48","date_gmt":"2021-11-19T11:43:48","guid":{"rendered":"https:\/\/antcube.shop\/produkt\/youth-short-sleeve-t-shirt\/"},"modified":"2024-12-12T12:27:18","modified_gmt":"2024-12-12T11:27:18","slug":"tricko-s-kratkym-rukavem-pro-mladez","status":"publish","type":"product","link":"https:\/\/antcube.shop\/cs\/produkt\/tricko-s-kratkym-rukavem-pro-mladez\/","title":{"rendered":"Tri\u010dko s kr\u00e1tk\u00fdm ruk\u00e1vem pro ml\u00e1de\u017e"},"content":{"rendered":"<p>Tohle tri\u010dko jste hledali a ur\u010dit\u011b se stane obl\u00edben\u00fdm kouskem v \u0161atn\u00edku ka\u017ed\u00e9ho mlad\u00edka. Je lehk\u00e9, m\u011bkk\u00e9 a p\u0159ich\u00e1z\u00ed s jedine\u010dn\u00fdm designem.<\/p>\n<p>- 100% \u010desan\u00e1 a krou\u017ekovan\u00e1 bavlna<br \/>\n- Barvy v\u0159esu jsou z \u010desan\u00e9 a krou\u017ekov\u00e9 bavlny 52%, polyesteru 48%.<br \/>\n- Athletic Heather je z 90% \u010desan\u00e9 a krou\u017ekov\u011b p\u0159eden\u00e9 bavlny, 10% polyesteru.<br \/>\n- Hmotnost tkaniny: 4,2 oz\/yd\u00b2 (142 g\/m2)<br \/>\n- P\u0159edsr\u00e1\u017een\u00e1 tkanina<br \/>\n- 32 singl\u016f<br \/>\n- Uvoln\u011bn\u00fd unisex st\u0159ih<br \/>\n- Konstrukce s bo\u010dn\u00edmi \u0161vy<br \/>\n- Pr\u00e1zdn\u00fd v\u00fdrobek poch\u00e1zej\u00edc\u00ed z Nikaraguy, USA nebo Hondurasu<\/p>\n<p>&nbsp;<\/p>\n<p>Dod\u00e1vky a v\u00fdrobu produkt\u016f v kategorii Zbo\u017e\u00ed zaji\u0161\u0165uje n\u00e1\u0161 partner PRINTFUL. Objedn\u00e1n\u00edm n\u011bkter\u00e9ho z t\u011bchto v\u00fdrobk\u016f p\u0159ij\u00edm\u00e1te obchodn\u00ed podm\u00ednky, z\u00e1sady ochrany osobn\u00edch \u00fadaj\u016f a z\u00e1sady vracen\u00ed zbo\u017e\u00ed spole\u010dnosti PRINTFUL.<\/p>\n<p><a href=\"https:\/\/www.printful.com\/policies\/terms-of-service\">Zde naleznete smluvn\u00ed podm\u00ednky spole\u010dnosti PRINTFUL.<\/a><\/p>\n<p><a href=\"https:\/\/www.printful.com\/policies\/returns\">Z\u00e1sady vr\u00e1cen\u00ed zbo\u017e\u00ed spole\u010dnosti PRINTFUL naleznete zde.<\/a><\/p>\n<p><a href=\"https:\/\/www.printful.com\/policies\/privacy\">Z\u00e1sady ochrany osobn\u00edch \u00fadaj\u016f spole\u010dnosti PRINTFUL najdete zde.<\/a><\/p>","protected":false},"excerpt":{"rendered":"<p>Tohle tri\u010dko jste hledali a ur\u010dit\u011b se stane obl\u00edben\u00fdm kouskem v \u0161atn\u00edku ka\u017ed\u00e9ho mlad\u00edka. Je lehk\u00e9, m\u011bkk\u00e9 a p\u0159ich\u00e1z\u00ed s jedine\u010dn\u00fdm designem. - 100% \u010desan\u00e1 a krou\u017ekovan\u00e1 bavlna - V\u0159esov\u00e9 barvy jsou z 52% \u010desan\u00e9 a krou\u017ekovan\u00e9 bavlny, 48% polyesteru - Atletick\u00fd v\u0159es je z 90% \u010desan\u00e9 a krou\u017ekovan\u00e9 bavlny, [...]","protected":false},"featured_media":3573,"comment_status":"open","ping_status":"closed","template":"","meta":{"_acf_changed":false,"content-type":"","_monsterinsights_skip_tracking":false,"_monsterinsights_sitenote_active":false,"_monsterinsights_sitenote_note":"","_monsterinsights_sitenote_category":0},"product_brand":[],"product_cat":[245],"product_tag":[],"class_list":{"0":"post-3566","1":"product","2":"type-product","3":"status-publish","4":"has-post-thumbnail","6":"product_cat-merchandise","8":"first","9":"instock","10":"taxable","11":"shipping-taxable","12":"purchasable","13":"product-type-variable"},"acf":[],"aioseo_notices":[],"jetpack_sharing_enabled":true,"_links":{"self":[{"href":"https:\/\/antcube.shop\/cs\/wp-json\/wp\/v2\/product\/3566","targetHints":{"allow":["GET"]}}],"collection":[{"href":"https:\/\/antcube.shop\/cs\/wp-json\/wp\/v2\/product"}],"about":[{"href":"https:\/\/antcube.shop\/cs\/wp-json\/wp\/v2\/types\/product"}],"replies":[{"embeddable":true,"href":"https:\/\/antcube.shop\/cs\/wp-json\/wp\/v2\/comments?post=3566"}],"wp:featuredmedia":[{"embeddable":true,"href":"https:\/\/antcube.shop\/cs\/wp-json\/wp\/v2\/media\/3573"}],"wp:attachment":[{"href":"https:\/\/antcube.shop\/cs\/wp-json\/wp\/v2\/media?parent=3566"}],"wp:term":[{"taxonomy":"product_brand","embeddable":true,"href":"https:\/\/antcube.shop\/cs\/wp-json\/wp\/v2\/product_brand?post=3566"},{"taxonomy":"product_cat","embeddable":true,"href":"https:\/\/antcube.shop\/cs\/wp-json\/wp\/v2\/product_cat?post=3566"},{"taxonomy":"product_tag","embeddable":true,"href":"https:\/\/antcube.shop\/cs\/wp-json\/wp\/v2\/product_tag?post=3566"}],"curies":[{"name":"wp","href":"https:\/\/api.w.org\/{rel}","templated":true}]}}