{"id":3443,"date":"2021-11-18T15:53:00","date_gmt":"2021-11-18T14:53:00","guid":{"rendered":"https:\/\/antcube.shop\/produkt\/mens-heavyweight-tee\/"},"modified":"2024-12-12T12:27:24","modified_gmt":"2024-12-12T11:27:24","slug":"muzi-tezka-vaha-tee","status":"publish","type":"product","link":"https:\/\/antcube.shop\/cs\/produkt\/muzi-tezka-vaha-tee\/","title":{"rendered":"P\u00e1nsk\u00e9 tri\u010dko z prvot\u0159\u00eddn\u00ed bavlny"},"content":{"rendered":"<p>Bavln\u011bn\u00e9 p\u00e1nsk\u00e9 tri\u010dko 100% Premium v\u00e1m pom\u016f\u017ee z\u00edskat strukturovan\u011bj\u0161\u00ed vzhled. P\u011bkn\u011b sed\u00ed, zachov\u00e1v\u00e1 ostr\u00e9 linie na okraj\u00edch a skv\u011ble se hod\u00ed k vrstven\u00fdm streetwearov\u00fdm outfit\u016fm.<br \/>\n- 100% bavlna<br \/>\n- 90% bavlna, 10% polyester<br \/>\n- Hmotnost tkaniny: 5,0-5,3 oz\/yd\u00b2 (170-180 g\/m\u00b2)<br \/>\n- Otev\u0159en\u00e1 p\u0159\u00edze<br \/>\n- Trubkov\u00e1 tkanina<br \/>\n- Podlepen\u00fd krk a ramena<br \/>\n- Dvojit\u00fd \u0161ev na ruk\u00e1vech a spodn\u00edm lemu<br \/>\n- Pr\u00e1zdn\u00fd v\u00fdrobek poch\u00e1zej\u00edc\u00ed z Hondurasu, Nikaraguy, Haiti, Dominik\u00e1nsk\u00e9 republiky, Banglad\u00e9\u0161e a Mexika.<\/p>\n<p>&nbsp;<\/p>\n<p>Dod\u00e1vky a v\u00fdrobu produkt\u016f v kategorii Zbo\u017e\u00ed zaji\u0161\u0165uje n\u00e1\u0161 partner PRINTFUL. Objedn\u00e1n\u00edm n\u011bkter\u00e9ho z t\u011bchto v\u00fdrobk\u016f p\u0159ij\u00edm\u00e1te obchodn\u00ed podm\u00ednky, z\u00e1sady ochrany osobn\u00edch \u00fadaj\u016f a z\u00e1sady vracen\u00ed zbo\u017e\u00ed spole\u010dnosti PRINTFUL.<\/p>\n<p><a href=\"https:\/\/www.printful.com\/policies\/terms-of-service\">Zde naleznete smluvn\u00ed podm\u00ednky spole\u010dnosti PRINTFUL.<\/a><\/p>\n<p><a href=\"https:\/\/www.printful.com\/policies\/returns\">Z\u00e1sady vr\u00e1cen\u00ed zbo\u017e\u00ed spole\u010dnosti PRINTFUL naleznete zde.<\/a><\/p>\n<p><a href=\"https:\/\/www.printful.com\/policies\/privacy\">Z\u00e1sady ochrany osobn\u00edch \u00fadaj\u016f spole\u010dnosti PRINTFUL najdete zde.<\/a><\/p>","protected":false},"excerpt":{"rendered":"<p>Bavln\u011bn\u00e9 p\u00e1nsk\u00e9 tri\u010dko 100% Premium v\u00e1m pom\u016f\u017ee z\u00edskat strukturovan\u011bj\u0161\u00ed vzhled. P\u011bkn\u011b sed\u00ed, zachov\u00e1v\u00e1 ostr\u00e9 linie na okraj\u00edch a skv\u011ble se hod\u00ed k vrstven\u00fdm streetwearov\u00fdm outfit\u016fm. - Materi\u00e1l: 100% bavlna - 90% bavlna, 10% polyester - Hmotnost l\u00e1tky: 5,0-5,3 oz\/yd\u00b2 (170-180 g\/m\u00b2) - Otev\u0159en\u00e1 p\u0159\u00edze - Trubi\u010dkov\u00e1 tkanina - Podlepen\u00fd v\u00fdst\u0159ih a lemov\u00e1n\u00ed.","protected":false},"featured_media":3451,"comment_status":"open","ping_status":"closed","template":"","meta":{"_acf_changed":false,"content-type":"","_monsterinsights_skip_tracking":false,"_monsterinsights_sitenote_active":false,"_monsterinsights_sitenote_note":"","_monsterinsights_sitenote_category":0},"product_brand":[],"product_cat":[245],"product_tag":[],"class_list":{"0":"post-3443","1":"product","2":"type-product","3":"status-publish","4":"has-post-thumbnail","6":"product_cat-merchandise","8":"first","9":"instock","10":"taxable","11":"shipping-taxable","12":"purchasable","13":"product-type-variable"},"acf":[],"aioseo_notices":[],"jetpack_sharing_enabled":true,"_links":{"self":[{"href":"https:\/\/antcube.shop\/cs\/wp-json\/wp\/v2\/product\/3443","targetHints":{"allow":["GET"]}}],"collection":[{"href":"https:\/\/antcube.shop\/cs\/wp-json\/wp\/v2\/product"}],"about":[{"href":"https:\/\/antcube.shop\/cs\/wp-json\/wp\/v2\/types\/product"}],"replies":[{"embeddable":true,"href":"https:\/\/antcube.shop\/cs\/wp-json\/wp\/v2\/comments?post=3443"}],"wp:featuredmedia":[{"embeddable":true,"href":"https:\/\/antcube.shop\/cs\/wp-json\/wp\/v2\/media\/3451"}],"wp:attachment":[{"href":"https:\/\/antcube.shop\/cs\/wp-json\/wp\/v2\/media?parent=3443"}],"wp:term":[{"taxonomy":"product_brand","embeddable":true,"href":"https:\/\/antcube.shop\/cs\/wp-json\/wp\/v2\/product_brand?post=3443"},{"taxonomy":"product_cat","embeddable":true,"href":"https:\/\/antcube.shop\/cs\/wp-json\/wp\/v2\/product_cat?post=3443"},{"taxonomy":"product_tag","embeddable":true,"href":"https:\/\/antcube.shop\/cs\/wp-json\/wp\/v2\/product_tag?post=3443"}],"curies":[{"name":"wp","href":"https:\/\/api.w.org\/{rel}","templated":true}]}}