{"id":3276,"date":"2021-11-10T13:27:18","date_gmt":"2021-11-10T12:27:18","guid":{"rendered":"https:\/\/antcube.shop\/produkt\/myrmica-ruginodis\/"},"modified":"2021-11-24T11:41:53","modified_gmt":"2021-11-24T10:41:53","slug":"myrmica-ruginodis","status":"publish","type":"product","link":"https:\/\/antcube.shop\/cs\/produkt\/myrmica-ruginodis\/","title":{"rendered":"Myrmica ruginodis"},"content":{"rendered":"<p>&nbsp;<\/p>\n<table border=\"1\" cellspacing=\"1\" cellpadding=\"1\">\n<tbody>\n<tr>\n<td><strong>Lat. N\u00e1zev:<\/strong><\/td>\n<td><strong><img data-recalc-dims=\"1\" loading=\"lazy\" decoding=\"async\" src=\"https:\/\/i0.wp.com\/www.antstore.net\/shop\/images\/icons\/ants\/lateinname.jpg?resize=30%2C30&#038;ssl=1\" alt=\"\" width=\"30\" height=\"30\" \/><\/strong><\/td>\n<td><i>Myrmica ruginodis<\/i><\/td>\n<\/tr>\n<tr>\n<td><strong>Spole\u010dn\u00fd n\u00e1zev<\/strong>:<\/td>\n<td><strong><img data-recalc-dims=\"1\" loading=\"lazy\" decoding=\"async\" src=\"https:\/\/i0.wp.com\/www.antstore.net\/shop\/images\/icons\/ants\/trivialname.jpg?resize=30%2C30&#038;ssl=1\" alt=\"\" width=\"30\" height=\"30\" \/><\/strong><\/td>\n<td>European Fireant<\/td>\n<\/tr>\n<tr>\n<td><strong>Taxonomie:<\/strong><\/td>\n<td><strong><img data-recalc-dims=\"1\" loading=\"lazy\" decoding=\"async\" src=\"https:\/\/i0.wp.com\/www.antstore.net\/shop\/images\/icons\/ants\/taxonomie.jpg?resize=30%2C30&#038;ssl=1\" alt=\"\" width=\"30\" height=\"30\" \/><\/strong><\/td>\n<td><b><strong>Pod\u010dele\u010f: <\/strong><\/b>Myrmicinae\u00a0<b><strong>Kmen: <\/strong><\/b>Myrmicini<\/td>\n<\/tr>\n<tr>\n<td><strong>Udr\u017eov\u00e1n\u00ed \u00farovn\u011b:<\/strong><\/td>\n<td><strong><img data-recalc-dims=\"1\" loading=\"lazy\" decoding=\"async\" src=\"https:\/\/i0.wp.com\/www.antstore.net\/shop\/images\/icons\/ants\/haltungsklasse.jpg?resize=30%2C30&#038;ssl=1\" alt=\"\" width=\"30\" height=\"30\" \/><\/strong><\/td>\n<td>\u00a0<strong>(1)<\/strong> snadno se udr\u017euj\u00ed , maj\u00ed siln\u00e9 \u017eihadlo jako jehla.<\/td>\n<\/tr>\n<tr>\n<td><strong>Distribuce:<\/strong><\/td>\n<td><strong><img data-recalc-dims=\"1\" loading=\"lazy\" decoding=\"async\" src=\"https:\/\/i0.wp.com\/www.antstore.net\/shop\/images\/icons\/ants\/verbreitung.jpg?resize=30%2C30&#038;ssl=1\" alt=\"\" width=\"30\" height=\"30\" \/><\/strong><\/td>\n<td>od Velk\u00e9 Brit\u00e1nie po St\u0159edn\u00ed Asii, od 18. stolet\u00ed tak\u00e9 v Severn\u00ed Americe.<\/td>\n<\/tr>\n<tr>\n<td><strong>S\u00eddli\u0161t\u011b:<\/strong><\/td>\n<td><strong><img data-recalc-dims=\"1\" loading=\"lazy\" decoding=\"async\" src=\"https:\/\/i0.wp.com\/www.antstore.net\/shop\/images\/icons\/ants\/habitat.jpg?resize=30%2C30&#038;ssl=1\" alt=\"\" width=\"30\" height=\"30\" \/><\/strong><\/td>\n<td>d\u00e1v\u00e1 p\u0159ednost vlhk\u00fdm m\u00edst\u016fm, jako jsou pastviny nebo otev\u0159en\u00e9 lesy, podobn\u011b jako Myrmica rubra, ale d\u00edky konkurenci \u010dasto v chladn\u011bj\u0161\u00edch les\u00edch.<\/td>\n<\/tr>\n<tr>\n<td><strong>Forma kolonie:<\/strong><\/td>\n<td><strong><img data-recalc-dims=\"1\" loading=\"lazy\" decoding=\"async\" src=\"https:\/\/i0.wp.com\/www.antstore.net\/shop\/images\/icons\/ants\/Kolonieform.jpg?resize=30%2C30&#038;ssl=1\" alt=\"\" width=\"30\" height=\"30\" \/><\/strong><\/td>\n<td>Makrogyn = monogyn Mikrogyn = polygyn<\/td>\n<\/tr>\n<tr>\n<td><strong>Kr\u00e1lovna:<\/strong><\/td>\n<td><strong><img data-recalc-dims=\"1\" loading=\"lazy\" decoding=\"async\" src=\"https:\/\/i0.wp.com\/www.antstore.net\/shop\/images\/icons\/ants\/koenigin.jpg?resize=30%2C30&#038;ssl=1\" alt=\"\" width=\"30\" height=\"30\" \/><\/strong><\/td>\n<td><b><strong>Velikost: <\/strong><\/b>6 - 8 mm <b><strong>Barva: <\/strong><\/b>karm\u00ednov\u00e1 (tmav\u011b \u010derven\u00e1)<\/td>\n<\/tr>\n<tr>\n<td><strong>Pracovn\u00edk:<\/strong><\/td>\n<td><img data-recalc-dims=\"1\" loading=\"lazy\" decoding=\"async\" src=\"https:\/\/i0.wp.com\/www.antstore.net\/shop\/images\/icons\/ants\/arbeiterin.jpg?resize=30%2C30&#038;ssl=1\" alt=\"\" width=\"30\" height=\"30\" \/><\/td>\n<td><b><strong>Velikost: <\/strong><\/b>4 - 7 mm <b><strong>Barva: <\/strong><\/b>karm\u00ednov\u00e1 (tmav\u011b \u010derven\u00e1) a\u017e hn\u011bdooran\u017eov\u00e1<\/td>\n<\/tr>\n<tr>\n<td><strong>Voj\u00e1k:<\/strong><\/td>\n<td><img data-recalc-dims=\"1\" loading=\"lazy\" decoding=\"async\" src=\"https:\/\/i0.wp.com\/www.antstore.net\/shop\/images\/icons\/ants\/soldaten.jpg?resize=30%2C30&#038;ssl=1\" alt=\"\" width=\"30\" height=\"30\" \/><\/td>\n<td>nen\u00ed p\u0159\u00edtomen<\/td>\n<\/tr>\n<tr>\n<td><strong>Mu\u017ei:<\/strong><\/td>\n<td><img data-recalc-dims=\"1\" loading=\"lazy\" decoding=\"async\" src=\"https:\/\/i0.wp.com\/www.antstore.net\/shop\/images\/icons\/ants\/maennchen.jpg?resize=30%2C30&#038;ssl=1\" alt=\"\" width=\"30\" height=\"30\" \/><\/td>\n<td><strong>Velikost:<\/strong>\u00a04 - 6 mm<strong>\u00a0Barva:<\/strong>\u00a0\u010dern\u00e1 , \u0161t\u00edhl\u00e1<\/td>\n<\/tr>\n<tr>\n<td><strong>J\u00eddlo:<\/strong><\/td>\n<td><img data-recalc-dims=\"1\" loading=\"lazy\" decoding=\"async\" src=\"https:\/\/i0.wp.com\/www.antstore.net\/shop\/images\/icons\/ants\/nahrung.jpg?resize=30%2C30&#038;ssl=1\" alt=\"\" width=\"30\" height=\"30\" \/><\/td>\n<td>Medov\u00e1 voda a hmyz, nap\u0159. dvouk\u0159\u00eddl\u00ed, jako jsou mouchy nebo kom\u00e1\u0159i.<\/td>\n<\/tr>\n<tr>\n<td><strong>Vlhkost:<\/strong><\/td>\n<td><strong><img data-recalc-dims=\"1\" loading=\"lazy\" decoding=\"async\" src=\"https:\/\/i0.wp.com\/www.antstore.net\/shop\/images\/icons\/ants\/feuchtigkeit.jpg?resize=30%2C30&#038;ssl=1\" alt=\"\" width=\"30\" height=\"30\" \/><\/strong><\/td>\n<td><b><strong>Ar\u00e9na: <\/strong><\/b>30 &#8211; 50% <b><strong>Nestpart: <\/strong><\/b>50 &#8211; 70%<\/td>\n<\/tr>\n<tr>\n<td><strong>Teplota:<\/strong><\/td>\n<td><strong><img data-recalc-dims=\"1\" loading=\"lazy\" decoding=\"async\" src=\"https:\/\/i0.wp.com\/www.antstore.net\/shop\/images\/icons\/ants\/temperatur.jpg?resize=30%2C30&#038;ssl=1\" alt=\"\" width=\"30\" height=\"30\" \/><\/strong><\/td>\n<td><b><strong>Ar\u00e9na: <\/strong><\/b>18 - 28\u00b0C <b><strong>Nestpart:<\/strong><\/b>\u00a021 - 24\u00b0C<\/td>\n<\/tr>\n<tr>\n<td><strong>Hibernace:<\/strong><\/td>\n<td><img data-recalc-dims=\"1\" loading=\"lazy\" decoding=\"async\" src=\"https:\/\/i0.wp.com\/www.antstore.net\/shop\/images\/icons\/ants\/winterruhe.jpg?resize=30%2C30&#038;ssl=1\" alt=\"\" width=\"30\" height=\"30\" \/><\/td>\n<td>ano, od konce \u0159\u00edjna do konce b\u0159ezna p\u0159i 5 - 8 \u00b0C<\/td>\n<\/tr>\n<tr>\n<td><strong>Typ hn\u00edzda:<\/strong><\/td>\n<td><\/td>\n<td>Hn\u00edzd\u00ed v p\u016fd\u011b, ve ztrouchniv\u011bl\u00e9m d\u0159ev\u011b a pod kameny nebo v mechu.<\/td>\n<\/tr>\n<tr>\n<td><strong>Typ Formicarium:<\/strong><\/td>\n<td><img data-recalc-dims=\"1\" loading=\"lazy\" decoding=\"async\" src=\"https:\/\/i0.wp.com\/www.antstore.net\/shop\/images\/icons\/ants\/formicarienart.jpg?resize=30%2C30&#038;ssl=1\" alt=\"\" width=\"30\" height=\"30\" \/><\/td>\n<td>Farm\u00e1\u0159sk\u00e9, Farmbasin, Basin, Framebasin, Island, Akrylcylinder, Ytong\/Plaster, Digfix<\/td>\n<\/tr>\n<tr>\n<td><strong>Velikost formik\u00e1ria:<\/strong><\/td>\n<td><strong><img data-recalc-dims=\"1\" loading=\"lazy\" decoding=\"async\" src=\"https:\/\/i0.wp.com\/www.antstore.net\/shop\/images\/icons\/ants\/formicariengroesse.jpg?resize=30%2C30&#038;ssl=1\" alt=\"\" width=\"30\" height=\"30\" \/><\/strong><\/td>\n<td><b> <strong>Velikost:<\/strong>\u00a0<strong>\u00a0S - M<\/strong><\/b><\/td>\n<\/tr>\n<tr>\n<td><strong>Substr\u00e1t:<\/strong><\/td>\n<td><strong><img data-recalc-dims=\"1\" loading=\"lazy\" decoding=\"async\" src=\"https:\/\/i0.wp.com\/www.antstore.net\/shop\/images\/icons\/ants\/substrat.jpg?resize=30%2C30&#038;ssl=1\" alt=\"\" width=\"30\" height=\"30\" \/><\/strong><\/td>\n<td><b><strong>Farma: <\/strong><\/b>P\u00edsek a p\u011bna <b><strong>Ar\u00e9na: <\/strong><\/b>P\u00edsek, p\u00eds\u010dit\u00e1 hl\u00edna, d\u0159evo<\/td>\n<\/tr>\n<tr>\n<td><strong>V\u00fdsadba:<\/strong><\/td>\n<td><img data-recalc-dims=\"1\" loading=\"lazy\" decoding=\"async\" src=\"https:\/\/i0.wp.com\/www.antstore.net\/shop\/images\/icons\/ants\/bepflanzung.jpg?resize=30%2C30&#038;ssl=1\" alt=\"\" width=\"30\" height=\"30\" \/><\/td>\n<td>podobn\u011b jako u lesn\u00edch ploch s mechem, tr\u00e1vou a dal\u0161\u00edmi rostlinami.<\/td>\n<\/tr>\n<tr>\n<td><strong>Dekorace:<\/strong><\/td>\n<td><img data-recalc-dims=\"1\" loading=\"lazy\" decoding=\"async\" src=\"https:\/\/i0.wp.com\/www.antstore.net\/shop\/images\/icons\/ants\/dekoration.jpg?resize=30%2C30&#038;ssl=1\" alt=\"\" width=\"30\" height=\"30\" \/><\/td>\n<td>V\u011btve, ko\u0159eny, stromy,<\/td>\n<\/tr>\n<tr>\n<td><strong>Popis:<\/strong><\/td>\n<td><img data-recalc-dims=\"1\" loading=\"lazy\" decoding=\"async\" src=\"https:\/\/i0.wp.com\/www.antstore.net\/shop\/images\/icons\/ants\/beschreibung.jpg?resize=30%2C30&#038;ssl=1\" alt=\"\" width=\"30\" height=\"30\" \/><\/td>\n<td>Kolonie je odoln\u00e1, dob\u0159e opevn\u011bn\u00e1, aktivn\u00ed a trochu agresivn\u00ed, nen\u00e1ro\u010dn\u00e1 na \u00fadr\u017ebu. Mohou v\u00e1s p\u00edchnout, kdy\u017e se c\u00edt\u00ed pod tlakem (podobn\u011b jako kop\u0159ivy).<\/td>\n<\/tr>\n<tr>\n<td><strong>V\u00fdvoj:<\/strong><\/td>\n<td><strong><img data-recalc-dims=\"1\" loading=\"lazy\" decoding=\"async\" src=\"https:\/\/i0.wp.com\/www.antstore.net\/shop\/images\/icons\/ants\/entwicklung.jpg?resize=30%2C30&#038;ssl=1\" alt=\"\" width=\"30\" height=\"30\" \/><\/strong><\/td>\n<td><strong>Svatebn\u00ed let:\u00a0 <\/strong>v tepl\u00fdch dnech od srpna do z\u00e1\u0159\u00ed mezi 15:00h a 22:00h<br \/>\n<strong>Nadace:\u00a0 <\/strong>semiklaustr\u00e1ln\u00ed (kr\u00e1lovna sb\u00edr\u00e1 potravu) nebo adopc\u00ed z vaj\u00ed\u010dka na dosp\u011blou d\u011blnici cca 6 t\u00fddn\u016f (v z\u00e1vislosti na teplot\u011b).<br \/>\n<strong>Velikost kolonie: <\/strong>n\u011bkolik 1000 osob<\/td>\n<\/tr>\n<tr>\n<td><strong>Mno\u017estv\u00ed:<\/strong><\/td>\n<td><img data-recalc-dims=\"1\" loading=\"lazy\" decoding=\"async\" src=\"https:\/\/i0.wp.com\/www.antstore.net\/shop\/images\/icons\/ants\/menge.jpg?resize=30%2C30&#038;ssl=1\" alt=\"\" width=\"30\" height=\"30\" \/><\/td>\n<td>jedna oplozen\u00e1 matka s d\u011blnicemi (viz v\u00fdb\u011br); l\u00edhe\u0148 (v z\u00e1vislosti na ro\u010dn\u00edm obdob\u00ed a v\u00fdvoji).<\/td>\n<\/tr>\n<tr>\n<td><strong>Webov\u00e9 odkazy:<\/strong><\/td>\n<td><a href=\"http:\/\/www.antstore.net\/viewforum.php?f=9\"><span style=\"color: #0000ff;\"><img data-recalc-dims=\"1\" loading=\"lazy\" decoding=\"async\" src=\"https:\/\/i0.wp.com\/www.antstore.net\/shop\/images\/icons\/ants\/weblinks.jpg?resize=30%2C30&#038;ssl=1\" alt=\"\" width=\"30\" height=\"30\" \/><\/span><\/a><\/td>\n<td><a href=\"http:\/\/www.antstore.net\/viewforum.php?f=124\"><span style=\"color: #0000ff;\">- F\u00f3rum<\/span><\/a><\/p>\n<p><span style=\"color: #0000ff;\"><a href=\"http:\/\/www.antweb.org\/description.do?name=mimicus&amp;genus=myrmecocystus&amp;rank=species&amp;project=bajaants\">- Odkaz na zdroj<\/a><\/span><\/td>\n<\/tr>\n<\/tbody>\n<\/table>\n<p>&nbsp;<\/p>","protected":false},"excerpt":{"rendered":"<p>Udr\u017eov\u00e1n\u00ed \u00farovn\u011b 1<br \/>\nVelikost:<span style=\"color: #000000;\"> <strong>S <\/strong><strong>&#8211;<\/strong>\u00a0<strong><span style=\"color: #339966;\">M<\/span><\/strong><\/span><\/p>","protected":false},"featured_media":3318,"comment_status":"open","ping_status":"closed","template":"","meta":{"_acf_changed":false,"content-type":"","_monsterinsights_skip_tracking":false,"_monsterinsights_sitenote_active":false,"_monsterinsights_sitenote_note":"","_monsterinsights_sitenote_category":0},"product_brand":[],"product_cat":[107,112,108,109],"product_tag":[],"class_list":{"0":"post-3276","1":"product","2":"type-product","3":"status-publish","4":"has-post-thumbnail","6":"product_cat-ants","7":"product_cat-asia","8":"product_cat-northern-europe","9":"product_cat-southern-europe","11":"first","12":"instock","13":"product-type-external"},"acf":[],"aioseo_notices":[],"jetpack_sharing_enabled":true,"_links":{"self":[{"href":"https:\/\/antcube.shop\/cs\/wp-json\/wp\/v2\/product\/3276","targetHints":{"allow":["GET"]}}],"collection":[{"href":"https:\/\/antcube.shop\/cs\/wp-json\/wp\/v2\/product"}],"about":[{"href":"https:\/\/antcube.shop\/cs\/wp-json\/wp\/v2\/types\/product"}],"replies":[{"embeddable":true,"href":"https:\/\/antcube.shop\/cs\/wp-json\/wp\/v2\/comments?post=3276"}],"wp:featuredmedia":[{"embeddable":true,"href":"https:\/\/antcube.shop\/cs\/wp-json\/wp\/v2\/media\/3318"}],"wp:attachment":[{"href":"https:\/\/antcube.shop\/cs\/wp-json\/wp\/v2\/media?parent=3276"}],"wp:term":[{"taxonomy":"product_brand","embeddable":true,"href":"https:\/\/antcube.shop\/cs\/wp-json\/wp\/v2\/product_brand?post=3276"},{"taxonomy":"product_cat","embeddable":true,"href":"https:\/\/antcube.shop\/cs\/wp-json\/wp\/v2\/product_cat?post=3276"},{"taxonomy":"product_tag","embeddable":true,"href":"https:\/\/antcube.shop\/cs\/wp-json\/wp\/v2\/product_tag?post=3276"}],"curies":[{"name":"wp","href":"https:\/\/api.w.org\/{rel}","templated":true}]}}