{"id":3169,"date":"2021-11-08T10:47:59","date_gmt":"2021-11-08T09:47:59","guid":{"rendered":"https:\/\/antcube.shop\/produkt\/fuhrungsleisten-l-20-2-st\/"},"modified":"2026-04-20T09:57:27","modified_gmt":"2026-04-20T07:57:27","slug":"fuhrungsleisten-l-20-2-st-2","status":"publish","type":"product","link":"https:\/\/antcube.shop\/cs\/produkt\/fuhrungsleisten-l-20-2-st-2\/","title":{"rendered":"Vodic\u00ed li\u0161ty L 20 - 2 ks."},"content":{"rendered":"<p><strong>Rozm\u011bry:<\/strong> 4x20x160 mm<\/p>\n<p><strong>Obsah:<\/strong> 2x vodic\u00ed li\u0161ta<\/p>\n<p><strong>Materi\u00e1l:<\/strong> PMMA<\/p>\n<p><strong>Barva:<\/strong> \u010dir\u00fd, pr\u016fhledn\u00fd<\/p>\n<p><strong>Popis:<\/strong> Vodic\u00ed li\u0161ty umo\u017e\u0148uj\u00ed p\u0159esn\u00e9 zasunut\u00ed hn\u00edzdn\u00edch vlo\u017eek \/ hn\u00edzdn\u00edch desek do kombi ar\u00e9n nebo st\u011bnov\u00fdch farem o \u0161\u00ed\u0159ce hn\u00edzda L nebo 20 mm.<\/p>","protected":false},"excerpt":{"rendered":"<p>Pro korkov\u00e9 a s\u00e1drokartonov\u00e9 hn\u00edzdo p\u0159i um\u00edst\u011bn\u00ed do kombinovan\u00e9ho za\u0159\u00edzen\u00ed ANTCUBE<\/p>","protected":false},"featured_media":2994,"comment_status":"open","ping_status":"closed","template":"","meta":{"_acf_changed":false,"content-type":"","_monsterinsights_skip_tracking":false,"_monsterinsights_sitenote_active":false,"_monsterinsights_sitenote_note":"","_monsterinsights_sitenote_category":0},"product_brand":[],"product_cat":[119,239],"product_tag":[],"class_list":{"0":"post-3169","1":"product","2":"type-product","3":"status-publish","4":"has-post-thumbnail","6":"product_cat-formicarium-components","7":"product_cat-useful-additions","9":"first","10":"instock","11":"taxable","12":"shipping-taxable","13":"purchasable","14":"product-type-simple"},"acf":[],"aioseo_notices":[],"jetpack_sharing_enabled":true,"_links":{"self":[{"href":"https:\/\/antcube.shop\/cs\/wp-json\/wp\/v2\/product\/3169","targetHints":{"allow":["GET"]}}],"collection":[{"href":"https:\/\/antcube.shop\/cs\/wp-json\/wp\/v2\/product"}],"about":[{"href":"https:\/\/antcube.shop\/cs\/wp-json\/wp\/v2\/types\/product"}],"replies":[{"embeddable":true,"href":"https:\/\/antcube.shop\/cs\/wp-json\/wp\/v2\/comments?post=3169"}],"wp:featuredmedia":[{"embeddable":true,"href":"https:\/\/antcube.shop\/cs\/wp-json\/wp\/v2\/media\/2994"}],"wp:attachment":[{"href":"https:\/\/antcube.shop\/cs\/wp-json\/wp\/v2\/media?parent=3169"}],"wp:term":[{"taxonomy":"product_brand","embeddable":true,"href":"https:\/\/antcube.shop\/cs\/wp-json\/wp\/v2\/product_brand?post=3169"},{"taxonomy":"product_cat","embeddable":true,"href":"https:\/\/antcube.shop\/cs\/wp-json\/wp\/v2\/product_cat?post=3169"},{"taxonomy":"product_tag","embeddable":true,"href":"https:\/\/antcube.shop\/cs\/wp-json\/wp\/v2\/product_tag?post=3169"}],"curies":[{"name":"wp","href":"https:\/\/api.w.org\/{rel}","templated":true}]}}