{"id":3167,"date":"2021-11-08T10:47:42","date_gmt":"2021-11-08T09:47:42","guid":{"rendered":"https:\/\/antcube.shop\/produkt\/glaswanne-40x20\/"},"modified":"2026-04-01T09:55:46","modified_gmt":"2026-04-01T07:55:46","slug":"glaswanne-40x20","status":"publish","type":"product","link":"https:\/\/antcube.shop\/cs\/produkt\/glaswanne-40x20\/","title":{"rendered":"Sklen\u011bn\u00e1 vana 40\u00d720"},"content":{"rendered":"<p><strong>Rozm\u011bry:<\/strong> 42 x 22 x 2 cm<br \/>\n<strong>Vnit\u0159n\u00ed rozm\u011bry:<\/strong> 41 x 21 x 1,6 cm<\/p>\n<p><strong>Obsah:<\/strong><br \/>\n1x vana 42x22x2 cm ze 4mm plaven\u00e9ho skla.<\/p>\n<p><strong>Popis:<\/strong><br \/>\nSklen\u011bn\u00e1 vana nem\u00e1 \u017e\u00e1dn\u00e9 otvory, je vodot\u011bsn\u011b lepen\u00e1, a proto ji lze plnit i vodou. Byla navr\u017eena pro na\u0161e hn\u00edzda Ytong pro mravence. Ta lze snadno zal\u00e9vat a p\u0159emis\u0165ovat, ani\u017e by se voda dostala na podkladovou plochu (st\u016fl, sk\u0159\u00ed\u0148 apod.) nebo ani\u017e by drsn\u00fd Ytong po\u0161kr\u00e1bal podkladov\u00e9 plochy. Voliteln\u011b lze r\u016fzn\u00e1 hn\u00edzda um\u00edstit centr\u00e1ln\u011b jako ostr\u016fvek.<\/p>\n<p>&nbsp;<\/p>","protected":false},"excerpt":{"rendered":"<p>Sklen\u011bn\u00e1 vana pro na\u0161e hn\u00edzdo Ytong s ar\u00e9nou 40\u00d720<\/p>","protected":false},"featured_media":3007,"comment_status":"open","ping_status":"closed","template":"","meta":{"_acf_changed":false,"content-type":"","_monsterinsights_skip_tracking":false,"_monsterinsights_sitenote_active":false,"_monsterinsights_sitenote_note":"","_monsterinsights_sitenote_category":0},"product_brand":[],"product_cat":[119,239],"product_tag":[],"class_list":{"0":"post-3167","1":"product","2":"type-product","3":"status-publish","4":"has-post-thumbnail","6":"product_cat-formicarium-components","7":"product_cat-useful-additions","9":"first","10":"instock","11":"taxable","12":"shipping-taxable","13":"purchasable","14":"product-type-simple"},"acf":[],"aioseo_notices":[],"jetpack_sharing_enabled":true,"_links":{"self":[{"href":"https:\/\/antcube.shop\/cs\/wp-json\/wp\/v2\/product\/3167","targetHints":{"allow":["GET"]}}],"collection":[{"href":"https:\/\/antcube.shop\/cs\/wp-json\/wp\/v2\/product"}],"about":[{"href":"https:\/\/antcube.shop\/cs\/wp-json\/wp\/v2\/types\/product"}],"replies":[{"embeddable":true,"href":"https:\/\/antcube.shop\/cs\/wp-json\/wp\/v2\/comments?post=3167"}],"wp:featuredmedia":[{"embeddable":true,"href":"https:\/\/antcube.shop\/cs\/wp-json\/wp\/v2\/media\/3007"}],"wp:attachment":[{"href":"https:\/\/antcube.shop\/cs\/wp-json\/wp\/v2\/media?parent=3167"}],"wp:term":[{"taxonomy":"product_brand","embeddable":true,"href":"https:\/\/antcube.shop\/cs\/wp-json\/wp\/v2\/product_brand?post=3167"},{"taxonomy":"product_cat","embeddable":true,"href":"https:\/\/antcube.shop\/cs\/wp-json\/wp\/v2\/product_cat?post=3167"},{"taxonomy":"product_tag","embeddable":true,"href":"https:\/\/antcube.shop\/cs\/wp-json\/wp\/v2\/product_tag?post=3167"}],"curies":[{"name":"wp","href":"https:\/\/api.w.org\/{rel}","templated":true}]}}