{"id":3164,"date":"2021-11-08T10:47:18","date_gmt":"2021-11-08T09:47:18","guid":{"rendered":"https:\/\/antcube.shop\/produkt\/fotoruckwand-regenwald-20x20-cube\/"},"modified":"2026-04-04T12:46:28","modified_gmt":"2026-04-04T10:46:28","slug":"fotoruckwand-regenwald-20x20-cube","status":"publish","type":"product","link":"https:\/\/antcube.shop\/cs\/produkt\/fotoruckwand-regenwald-20x20-cube\/","title":{"rendered":"Zadn\u00ed st\u011bna fotografie - De\u0161tn\u00fd prales - 20\u00d720"},"content":{"rendered":"<p><strong>Rozm\u011bry:<\/strong> 20x20 cm<\/p>\n<p><strong>Materi\u00e1l:<\/strong> Leskl\u00fd f\u00f3liov\u00fd pap\u00edr<\/p>\n<p><strong>Obsah:<\/strong> 1x zadn\u00ed st\u011bna pro fotografie<\/p>\n<p><strong>Popis:<\/strong> Tato zadn\u00ed st\u011bna s fotografi\u00ed je nalepena na zadn\u00ed stranu formik\u00e1ria zven\u010d\u00ed, aby vytv\u00e1\u0159ela dojem prost\u0159ed\u00ed, kter\u00e9 odpov\u00edd\u00e1 p\u0159irozen\u00e9mu prost\u0159ed\u00ed mravenc\u016f.<\/p>","protected":false},"excerpt":{"rendered":"<p>Rozm\u011bry: Rozm\u011bry: 20x20 cm\r\n\r\nMateri\u00e1l: Materi\u00e1l: leskl\u00fd f\u00f3liov\u00fd pap\u00edr\r\n\r\nObsah: Obsahuje: 1x zadn\u00ed st\u011bna s fotografi\u00ed\r\n\r\n Tato zadn\u00ed st\u011bna s fotkami je nalepena na zadn\u00ed stranu formik\u00e1ria z vn\u011bj\u0161\u00ed strany, aby vytv\u00e1\u0159ela dojem prost\u0159ed\u00ed, kter\u00e9 odpov\u00edd\u00e1 p\u0159irozen\u00e9mu prost\u0159ed\u00ed mravenc\u016f.<\/p>","protected":false},"featured_media":3133,"comment_status":"open","ping_status":"closed","template":"","meta":{"_acf_changed":false,"content-type":"","_monsterinsights_skip_tracking":false,"_monsterinsights_sitenote_active":false,"_monsterinsights_sitenote_note":"","_monsterinsights_sitenote_category":0},"product_brand":[],"product_cat":[97,106],"product_tag":[],"class_list":{"0":"post-3164","1":"product","2":"type-product","3":"status-publish","4":"has-post-thumbnail","6":"product_cat-photo-backwalls","7":"product_cat-rainforest-photo-backwall","9":"first","10":"instock","11":"taxable","12":"shipping-taxable","13":"purchasable","14":"product-type-simple"},"acf":[],"aioseo_notices":[],"jetpack_sharing_enabled":true,"_links":{"self":[{"href":"https:\/\/antcube.shop\/cs\/wp-json\/wp\/v2\/product\/3164","targetHints":{"allow":["GET"]}}],"collection":[{"href":"https:\/\/antcube.shop\/cs\/wp-json\/wp\/v2\/product"}],"about":[{"href":"https:\/\/antcube.shop\/cs\/wp-json\/wp\/v2\/types\/product"}],"replies":[{"embeddable":true,"href":"https:\/\/antcube.shop\/cs\/wp-json\/wp\/v2\/comments?post=3164"}],"wp:featuredmedia":[{"embeddable":true,"href":"https:\/\/antcube.shop\/cs\/wp-json\/wp\/v2\/media\/3133"}],"wp:attachment":[{"href":"https:\/\/antcube.shop\/cs\/wp-json\/wp\/v2\/media?parent=3164"}],"wp:term":[{"taxonomy":"product_brand","embeddable":true,"href":"https:\/\/antcube.shop\/cs\/wp-json\/wp\/v2\/product_brand?post=3164"},{"taxonomy":"product_cat","embeddable":true,"href":"https:\/\/antcube.shop\/cs\/wp-json\/wp\/v2\/product_cat?post=3164"},{"taxonomy":"product_tag","embeddable":true,"href":"https:\/\/antcube.shop\/cs\/wp-json\/wp\/v2\/product_tag?post=3164"}],"curies":[{"name":"wp","href":"https:\/\/api.w.org\/{rel}","templated":true}]}}