{"id":3162,"date":"2021-11-08T10:46:52","date_gmt":"2021-11-08T09:46:52","guid":{"rendered":"https:\/\/antcube.shop\/produkt\/antcube-eck-plattform-8x8-magnet\/"},"modified":"2026-04-08T12:27:21","modified_gmt":"2026-04-08T10:27:21","slug":"antcube-eck-plattform-8x8-magnet-2","status":"publish","type":"product","link":"https:\/\/antcube.shop\/cs\/produkt\/antcube-eck-plattform-8x8-magnet-2\/","title":{"rendered":"Rohov\u00e1 plo\u0161ina ANTCUBE 8\u00d78 - magnetick\u00e1"},"content":{"rendered":"<p><strong>Rozm\u011bry:<\/strong> 80 x 80 x 22 mm<\/p>\n<p><strong>Materi\u00e1l:<\/strong> akrylov\u00e9 sklo<\/p>\n<p><strong>Barva:<\/strong> transparentn\u00ed<\/p>\n<p><strong>Obsah:<\/strong> 1 ks. (3 d\u00edly)<\/p>\n<p><strong>Popis:<\/strong><br \/>\nRohovou plo\u0161inu ANTCUBE 8\u00d78 - magnetickou lze pomoc\u00ed magnet\u016f upevnit v jak\u00e9mkoli formik\u00e1riu. Je vhodn\u00e1 zejm\u00e9na v na\u0161ich vy\u0161\u0161\u00edch formik\u00e1ri\u00edch ANTCUBE, abyste na ni mohli um\u00edstit krm\u00edtka, misky nebo nap\u00e1je\u010dky.<br \/>\nRohovou plo\u0161inu ANTCUBE 8\u00d78 - magnetickou lze pomoc\u00ed magnet\u016f zven\u010d\u00ed p\u0159em\u00edstit do po\u017eadovan\u00e9 v\u00fd\u0161ky nebo hloubky.<\/p>\n<p><strong>Upozorn\u011bn\u00ed:<\/strong><br \/>\nVzhledem k v\u00fdrobn\u00edmu procesu se na \u010d\u00e1stech magnetu mohou vyskytovat m\u00edrn\u00e9 a\u017e st\u0159edn\u00ed praskliny.<\/p>\n<p>&nbsp;<\/p>","protected":false},"excerpt":{"rendered":"<p>Rozm\u011bry: Materi\u00e1l: akryl\u00e1tov\u00e9 sklo Barva: pr\u016fhledn\u00e1 Obsah: 80 x 80 x 22 mm: (3 d\u00edly) Popis: 1 ks (3 d\u00edly): ANTCUBE rohov\u00e1 plo\u0161ina 8x8 - magnetick\u00e1 lze pomoc\u00ed magnet\u016f upevnit v jak\u00e9mkoli formik\u00e1riu. Je vhodn\u00e1 zejm\u00e9na do na\u0161ich vy\u0161\u0161\u00edch formik\u00e1ri\u00ed ANTCUBE, abyste na ni mohli um\u00edstit krm\u00edtka, misky nebo nap\u00e1je\u010dky. Na","protected":false},"featured_media":3140,"comment_status":"open","ping_status":"closed","template":"","meta":{"_acf_changed":false,"content-type":"","_monsterinsights_skip_tracking":false,"_monsterinsights_sitenote_active":false,"_monsterinsights_sitenote_note":"","_monsterinsights_sitenote_category":0},"product_brand":[],"product_cat":[119,239],"product_tag":[],"class_list":{"0":"post-3162","1":"product","2":"type-product","3":"status-publish","4":"has-post-thumbnail","6":"product_cat-formicarium-components","7":"product_cat-useful-additions","9":"first","10":"instock","11":"taxable","12":"shipping-taxable","13":"purchasable","14":"product-type-simple"},"acf":[],"aioseo_notices":[],"jetpack_sharing_enabled":true,"_links":{"self":[{"href":"https:\/\/antcube.shop\/cs\/wp-json\/wp\/v2\/product\/3162","targetHints":{"allow":["GET"]}}],"collection":[{"href":"https:\/\/antcube.shop\/cs\/wp-json\/wp\/v2\/product"}],"about":[{"href":"https:\/\/antcube.shop\/cs\/wp-json\/wp\/v2\/types\/product"}],"replies":[{"embeddable":true,"href":"https:\/\/antcube.shop\/cs\/wp-json\/wp\/v2\/comments?post=3162"}],"wp:featuredmedia":[{"embeddable":true,"href":"https:\/\/antcube.shop\/cs\/wp-json\/wp\/v2\/media\/3140"}],"wp:attachment":[{"href":"https:\/\/antcube.shop\/cs\/wp-json\/wp\/v2\/media?parent=3162"}],"wp:term":[{"taxonomy":"product_brand","embeddable":true,"href":"https:\/\/antcube.shop\/cs\/wp-json\/wp\/v2\/product_brand?post=3162"},{"taxonomy":"product_cat","embeddable":true,"href":"https:\/\/antcube.shop\/cs\/wp-json\/wp\/v2\/product_cat?post=3162"},{"taxonomy":"product_tag","embeddable":true,"href":"https:\/\/antcube.shop\/cs\/wp-json\/wp\/v2\/product_tag?post=3162"}],"curies":[{"name":"wp","href":"https:\/\/api.w.org\/{rel}","templated":true}]}}