{"id":3161,"date":"2021-11-08T10:46:44","date_gmt":"2021-11-08T09:46:44","guid":{"rendered":"https:\/\/antcube.shop\/produkt\/malvenbluten-100g-getrocknet\/"},"modified":"2026-04-02T17:28:49","modified_gmt":"2026-04-02T15:28:49","slug":"malvenbluten-100g-getrocknet","status":"publish","type":"product","link":"https:\/\/antcube.shop\/cs\/produkt\/malvenbluten-100g-getrocknet\/","title":{"rendered":"Sl\u00e9zov\u00e9 kv\u011bty 100g - su\u0161en\u00e9"},"content":{"rendered":"<p><strong>Obsah:<\/strong><br \/>\n100 g su\u0161en\u00fdch kv\u011bt\u016f sl\u00e9zu<\/p>\n<p><strong>Popis:<\/strong><br \/>\nSl\u00e9zov\u00e9 kv\u011bty jako \u017eivn\u00e1 p\u016fda pro houby rozmno\u017euj\u00edc\u00ed se druhy mravenc\u016f. Jedn\u00e1 se o \u010dist\u011b p\u0159\u00edrodn\u00ed produkt.<\/p>\n<p><strong>Pou\u017eit\u00ed:<\/strong><br \/>\nKv\u011bty sl\u00e9zu = pro houby rozmno\u017euj\u00edc\u00ed se druhy mravenc\u016f.<br \/>\nSuch\u00e9 okv\u011btn\u00ed l\u00edstky slou\u017e\u00ed pouze jako \u017eivn\u00e1 p\u016fda pro houby listonoh\u016f (doporu\u010duje se sou\u010dasn\u011b nab\u00eddnout \u010derstv\u00e9 listy jako zvlh\u010dova\u010d).<br \/>\nKv\u011btiny ur\u010den\u00e9 ke krmen\u00ed jednodu\u0161e vlo\u017ete do komory se such\u00fdm krmivem.<\/p>\n<p><strong>Skladov\u00e1n\u00ed:<\/strong><br \/>\nV such\u00e9m prost\u0159ed\u00ed<\/p>\n<p><strong>Obsahuje:<\/strong><br \/>\n100% su\u0161en\u00e9 kv\u011bty sl\u00e9zu<\/p>","protected":false},"excerpt":{"rendered":"<p>Obsah: Slo\u017een\u00ed: 100 g su\u0161en\u00fdch kv\u011bt\u016f sl\u00e9zu Popis: Sl\u00e9zov\u00e9 kv\u011bty jako \u017eivn\u00e1 p\u016fda pro houbovit\u00e9 druhy mravenc\u016f. Jedn\u00e1 se o \u010dist\u011b p\u0159\u00edrodn\u00ed produkt. Pou\u017eit\u00ed: Sl\u00e9zov\u00e9 kv\u011bty = pro houby rozmno\u017euj\u00edc\u00ed druhy mravenc\u016f. Such\u00e9 kv\u011bty slou\u017e\u00ed pouze jako \u017eivn\u00e1 p\u016fda pro houby mravenc\u016f listonoh\u016f (nab\u00edzej\u00ed \u010derstv\u00e9 listy jako zvlh\u010duj\u00edc\u00ed prost\u0159edek p\u0159i sou\u010dasn\u00e9m [...].","protected":false},"featured_media":5483,"comment_status":"open","ping_status":"closed","template":"","meta":{"_acf_changed":false,"content-type":"","_monsterinsights_skip_tracking":false,"_monsterinsights_sitenote_active":false,"_monsterinsights_sitenote_note":"","_monsterinsights_sitenote_category":0},"product_brand":[],"product_cat":[115,116],"product_tag":[],"class_list":{"0":"post-3161","1":"product","2":"type-product","3":"status-publish","4":"has-post-thumbnail","6":"product_cat-food-and-feeding","7":"product_cat-food","9":"first","10":"instock","11":"taxable","12":"shipping-taxable","13":"purchasable","14":"product-type-simple"},"acf":[],"aioseo_notices":[],"jetpack_sharing_enabled":true,"_links":{"self":[{"href":"https:\/\/antcube.shop\/cs\/wp-json\/wp\/v2\/product\/3161","targetHints":{"allow":["GET"]}}],"collection":[{"href":"https:\/\/antcube.shop\/cs\/wp-json\/wp\/v2\/product"}],"about":[{"href":"https:\/\/antcube.shop\/cs\/wp-json\/wp\/v2\/types\/product"}],"replies":[{"embeddable":true,"href":"https:\/\/antcube.shop\/cs\/wp-json\/wp\/v2\/comments?post=3161"}],"wp:featuredmedia":[{"embeddable":true,"href":"https:\/\/antcube.shop\/cs\/wp-json\/wp\/v2\/media\/5483"}],"wp:attachment":[{"href":"https:\/\/antcube.shop\/cs\/wp-json\/wp\/v2\/media?parent=3161"}],"wp:term":[{"taxonomy":"product_brand","embeddable":true,"href":"https:\/\/antcube.shop\/cs\/wp-json\/wp\/v2\/product_brand?post=3161"},{"taxonomy":"product_cat","embeddable":true,"href":"https:\/\/antcube.shop\/cs\/wp-json\/wp\/v2\/product_cat?post=3161"},{"taxonomy":"product_tag","embeddable":true,"href":"https:\/\/antcube.shop\/cs\/wp-json\/wp\/v2\/product_tag?post=3161"}],"curies":[{"name":"wp","href":"https:\/\/api.w.org\/{rel}","templated":true}]}}